{"id":17682,"date":"2022-12-22T13:52:42","date_gmt":"2022-12-22T13:52:42","guid":{"rendered":"https:\/\/factory.sale\/product\/quadra-tunnisaun-3m-2-ruumi\/"},"modified":"2026-03-23T00:57:57","modified_gmt":"2026-03-22T21:57:57","slug":"ulkosauna-3-m-4-hengelle-pukuhuoneineen","status":"publish","type":"product","link":"https:\/\/factory.sale\/fi\/tuote\/ulkosauna-3-m-4-hengelle-pukuhuoneineen\/","title":{"rendered":"&#8220;3m&#8221; S3P Tynnyrisauna 4-hl\u00f6 pukuhuoneella"},"content":{"rendered":"<div style=\"width: 960px;\" class=\"wp-video\"><!--[if lt IE 9]><script>document.createElement('video');<\/script><![endif]-->\n<video class=\"wp-video-shortcode\" id=\"video-17682-1\" width=\"960\" height=\"300\" autoplay preload=\"metadata\" controls=\"controls\"><source type=\"video\/mp4\" src=\"https:\/\/factory.sale\/wp-content\/uploads\/2023\/04\/Barrel-Saunas-960x300-1.mp4?_=1\" \/><a href=\"https:\/\/factory.sale\/wp-content\/uploads\/2023\/04\/Barrel-Saunas-960x300-1.mp4\">https:\/\/factory.sale\/wp-content\/uploads\/2023\/04\/Barrel-Saunas-960x300-1.mp4<\/a><\/video><\/div>\n<p>&nbsp;<\/p>\n<p>&nbsp;<\/p>\n<p>K\u00e4yt\u00e4nn\u00f6llinen ja viihtyis\u00e4 2 huoneen ulkosauna on ihanteellinen vaihtoehto perhesaunaksi.<br \/>\nT\u00e4t\u00e4 ulkosaunaa pukuhuoneineen voi t\u00e4ydent\u00e4\u00e4 sek\u00e4 puu- ett\u00e4 s\u00e4hk\u00f6kiuaslla.<br \/>\nPukuhuoneessa on penkkej\u00e4, joilla voit rentoutua h\u00f6yrysaunasta poistuttuasi ulkoilematta ja s\u00e4ilytt\u00e4\u00e4 kylpytarvikkeita.<br \/>\nUlkosaunaa on saatavilla sek\u00e4 koottuna ett\u00e4 kokoamattomana, ja se voidaan valmistaa my\u00f6s kuusesta tai l\u00e4mp\u00f6puusta.<br \/>\nSuosittelemme my\u00f6s t\u00e4ydent\u00e4m\u00e4\u00e4n t\u00e4t\u00e4 mallia muilla hy\u00f6dyllisill\u00e4 lis\u00e4varusteilla.<br \/>\nOstamalla t\u00e4m\u00e4n k\u00e4yt\u00e4nn\u00f6llisen ulkosaunan saat mukavuutta kohtuulliseen hintaan ja ihanteellisen lahjan perheesi terveydelle.<\/p>\n<p>&nbsp;<\/p>\n<p>&nbsp;<\/p>\n<p><strong>Perussarja sis\u00e4lt\u00e4\u00e4:<\/strong><\/p>\n<ul>\n<li>Kuusi (S3PE) tynnyri (paksuus 40 mm, \u00d82\/2.2 m, h = 2,1\/2,3 m &#8211; ilman savupiippua)<\/li>\n<li>Penkit l\u00e4mp\u00f6puusta<\/li>\n<li>Ruskea karkaistu lasiovi<\/li>\n<li>Bitumikatto<\/li>\n<li>Ruostumattomasta ter\u00e4ksest\u00e4 valmistetut renkaat &#8211; 3 kpl<\/li>\n<\/ul>\n<p>&nbsp;<\/p>\n<p>&nbsp;<\/p>\n<p><strong>Saatavana my\u00f6s halkaisijaltaan \u00d82,2m (hinnat ilman arvonlis\u00e4veroa):<\/strong><\/p>\n<ul>\n<li>Kuusi (22S3PE) &#8211; 2484 EUR<\/li>\n<li>L\u00e4mp\u00f6puu (22S3PT) &#8211; 3093,50 EUR<\/li>\n<\/ul>\n<p>&nbsp;<\/p>\n<p>&nbsp;<\/p>\n<p><strong>Katon v\u00e4rit:<\/strong><\/p>\n<p>Ruskea, musta, vihre\u00e4<\/p>\n<p><img loading=\"lazy\" decoding=\"async\" class=\"alignnone wp-image-90748\" src=\"https:\/\/factory.sale\/wp-content\/uploads\/2024\/09\/roof-colours-300x91.png\" alt=\"\" width=\"630\" height=\"191\" srcset=\"https:\/\/factory.sale\/wp-content\/uploads\/2024\/09\/roof-colours-300x91.png 300w, https:\/\/factory.sale\/wp-content\/uploads\/2024\/09\/roof-colours-1024x311.png 1024w, https:\/\/factory.sale\/wp-content\/uploads\/2024\/09\/roof-colours-150x46.png 150w, https:\/\/factory.sale\/wp-content\/uploads\/2024\/09\/roof-colours-600x182.png 600w, https:\/\/factory.sale\/wp-content\/uploads\/2024\/09\/roof-colours.png 1330w\" sizes=\"auto, (max-width: 630px) 100vw, 630px\" \/><\/p>\n<p>&nbsp;<\/p>\n<p>&nbsp;<\/p>\n<p>&nbsp;<\/p>\n<p><strong>* Saatavilla monia lis\u00e4varusteita ja tarvikkeita. L\u00e4het\u00e4 meille tiedustelu ja kysy lis\u00e4\u00e4!<\/strong><\/p>\n<p><strong>* L\u00e4mp\u00f6saunan (S3T) hinta \u2013 2829 EUR<\/strong><\/p>\n<p>&nbsp;<\/p>\n<p><b>Kuljetustiedot:<\/b><\/p>\n<p>17 m kuorma-auto ilman nostinta: toimitus vain 17 m kuorma-autolla (purkuv\u00e4lineet on j\u00e4rjestett\u00e4v\u00e4 etuk\u00e4teen), kysy lis\u00e4tietoja!<\/p>\n<p>&nbsp;<\/p>\n","protected":false},"excerpt":{"rendered":"<p>K\u00e4yt\u00e4nn\u00f6llinen ja viihtyis\u00e4 2 huoneen ulkosauna on ihanteellinen vaihtoehto perhesaunaksi. T\u00e4t\u00e4 ulkosaunaa pukuhuoneineen voi t\u00e4ydent\u00e4\u00e4 sek\u00e4 puu- ett\u00e4 s\u00e4hk\u00f6kiuaslla.<\/p>\n","protected":false},"featured_media":102461,"comment_status":"open","ping_status":"closed","template":"","meta":{"_acf_changed":false},"factory":[],"free-shipment":[],"product_brand":[],"product_cat":[1121,1644],"product_tag":[2105,2106,1612],"class_list":{"0":"post-17682","1":"product","2":"type-product","3":"status-publish","4":"has-post-thumbnail","6":"product_cat-saniteetti","7":"product_cat-tynnyrisauna","8":"product_tag-outdoor-sauna-fi","9":"product_tag-sauna-fi","10":"product_tag-spruce-fi","12":"first","13":"instock","14":"sale","15":"taxable","16":"shipping-taxable","17":"purchasable","18":"product-type-simple"},"acf":[],"_links":{"self":[{"href":"https:\/\/factory.sale\/fi\/wp-json\/wp\/v2\/product\/17682","targetHints":{"allow":["GET"]}}],"collection":[{"href":"https:\/\/factory.sale\/fi\/wp-json\/wp\/v2\/product"}],"about":[{"href":"https:\/\/factory.sale\/fi\/wp-json\/wp\/v2\/types\/product"}],"replies":[{"embeddable":true,"href":"https:\/\/factory.sale\/fi\/wp-json\/wp\/v2\/comments?post=17682"}],"wp:featuredmedia":[{"embeddable":true,"href":"https:\/\/factory.sale\/fi\/wp-json\/wp\/v2\/media\/102461"}],"wp:attachment":[{"href":"https:\/\/factory.sale\/fi\/wp-json\/wp\/v2\/media?parent=17682"}],"wp:term":[{"taxonomy":"factory","embeddable":true,"href":"https:\/\/factory.sale\/fi\/wp-json\/wp\/v2\/factory?post=17682"},{"taxonomy":"free-shipment","embeddable":true,"href":"https:\/\/factory.sale\/fi\/wp-json\/wp\/v2\/free-shipment?post=17682"},{"taxonomy":"product_brand","embeddable":true,"href":"https:\/\/factory.sale\/fi\/wp-json\/wp\/v2\/product_brand?post=17682"},{"taxonomy":"product_cat","embeddable":true,"href":"https:\/\/factory.sale\/fi\/wp-json\/wp\/v2\/product_cat?post=17682"},{"taxonomy":"product_tag","embeddable":true,"href":"https:\/\/factory.sale\/fi\/wp-json\/wp\/v2\/product_tag?post=17682"}],"curies":[{"name":"wp","href":"https:\/\/api.w.org\/{rel}","templated":true}]}}