{"id":17657,"date":"2025-10-12T13:11:30","date_gmt":"2022-12-22T13:11:30","guid":{"rendered":"https:\/\/factory.sale\/product\/tunnisaun-4m-2-ruumi\/"},"modified":"2026-03-22T22:16:45","modified_gmt":"2026-03-22T19:16:45","slug":"ulkosauna-4-m-8-hengelle-pukuhuoneineen","status":"publish","type":"product","link":"https:\/\/factory.sale\/fi\/tuote\/ulkosauna-4-m-8-hengelle-pukuhuoneineen\/","title":{"rendered":"&#8220;4m&#8221; S4P Tynnyrisauna 4m 8-hl\u00f6 pukuhuoneella"},"content":{"rendered":"<p><video style=\"max-width: 100%; height: auto; display: block;\" preload=\"auto\" loop=\"loop\" muted=\"\" controls=\"controls\" width=\"800\" height=\"750\"><source src=\"https:\/\/factory.sale\/wp-content\/uploads\/2023\/04\/Barrel-Saunas-960x300-1.mp4\" type=\"video\/mp4\" \/>Your browser does not support the video tag.<\/video><\/p>\n<p>Toimiva ja k\u00e4tev\u00e4 2 huoneen tynnyrisauna on erinomainen vaihtoehto isolle 8-10 hengen perheelle. T\u00e4t\u00e4 pihasaunaa pukuhuoneineen voi t\u00e4ydent\u00e4\u00e4 sek\u00e4 puu- ett\u00e4 s\u00e4hk\u00f6kiukaalla. Pukuhuoneessa on penkkej\u00e4, joilla voit rentoutua l\u00f6ylyhuoneesta poistuttuasi ulkoilematta ja s\u00e4ilytt\u00e4\u00e4 kylpytavaroitasi. Pihasauna on saatavilla sek\u00e4 kasattuna ett\u00e4 kokoamattomana. Se voidaan my\u00f6s valmistaa kuusesta tai l\u00e4mp\u00f6puusta. Suosittelemme t\u00e4ydent\u00e4m\u00e4\u00e4n t\u00e4t\u00e4 mallia muilla hy\u00f6dyllisill\u00e4 lis\u00e4varusteilla. Ostamalla t\u00e4m\u00e4n k\u00e4yt\u00e4nn\u00f6llisen pihasaunan pukuhuoneineen saat mukavuutta ja mukavuutta kohtuulliseen hintaan sek\u00e4 t\u00e4ydellisen lahjan perheesi terveydelle.<\/p>\n<p>&nbsp;<\/p>\n<p><strong>Perussarja sis\u00e4lt\u00e4\u00e4:<\/strong><\/p>\n<ul>\n<li>Kasaamaton kuusesta sauna<\/li>\n<li>Kuusi (S4PE) \/ L\u00e4mp\u00f6puu (S4PT) tynnyri (paksuus 40 mm, \u00d82 m, h = 2,1 m \u2013 ilman savupiippua)<\/li>\n<li>Lep\u00e4st\u00e4 penkit<\/li>\n<li>Ruskea karkaistu lasiovi<\/li>\n<li>Bitumikatto<\/li>\n<li>Ruostumattomasta ter\u00e4ksest\u00e4 valmistetut kiristysvanteet \u2013 4 kpl<\/li>\n<\/ul>\n<p>&nbsp;<\/p>\n<p>&nbsp;<\/p>\n<p><strong>Saatavana my\u00f6s halkaisijaltaan \u00d82,2m (hinnat ilman arvonlis\u00e4veroa):<\/strong><\/p>\n<ul>\n<li>Kuusi (22S4PE) &#8211; 2863,50 EUR<\/li>\n<li>L\u00e4mp\u00f6puu (22S4PT) &#8211; 3519 EUR<\/li>\n<\/ul>\n<p>&nbsp;<\/p>\n<p>&nbsp;<\/p>\n<p><strong>Katon v\u00e4rit:<\/strong><\/p>\n<p>Ruskea, musta, vihre\u00e4<\/p>\n<p><img loading=\"lazy\" decoding=\"async\" class=\"alignnone wp-image-90748\" src=\"https:\/\/factory.sale\/wp-content\/uploads\/2024\/09\/roof-colours-300x91.png\" alt=\"\" width=\"630\" height=\"191\" srcset=\"https:\/\/factory.sale\/wp-content\/uploads\/2024\/09\/roof-colours-300x91.png 300w, https:\/\/factory.sale\/wp-content\/uploads\/2024\/09\/roof-colours-1024x311.png 1024w, https:\/\/factory.sale\/wp-content\/uploads\/2024\/09\/roof-colours-150x46.png 150w, https:\/\/factory.sale\/wp-content\/uploads\/2024\/09\/roof-colours-600x182.png 600w, https:\/\/factory.sale\/wp-content\/uploads\/2024\/09\/roof-colours.png 1330w\" sizes=\"auto, (max-width: 630px) 100vw, 630px\" \/><\/p>\n<p>&nbsp;<\/p>\n<p>&nbsp;<\/p>\n<p>&nbsp;<\/p>\n<p>&nbsp;<\/p>\n<p><strong>* Saatavilla monia lis\u00e4tarvikkeita. L\u00e4het\u00e4 meille tarjouspyynt\u00f6 ja kysy lis\u00e4\u00e4!<\/strong><\/p>\n<p><strong>* L\u00e4mp\u00f6puusta (S4PT) tehdyn saunan hinta &#8211; 3220 EUR<\/strong><\/p>\n<p>&nbsp;<\/p>\n<p><b>Kuljetustiedot:<\/b><\/p>\n<p>17 m kuorma-auto ilman nostinta: toimitus vain 17 m kuorma-autolla (purkuv\u00e4lineet on j\u00e4rjestett\u00e4v\u00e4 etuk\u00e4teen), kysy lis\u00e4tietoja!<\/p>\n","protected":false},"excerpt":{"rendered":"<p>Tynnyrisauna tehty juuri sinulle. Valitse tuotteelle omat tarpeesi ja nauti henkil\u00f6kohtaisesta tynnyrisaunastasi kotona.<\/p>\n","protected":false},"featured_media":102566,"comment_status":"open","ping_status":"closed","template":"","meta":{"_acf_changed":false},"factory":[],"free-shipment":[],"product_brand":[],"product_cat":[1121,1644],"product_tag":[1651,2106,1612],"class_list":{"0":"post-17657","1":"product","2":"type-product","3":"status-publish","4":"has-post-thumbnail","6":"product_cat-saniteetti","7":"product_cat-tynnyrisauna","8":"product_tag-barrel-sauna-fi","9":"product_tag-sauna-fi","10":"product_tag-spruce-fi","12":"first","13":"instock","14":"sale","15":"taxable","16":"shipping-taxable","17":"purchasable","18":"product-type-simple"},"acf":[],"_links":{"self":[{"href":"https:\/\/factory.sale\/fi\/wp-json\/wp\/v2\/product\/17657","targetHints":{"allow":["GET"]}}],"collection":[{"href":"https:\/\/factory.sale\/fi\/wp-json\/wp\/v2\/product"}],"about":[{"href":"https:\/\/factory.sale\/fi\/wp-json\/wp\/v2\/types\/product"}],"replies":[{"embeddable":true,"href":"https:\/\/factory.sale\/fi\/wp-json\/wp\/v2\/comments?post=17657"}],"wp:featuredmedia":[{"embeddable":true,"href":"https:\/\/factory.sale\/fi\/wp-json\/wp\/v2\/media\/102566"}],"wp:attachment":[{"href":"https:\/\/factory.sale\/fi\/wp-json\/wp\/v2\/media?parent=17657"}],"wp:term":[{"taxonomy":"factory","embeddable":true,"href":"https:\/\/factory.sale\/fi\/wp-json\/wp\/v2\/factory?post=17657"},{"taxonomy":"free-shipment","embeddable":true,"href":"https:\/\/factory.sale\/fi\/wp-json\/wp\/v2\/free-shipment?post=17657"},{"taxonomy":"product_brand","embeddable":true,"href":"https:\/\/factory.sale\/fi\/wp-json\/wp\/v2\/product_brand?post=17657"},{"taxonomy":"product_cat","embeddable":true,"href":"https:\/\/factory.sale\/fi\/wp-json\/wp\/v2\/product_cat?post=17657"},{"taxonomy":"product_tag","embeddable":true,"href":"https:\/\/factory.sale\/fi\/wp-json\/wp\/v2\/product_tag?post=17657"}],"curies":[{"name":"wp","href":"https:\/\/api.w.org\/{rel}","templated":true}]}}