{"id":17632,"date":"2022-12-22T12:19:35","date_gmt":"2022-12-22T12:19:35","guid":{"rendered":"https:\/\/factory.sale\/product\/barrel-bath-3m-two-rooms\/"},"modified":"2026-03-23T01:05:32","modified_gmt":"2026-03-22T22:05:32","slug":"ulkosauna-3m-6-hengelle","status":"publish","type":"product","link":"https:\/\/factory.sale\/fi\/tuote\/ulkosauna-3m-6-hengelle\/","title":{"rendered":"&#8220;3m&#8221; S3 Tynnyrisauna 6-hl\u00f6"},"content":{"rendered":"<p><video style=\"max-width: 100%; height: auto; display: block;\" preload=\"auto\" autoplay=\"autoplay\" loop=\"loop\" muted=\"\" controls=\"controls\" width=\"1500\" height=\"750\"><source src=\"https:\/\/factory.sale\/wp-content\/uploads\/2023\/04\/Barrel-Saunas-960x300-1.mp4\" type=\"video\/mp4\" \/>Your browser does not support the video tag.<\/video><\/p>\n<p>Tilava ulkosauna pelk\u00e4ll\u00e4 h\u00f6yrysaunalla on ihanteellinen isommallekin perheelle tai saunan yst\u00e4ville ja heid\u00e4n porukalleen. T\u00e4llainen ulkosauna toimitetaan sek\u00e4 koottuna ett\u00e4 valmiina, se voidaan valmistaa kuusesta tai l\u00e4mp\u00f6puusta. T\u00e4m\u00e4 puul\u00e4mmitteinen ulkouuni on saatavana my\u00f6s 6 tai 8 kW s\u00e4hk\u00f6uunilla, jonka halkaisija on 2 m ja 2,2 m. Suosittelemme t\u00e4ydent\u00e4m\u00e4\u00e4n saunaasi panoraamaikkunalla, koristeellisella puurenkaalla ja muilla hy\u00f6dyllisill\u00e4 lis\u00e4varusteilla, jotka parantavat saunan ulkon\u00e4k\u00f6\u00e4 ja toimivuutta. Valitsemalla t\u00e4m\u00e4n ulkosaunan saat erinomaista laatua kohtuulliseen hintaan.<\/p>\n<p>&nbsp;<\/p>\n<p><strong>Perussarja sis\u00e4lt\u00e4\u00e4:<\/strong><\/p>\n<ul>\n<li>Kuusi (S3E) \/ l\u00e4mp\u00f6puu (S3T) \u00a0(paksuus 40 mm, \u00d82\/\u00d82,2 m, h = 2,1\/2,3 m &#8211; ilman savupiippua)<\/li>\n<li>Penkit l\u00e4mp\u00f6puusta<\/li>\n<li>Ruskea karkaistu lasiovi<\/li>\n<li>Bitumikatto<\/li>\n<li>Ruostumattomasta ter\u00e4ksest\u00e4 valmistetut renkaat &#8211; 3 kpl<\/li>\n<\/ul>\n<p>&nbsp;<\/p>\n<p><strong>Saatavana my\u00f6s halkaisijaltaan \u00d82,2m (hinnat ilman arvonlis\u00e4veroa):<\/strong><\/p>\n<ul>\n<li>Kuusesta (22S3E) &#8211; 2173,50 EUR<\/li>\n<li>L\u00e4mp\u00f6puu (22S3T) &#8211; 2760\u00a0EUR<\/li>\n<\/ul>\n<p>&nbsp;<\/p>\n<p>&nbsp;<\/p>\n<p><strong>Katon v\u00e4rit:<\/strong><\/p>\n<p>Ruskea, musta, vihre\u00e4<\/p>\n<p><img loading=\"lazy\" decoding=\"async\" class=\"alignnone wp-image-90748\" src=\"https:\/\/factory.sale\/wp-content\/uploads\/2024\/09\/roof-colours-300x91.png\" alt=\"\" width=\"630\" height=\"191\" srcset=\"https:\/\/factory.sale\/wp-content\/uploads\/2024\/09\/roof-colours-300x91.png 300w, https:\/\/factory.sale\/wp-content\/uploads\/2024\/09\/roof-colours-1024x311.png 1024w, https:\/\/factory.sale\/wp-content\/uploads\/2024\/09\/roof-colours-150x46.png 150w, https:\/\/factory.sale\/wp-content\/uploads\/2024\/09\/roof-colours-600x182.png 600w, https:\/\/factory.sale\/wp-content\/uploads\/2024\/09\/roof-colours.png 1330w\" sizes=\"auto, (max-width: 630px) 100vw, 630px\" \/><\/p>\n<p>&nbsp;<\/p>\n<p>&nbsp;<\/p>\n<p><strong>* Saatavilla monia lis\u00e4varusteita ja tarvikkeita. L\u00e4het\u00e4 meille tiedustelu ja kysy lis\u00e4\u00e4!<\/strong><\/p>\n<p><strong>* L\u00e4mp\u00f6saunan (S3T) hinta &#8211; <em>2530<\/em><em>\u00a0<\/em>EUR<\/strong><\/p>\n<p>&nbsp;<\/p>\n<p>&nbsp;<\/p>\n<p><b>Kuljetustiedot:<\/b><\/p>\n<p>17 m kuorma-auto ilman nostinta: toimitus vain 17 m kuorma-autolla (purkuv\u00e4lineet on j\u00e4rjestett\u00e4v\u00e4 etuk\u00e4teen), kysy lis\u00e4tietoja!<\/p>\n","protected":false},"excerpt":{"rendered":"<p>Tilava ulkosauna pelk\u00e4ll\u00e4 h\u00f6yrysaunalla on ihanteellinen isommallekin perheelle tai saunan yst\u00e4ville ja heid\u00e4n porukalleen. T\u00e4llainen ulkosauna toimitetaan sek\u00e4 koottuna ett\u00e4 valmiina, se voidaan valmistaa kuusesta tai l\u00e4mp\u00f6puusta.<\/p>\n","protected":false},"featured_media":94582,"comment_status":"open","ping_status":"closed","template":"","meta":{"_acf_changed":false},"factory":[],"free-shipment":[],"product_brand":[],"product_cat":[767,1642],"product_tag":[1653,1646],"class_list":{"0":"post-17632","1":"product","2":"type-product","3":"status-publish","4":"has-post-thumbnail","6":"product_cat-sanitary-ware","7":"product_cat-barrel-sauna-2","8":"product_tag-barrel-bath-3m-two-rooms","9":"product_tag-barrel-sauna","11":"first","12":"instock","13":"sale","14":"taxable","15":"shipping-taxable","16":"purchasable","17":"product-type-simple"},"acf":[],"_links":{"self":[{"href":"https:\/\/factory.sale\/fi\/wp-json\/wp\/v2\/product\/17632","targetHints":{"allow":["GET"]}}],"collection":[{"href":"https:\/\/factory.sale\/fi\/wp-json\/wp\/v2\/product"}],"about":[{"href":"https:\/\/factory.sale\/fi\/wp-json\/wp\/v2\/types\/product"}],"replies":[{"embeddable":true,"href":"https:\/\/factory.sale\/fi\/wp-json\/wp\/v2\/comments?post=17632"}],"wp:featuredmedia":[{"embeddable":true,"href":"https:\/\/factory.sale\/fi\/wp-json\/wp\/v2\/media\/94582"}],"wp:attachment":[{"href":"https:\/\/factory.sale\/fi\/wp-json\/wp\/v2\/media?parent=17632"}],"wp:term":[{"taxonomy":"factory","embeddable":true,"href":"https:\/\/factory.sale\/fi\/wp-json\/wp\/v2\/factory?post=17632"},{"taxonomy":"free-shipment","embeddable":true,"href":"https:\/\/factory.sale\/fi\/wp-json\/wp\/v2\/free-shipment?post=17632"},{"taxonomy":"product_brand","embeddable":true,"href":"https:\/\/factory.sale\/fi\/wp-json\/wp\/v2\/product_brand?post=17632"},{"taxonomy":"product_cat","embeddable":true,"href":"https:\/\/factory.sale\/fi\/wp-json\/wp\/v2\/product_cat?post=17632"},{"taxonomy":"product_tag","embeddable":true,"href":"https:\/\/factory.sale\/fi\/wp-json\/wp\/v2\/product_tag?post=17632"}],"curies":[{"name":"wp","href":"https:\/\/api.w.org\/{rel}","templated":true}]}}