{"id":17604,"date":"2022-12-22T11:23:06","date_gmt":"2022-12-22T11:23:06","guid":{"rendered":"https:\/\/factory.sale\/product\/tunnisaun-2m-uks-ruum\/"},"modified":"2026-03-23T23:17:04","modified_gmt":"2026-03-23T20:17:04","slug":"ulkosauna-2-m-4-hengelle","status":"publish","type":"product","link":"https:\/\/factory.sale\/fi\/tuote\/ulkosauna-2-m-4-hengelle\/","title":{"rendered":"&#8220;2m&#8221; S2 Ulkosauna 4-hl\u00f6"},"content":{"rendered":"<p><video style=\"max-width: 100%; height: auto; display: block;\" preload=\"auto\" autoplay=\"autoplay\" loop=\"loop\" muted=\"\" controls=\"controls\" width=\"1500\" height=\"750\"><source src=\"https:\/\/factory.sale\/wp-content\/uploads\/2023\/04\/Barrel-Saunas-960x300-1.mp4\" type=\"video\/mp4\" \/>Your browser does not support the video tag.<\/video><\/p>\n<p>&nbsp;<\/p>\n<p>Kompakti tynnyrisauna, jossa on vain h\u00f6yrysauna, sopii t\u00e4ydellisesti 4-5 hengen perheelle ja pienelle tontille. T\u00e4t\u00e4 pient\u00e4 ulkosaunaa voi t\u00e4ydent\u00e4\u00e4 sek\u00e4 puukiukaan ett\u00e4 s\u00e4hk\u00f6kiukaan kanssa. Tynnyrisauna toimitetaan sek\u00e4 koottuna ett\u00e4 kokoamattomana, se voidaan my\u00f6s valmistaa kuusesta tai l\u00e4mp\u00f6puusta. Voit parantaa t\u00e4t\u00e4 mallia k\u00e4ytt\u00e4m\u00e4ll\u00e4 muita hy\u00f6dyllisi\u00e4 lis\u00e4varusteita. Ostamalla t\u00e4m\u00e4n pienen ulkosaunan saat hyv\u00e4n hinnan ja korkean eurooppalaisen laadun.<\/p>\n<p>&nbsp;<\/p>\n<p><strong>Perussarja sis\u00e4lt\u00e4\u00e4:<\/strong><\/p>\n<ul>\n<li>Kuusesta sauna purettuna<\/li>\n<li>L\u00e4mp\u00f6puusta penkit<\/li>\n<li>Ruskea karkaistu lasiovi<\/li>\n<li>Bitumipaanu katto<\/li>\n<li>Ruostumattomasta ter\u00e4ksest\u00e4 valmistetut vanteet \u2013 2 kpl<\/li>\n<\/ul>\n<p>&nbsp;<\/p>\n<p><strong>Saatavana my\u00f6s halkaisijaltaan \u00d82,2m (hinnat ilman ALV):<\/strong><\/p>\n<ul>\n<li>Kuusesta (22S2E) -1771 EUR<\/li>\n<li>L\u00e4mp\u00f6puusta (22S2T) &#8211; 2288,50 EUR<\/li>\n<\/ul>\n<p>&nbsp;<\/p>\n<p>&nbsp;<\/p>\n<p><strong>Katon v\u00e4rit:<\/strong><\/p>\n<p>Ruskea, musta, vihre\u00e4<\/p>\n<p><img loading=\"lazy\" decoding=\"async\" class=\"alignnone wp-image-90748\" src=\"https:\/\/factory.sale\/wp-content\/uploads\/2024\/09\/roof-colours-300x91.png\" alt=\"\" width=\"630\" height=\"191\" srcset=\"https:\/\/factory.sale\/wp-content\/uploads\/2024\/09\/roof-colours-300x91.png 300w, https:\/\/factory.sale\/wp-content\/uploads\/2024\/09\/roof-colours-1024x311.png 1024w, https:\/\/factory.sale\/wp-content\/uploads\/2024\/09\/roof-colours-150x46.png 150w, https:\/\/factory.sale\/wp-content\/uploads\/2024\/09\/roof-colours-600x182.png 600w, https:\/\/factory.sale\/wp-content\/uploads\/2024\/09\/roof-colours.png 1330w\" sizes=\"auto, (max-width: 630px) 100vw, 630px\" \/><\/p>\n<p>&nbsp;<\/p>\n<p>&nbsp;<\/p>\n<p><strong>*L\u00e4mp\u00f6puusaunan hinta (S2T) &#8211; <em>2081,50<\/em> EUR<\/strong><\/p>\n<p><strong>* Saatavilla useita lis\u00e4varusteita. L\u00e4het\u00e4 meille tiedustelu ja kysy lis\u00e4\u00e4!<\/strong><\/p>\n<p>&nbsp;<\/p>\n<p>&nbsp;<\/p>\n<p><b>Kuljetustiedot:<\/b><\/p>\n<p>Toimitus kuorma-autolla, jossa on takalaitanostin.<\/p>\n","protected":false},"excerpt":{"rendered":"<p>Kompakti tynnyrisauna, jossa on vain h\u00f6yrysauna, sopii t\u00e4ydellisesti 4-5 hengen perheelle ja pienelle tontille.<\/p>\n","protected":false},"featured_media":94533,"comment_status":"open","ping_status":"closed","template":"","meta":{"_acf_changed":false},"factory":[],"free-shipment":[],"product_brand":[],"product_cat":[1121,1644],"product_tag":[1652,1651],"class_list":{"0":"post-17604","1":"product","2":"type-product","3":"status-publish","4":"has-post-thumbnail","6":"product_cat-saniteetti","7":"product_cat-tynnyrisauna","8":"product_tag-barrel-bath-2m-one-room-fi-2","9":"product_tag-barrel-sauna-fi","11":"first","12":"instock","13":"sale","14":"taxable","15":"shipping-taxable","16":"purchasable","17":"product-type-simple"},"acf":[],"_links":{"self":[{"href":"https:\/\/factory.sale\/fi\/wp-json\/wp\/v2\/product\/17604","targetHints":{"allow":["GET"]}}],"collection":[{"href":"https:\/\/factory.sale\/fi\/wp-json\/wp\/v2\/product"}],"about":[{"href":"https:\/\/factory.sale\/fi\/wp-json\/wp\/v2\/types\/product"}],"replies":[{"embeddable":true,"href":"https:\/\/factory.sale\/fi\/wp-json\/wp\/v2\/comments?post=17604"}],"wp:featuredmedia":[{"embeddable":true,"href":"https:\/\/factory.sale\/fi\/wp-json\/wp\/v2\/media\/94533"}],"wp:attachment":[{"href":"https:\/\/factory.sale\/fi\/wp-json\/wp\/v2\/media?parent=17604"}],"wp:term":[{"taxonomy":"factory","embeddable":true,"href":"https:\/\/factory.sale\/fi\/wp-json\/wp\/v2\/factory?post=17604"},{"taxonomy":"free-shipment","embeddable":true,"href":"https:\/\/factory.sale\/fi\/wp-json\/wp\/v2\/free-shipment?post=17604"},{"taxonomy":"product_brand","embeddable":true,"href":"https:\/\/factory.sale\/fi\/wp-json\/wp\/v2\/product_brand?post=17604"},{"taxonomy":"product_cat","embeddable":true,"href":"https:\/\/factory.sale\/fi\/wp-json\/wp\/v2\/product_cat?post=17604"},{"taxonomy":"product_tag","embeddable":true,"href":"https:\/\/factory.sale\/fi\/wp-json\/wp\/v2\/product_tag?post=17604"}],"curies":[{"name":"wp","href":"https:\/\/api.w.org\/{rel}","templated":true}]}}