{"id":17578,"date":"2022-12-22T09:59:48","date_gmt":"2022-12-22T09:59:48","guid":{"rendered":"https:\/\/factory.sale\/product\/kerisekivid-oliviin-diabaas-10-15cm-20kg\/"},"modified":"2026-01-23T12:15:48","modified_gmt":"2026-01-23T09:15:48","slug":"kiuaskivet-oliviini-diabaasi-10-15cm-20kg","status":"publish","type":"product","link":"https:\/\/factory.sale\/fi\/tuote\/kiuaskivet-oliviini-diabaasi-10-15cm-20kg\/","title":{"rendered":"Kiuaskivet oliviini-diabaasi 10-15cm 20kg"},"content":{"rendered":"<p>Tuotekoodi: <span class=\"p-model\">EVT10-15SE<\/span><\/p>\n<p>Kuva on havainnollistava.<\/p>\n<p>Kiuaskivet on valittu vanhoja perinteit\u00e4 noudattaen siten, ett\u00e4 ne tuottavat miellytt\u00e4v\u00e4\u00e4 ja pehme\u00e4\u00e4 l\u00e4mp\u00f6\u00e4 sek\u00e4 takaavat parhaan saunatunnelman.<\/p>\n<p>Oliviini-diabaasikiuaskivet soveltuvat sek\u00e4 s\u00e4hk\u00f6kiukaisiin ett\u00e4 puukiukaisiin.<\/p>\n<p>Rikkoutuneet kivet varastoivat paljon l\u00e4mp\u00f6\u00e4 ja vesi haihtuu tehokkaasti murtumiskohdan leve\u00e4lt\u00e4 pinnalta. Kulmikkaat murtuneet kivet on k\u00e4tev\u00e4 sijoittaa kiukaaseen. S\u00e4hk\u00f6kiukaissa on erityisen t\u00e4rke\u00e4\u00e4 sijoittaa kivet niin, ett\u00e4 l\u00e4mp\u00f6 p\u00e4\u00e4see levi\u00e4m\u00e4\u00e4n mahdollisimman tehokkaasti kuumien kivien ja saunan l\u00e4mp\u00f6vasteiden v\u00e4lill\u00e4. Hyv\u00e4 ilmankierto kivikammiossa auttaa s\u00e4hk\u00f6l\u00e4mmittimi\u00e4 ja puukiukaan tulisijaa kest\u00e4m\u00e4\u00e4n mahdollisimman pitk\u00e4\u00e4n.<\/p>\n<p>L\u00e4mmityskivi\u00e4 on saatavana kahdessa koossa. Pienemm\u00e4t kivet, joiden halkaisija on 5-10 cm, sopivat pienitehoisiin sein\u00e4kiukaisiin. Suuremmat, halkaisijaltaan 10-15 cm olevat l\u00e4mmityskivet sopivat erityisesti suurempiin s\u00e4hk\u00f6kiukaisiin ja puukiukaisiin.<\/p>\n<p>Materiaali: oliviini-diabaasi<br \/>\nKiven koko: 10-15 cm<br \/>\nPakkauksen m\u00e4\u00e4r\u00e4: 20 kg<\/p>\n<p>&nbsp;<\/p>\n<p>Kiuaskivet on tarkoitettu ensisijaisesti ostettaviksi yhdess\u00e4 kiukaan tai sauna\u00adkiukaan kanssa ja ne myyd\u00e4\u00e4n tukkutuotteena. Erillistilauksissa on voimassa v\u00e4himm\u00e4istilausm\u00e4\u00e4r\u00e4 (lava).<\/p>\n","protected":false},"excerpt":{"rendered":"<p>Kiuaskivet on valittu vanhoja perinteit\u00e4 noudattaen siten, ett\u00e4 ne tuottavat miellytt\u00e4v\u00e4\u00e4 ja pehme\u00e4\u00e4 l\u00e4mp\u00f6\u00e4 sek\u00e4 takaavat parhaan saunatunnelman.<\/p>\n<p>Oliviini-diabaasikiuaskivet soveltuvat sek\u00e4 s\u00e4hk\u00f6kiukaisiin ett\u00e4 puukiukaisiin.<\/p>\n","protected":false},"featured_media":17560,"comment_status":"open","ping_status":"closed","template":"","meta":{"_acf_changed":false},"factory":[],"free-shipment":[],"product_brand":[],"product_cat":[1629],"product_tag":[1636,1637,1641],"class_list":{"0":"post-17578","1":"product","2":"type-product","3":"status-publish","4":"has-post-thumbnail","6":"product_cat-kiuaskivet","7":"product_tag-heating-stones-fi","8":"product_tag-sauna-stones-fi","9":"product_tag-sauna-stones-olivine-diabase-10-15cm-20kg-fi","11":"first","12":"instock","13":"sale","14":"taxable","15":"shipping-taxable","16":"purchasable","17":"product-type-simple"},"acf":[],"_links":{"self":[{"href":"https:\/\/factory.sale\/fi\/wp-json\/wp\/v2\/product\/17578","targetHints":{"allow":["GET"]}}],"collection":[{"href":"https:\/\/factory.sale\/fi\/wp-json\/wp\/v2\/product"}],"about":[{"href":"https:\/\/factory.sale\/fi\/wp-json\/wp\/v2\/types\/product"}],"replies":[{"embeddable":true,"href":"https:\/\/factory.sale\/fi\/wp-json\/wp\/v2\/comments?post=17578"}],"wp:featuredmedia":[{"embeddable":true,"href":"https:\/\/factory.sale\/fi\/wp-json\/wp\/v2\/media\/17560"}],"wp:attachment":[{"href":"https:\/\/factory.sale\/fi\/wp-json\/wp\/v2\/media?parent=17578"}],"wp:term":[{"taxonomy":"factory","embeddable":true,"href":"https:\/\/factory.sale\/fi\/wp-json\/wp\/v2\/factory?post=17578"},{"taxonomy":"free-shipment","embeddable":true,"href":"https:\/\/factory.sale\/fi\/wp-json\/wp\/v2\/free-shipment?post=17578"},{"taxonomy":"product_brand","embeddable":true,"href":"https:\/\/factory.sale\/fi\/wp-json\/wp\/v2\/product_brand?post=17578"},{"taxonomy":"product_cat","embeddable":true,"href":"https:\/\/factory.sale\/fi\/wp-json\/wp\/v2\/product_cat?post=17578"},{"taxonomy":"product_tag","embeddable":true,"href":"https:\/\/factory.sale\/fi\/wp-json\/wp\/v2\/product_tag?post=17578"}],"curies":[{"name":"wp","href":"https:\/\/api.w.org\/{rel}","templated":true}]}}