{"id":17476,"date":"2022-12-16T12:08:07","date_gmt":"2022-12-16T12:08:07","guid":{"rendered":"https:\/\/factory.sale\/product\/wpc-seinapaneel-siseruumidesse-hele-puu\/"},"modified":"2024-06-26T13:03:47","modified_gmt":"2024-06-26T13:03:47","slug":"wpc-rimapaneelit-sisakayttoon-vaalea-puu","status":"publish","type":"product","link":"https:\/\/factory.sale\/fi\/tuote\/wpc-rimapaneelit-sisakayttoon-vaalea-puu\/","title":{"rendered":"WPC RIMAPANEELIT sis\u00e4k\u00e4ytt\u00f6\u00f6n (vaalea puu)"},"content":{"rendered":"<p><span data-sheets-value=\"{&quot;1&quot;:2,&quot;2&quot;:&quot;CS006&quot;}\" data-sheets-userformat=\"{&quot;2&quot;:14401,&quot;3&quot;:{&quot;1&quot;:0,&quot;3&quot;:1},&quot;9&quot;:0,&quot;14&quot;:{&quot;1&quot;:3,&quot;3&quot;:1},&quot;15&quot;:&quot;Calibri&quot;,&quot;16&quot;:11}\">Tuotekoodi: CS006<\/span><\/p>\n<p><span data-sheets-value=\"{&quot;1&quot;:2,&quot;2&quot;:&quot;18,96 \u20ac \/ jm&quot;}\" data-sheets-userformat=\"{&quot;2&quot;:14463,&quot;3&quot;:{&quot;1&quot;:2,&quot;2&quot;:&quot;#,##0.00\\\\ \\&quot;\u20ac\\&quot;&quot;,&quot;3&quot;:1},&quot;4&quot;:{&quot;1&quot;:2,&quot;2&quot;:11063437},&quot;5&quot;:{&quot;1&quot;:[{&quot;1&quot;:2,&quot;2&quot;:0,&quot;5&quot;:{&quot;1&quot;:0}},{&quot;1&quot;:0,&quot;2&quot;:0,&quot;3&quot;:3},{&quot;1&quot;:1,&quot;2&quot;:0,&quot;4&quot;:1}]},&quot;6&quot;:{&quot;1&quot;:[{&quot;1&quot;:2,&quot;2&quot;:0,&quot;5&quot;:{&quot;1&quot;:0}},{&quot;1&quot;:0,&quot;2&quot;:0,&quot;3&quot;:3},{&quot;1&quot;:1,&quot;2&quot;:0,&quot;4&quot;:1}]},&quot;7&quot;:{&quot;1&quot;:[{&quot;1&quot;:2,&quot;2&quot;:0,&quot;5&quot;:{&quot;1&quot;:0}},{&quot;1&quot;:0,&quot;2&quot;:0,&quot;3&quot;:3},{&quot;1&quot;:1,&quot;2&quot;:0,&quot;4&quot;:1}]},&quot;8&quot;:{&quot;1&quot;:[{&quot;1&quot;:2,&quot;2&quot;:0,&quot;5&quot;:{&quot;1&quot;:0}},{&quot;1&quot;:0,&quot;2&quot;:0,&quot;3&quot;:3},{&quot;1&quot;:1,&quot;2&quot;:0,&quot;4&quot;:1}]},&quot;9&quot;:1,&quot;14&quot;:{&quot;1&quot;:3,&quot;3&quot;:1},&quot;15&quot;:&quot;Calibri&quot;,&quot;16&quot;:11}\">18,96 \u20ac \/ juoksumetri(jm)<\/span><\/p>\n<p>Mitat: 160 x 2900 x 24 mm<\/p>\n<p>Puumuovikomposiittisein\u00e4paneelit ovat yh\u00e4 suositumpi tapa sisustaa rakennuksia. Erinomaisena vaihtoehtona perinteisille puisille sein\u00e4paneeleille, komposiittisein\u00e4paneeleilla on puusein\u00e4paneelien etujen lis\u00e4ksi monia etuja WPC-sein\u00e4paneeleihin verrattuna. Se on houkutteleva ja kustannustehokas tapa sisustaa.<\/p>\n<p>&nbsp;<\/p>\n","protected":false},"excerpt":{"rendered":"<p>Puumuovikomposiittisein\u00e4paneelit ovat yh\u00e4 suositumpi tapa sisustaa rakennuksia. Erinomaisena vaihtoehtona perinteisille puisille sein\u00e4paneeleille, komposiittisein\u00e4paneeleilla on puusein\u00e4paneelien etujen lis\u00e4ksi monia etuja WPC-sein\u00e4paneeleihin verrattuna. Se on houkutteleva ja kustannustehokas tapa sisustaa.<\/p>\n","protected":false},"featured_media":17463,"comment_status":"open","ping_status":"closed","template":"","meta":{"_acf_changed":false},"factory":[],"free-shipment":[],"product_brand":[],"product_cat":[2954,768],"product_tag":[1624],"class_list":{"0":"post-17476","1":"product","2":"type-product","3":"status-publish","4":"has-post-thumbnail","6":"product_cat-wall-panels","7":"product_cat-general-construction","8":"product_tag-wpc-wall-panel-for-indoor-use-light-wood","10":"first","11":"instock","12":"sale","13":"taxable","14":"shipping-taxable","15":"purchasable","16":"product-type-simple"},"acf":[],"_links":{"self":[{"href":"https:\/\/factory.sale\/fi\/wp-json\/wp\/v2\/product\/17476","targetHints":{"allow":["GET"]}}],"collection":[{"href":"https:\/\/factory.sale\/fi\/wp-json\/wp\/v2\/product"}],"about":[{"href":"https:\/\/factory.sale\/fi\/wp-json\/wp\/v2\/types\/product"}],"replies":[{"embeddable":true,"href":"https:\/\/factory.sale\/fi\/wp-json\/wp\/v2\/comments?post=17476"}],"wp:featuredmedia":[{"embeddable":true,"href":"https:\/\/factory.sale\/fi\/wp-json\/wp\/v2\/media\/17463"}],"wp:attachment":[{"href":"https:\/\/factory.sale\/fi\/wp-json\/wp\/v2\/media?parent=17476"}],"wp:term":[{"taxonomy":"factory","embeddable":true,"href":"https:\/\/factory.sale\/fi\/wp-json\/wp\/v2\/factory?post=17476"},{"taxonomy":"free-shipment","embeddable":true,"href":"https:\/\/factory.sale\/fi\/wp-json\/wp\/v2\/free-shipment?post=17476"},{"taxonomy":"product_brand","embeddable":true,"href":"https:\/\/factory.sale\/fi\/wp-json\/wp\/v2\/product_brand?post=17476"},{"taxonomy":"product_cat","embeddable":true,"href":"https:\/\/factory.sale\/fi\/wp-json\/wp\/v2\/product_cat?post=17476"},{"taxonomy":"product_tag","embeddable":true,"href":"https:\/\/factory.sale\/fi\/wp-json\/wp\/v2\/product_tag?post=17476"}],"curies":[{"name":"wp","href":"https:\/\/api.w.org\/{rel}","templated":true}]}}