{"id":17454,"date":"2022-12-16T11:20:49","date_gmt":"2022-12-16T11:26:05","guid":{"rendered":"https:\/\/factory.sale\/?post_type=product&#038;p=17454"},"modified":"2024-06-25T11:56:49","modified_gmt":"2024-06-25T11:56:49","slug":"48x198-mitallistettu-c24-lankku-kuusi","status":"publish","type":"product","link":"https:\/\/factory.sale\/fi\/tuote\/48x198-mitallistettu-c24-lankku-kuusi\/","title":{"rendered":"48&#215;198 Mitallistettu C24 lankku, kuusi"},"content":{"rendered":"<p><span data-sheets-value=\"{&quot;1&quot;:3,&quot;3&quot;:8048198000310}\" data-sheets-userformat=\"{&quot;2&quot;:14529,&quot;3&quot;:{&quot;1&quot;:2,&quot;2&quot;:&quot;0&quot;,&quot;3&quot;:1},&quot;9&quot;:1,&quot;10&quot;:1,&quot;14&quot;:{&quot;1&quot;:3,&quot;3&quot;:1},&quot;15&quot;:&quot;Calibri&quot;,&quot;16&quot;:11}\">Tuotekoodi: 8048198000310<\/span><\/p>\n<p><span data-sheets-value=\"{&quot;1&quot;:2,&quot;2&quot;:&quot;3,3 \u20ac\/jm&quot;}\" data-sheets-userformat=\"{&quot;2&quot;:14913,&quot;3&quot;:{&quot;1&quot;:0},&quot;9&quot;:1,&quot;12&quot;:0,&quot;14&quot;:{&quot;1&quot;:3,&quot;3&quot;:1},&quot;15&quot;:&quot;Calibri&quot;,&quot;16&quot;:11}\">3,3 \u20ac\/ juoksumetri(jm)<\/span><\/p>\n<p>48\u00d7198 mitallistettu C24 lankku on 48 mm paksua ja 198 mm leve\u00e4\u00e4 lujuusluokiteltua, CE merkitty\u00e4 ja karkeah\u00f6yl\u00e4tty\u00e4 puutavaraa. Se on mittatarkkaa sahatavaraa, joka sopii runkoon ja rakenteisiin. Kantavissa rakenteissa k\u00e4ytet\u00e4\u00e4n aina lujuuslajiteltua puutavaraa. C24-lujuusluokka on yleisin rakentamisessa k\u00e4ytetty lujuusluokkaa.<\/p>\n<p>48\u00d7198 mitallistettu C24 lankku on j\u00e4mer\u00e4\u00e4 sahatavaraa. Sit\u00e4 k\u00e4ytet\u00e4\u00e4n yleisimmin l\u00e4mpimien tilojen runkorakenteissa.<\/p>\n<p>Puutavarassa pituusmitat vaihtelevat. Yleisimm\u00e4t varastopituutemme ovat v\u00e4lill\u00e4 3,6 \u2013 6 metri\u00e4. Pituusmitat vaihtelevat 300 mm v\u00e4lein (jalka). Varmista pituudet kaupasta.<\/p>\n<p>Mitallistettu = Mittatarkka karkeah\u00f6yl\u00e4tty sahatavara. Mitallistaminen tapahtuu h\u00f6yl\u00e4\u00e4m\u00e4ll\u00e4 sahatavarasta suurella sy\u00f6tt\u00f6nopeudella jokaiselta sivulta noin 1 mm. H\u00f6yl\u00e4ysj\u00e4lki on n\u00e4in ollen karkea, siin\u00e4 on aaltomaisia harjanteita ja lis\u00e4ksi tuotteessa saattaa esiinty\u00e4 h\u00f6yl\u00e4\u00e4m\u00e4tt\u00f6mi\u00e4 alueita.<\/p>\n<p>Kantavissa rakenteissa k\u00e4ytett\u00e4v\u00e4 sahatavaran lujuus luokitellaan standardin EN 388 mukaisiin C-luokkiin. C24 lujuusluokka on Suomessa yleisimmin k\u00e4ytetty ja se sopii kantaviin rakenteisiin.<\/p>\n<p>Puutavara on PEFC-sertifioitua. Meilt\u00e4 saat puutavaran halutessasi my\u00f6s katkottuna ja kotiin kuljetettuna.<\/p>\n<p>&nbsp;<\/p>\n","protected":false},"excerpt":{"rendered":"<p>48\u00d7198 mitallistettu C24 lankku on 48 mm paksua ja 198 mm leve\u00e4\u00e4 lujuusluokiteltua, CE-merkitty\u00e4 ja karkeah\u00f6yl\u00e4tty\u00e4 puutavaraa. Se on mittatarkkaa sahatavaraa ja sopii runkoon ja rakenteisiin. Kantavissa rakenteissa k\u00e4ytet\u00e4\u00e4n aina lujuuslajiteltua puutavaraa. C24-lujuusluokka on yleisin rakentamisessa k\u00e4ytetty lujuusluokkaa.<\/p>\n","protected":false},"featured_media":17449,"comment_status":"open","ping_status":"closed","template":"","meta":{"_acf_changed":false},"factory":[],"free-shipment":[],"product_brand":[],"product_cat":[2780,1605],"product_tag":[1623,1612,617],"class_list":{"0":"post-17454","1":"product","2":"type-product","3":"status-publish","4":"has-post-thumbnail","6":"product_cat-hoylatty-puutavara","7":"product_cat-puutuotteet","8":"product_tag-48x198-planed-c24-plank-fi-2","9":"product_tag-spruce-fi","10":"product_tag-wood-fi","12":"first","13":"instock","14":"sale","15":"taxable","16":"shipping-taxable","17":"purchasable","18":"product-type-simple"},"acf":[],"_links":{"self":[{"href":"https:\/\/factory.sale\/fi\/wp-json\/wp\/v2\/product\/17454","targetHints":{"allow":["GET"]}}],"collection":[{"href":"https:\/\/factory.sale\/fi\/wp-json\/wp\/v2\/product"}],"about":[{"href":"https:\/\/factory.sale\/fi\/wp-json\/wp\/v2\/types\/product"}],"replies":[{"embeddable":true,"href":"https:\/\/factory.sale\/fi\/wp-json\/wp\/v2\/comments?post=17454"}],"wp:featuredmedia":[{"embeddable":true,"href":"https:\/\/factory.sale\/fi\/wp-json\/wp\/v2\/media\/17449"}],"wp:attachment":[{"href":"https:\/\/factory.sale\/fi\/wp-json\/wp\/v2\/media?parent=17454"}],"wp:term":[{"taxonomy":"factory","embeddable":true,"href":"https:\/\/factory.sale\/fi\/wp-json\/wp\/v2\/factory?post=17454"},{"taxonomy":"free-shipment","embeddable":true,"href":"https:\/\/factory.sale\/fi\/wp-json\/wp\/v2\/free-shipment?post=17454"},{"taxonomy":"product_brand","embeddable":true,"href":"https:\/\/factory.sale\/fi\/wp-json\/wp\/v2\/product_brand?post=17454"},{"taxonomy":"product_cat","embeddable":true,"href":"https:\/\/factory.sale\/fi\/wp-json\/wp\/v2\/product_cat?post=17454"},{"taxonomy":"product_tag","embeddable":true,"href":"https:\/\/factory.sale\/fi\/wp-json\/wp\/v2\/product_tag?post=17454"}],"curies":[{"name":"wp","href":"https:\/\/api.w.org\/{rel}","templated":true}]}}