{"id":17412,"date":"2022-12-16T10:06:50","date_gmt":"2022-12-16T10:13:00","guid":{"rendered":"https:\/\/factory.sale\/?post_type=product&#038;p=17412"},"modified":"2024-06-25T11:20:12","modified_gmt":"2024-06-25T11:20:12","slug":"22x100-pl-vl-saelaud-okaspuu-servatamatta","status":"publish","type":"product","link":"https:\/\/factory.sale\/fi\/tuote\/22x100-pl-vl-saelaud-okaspuu-servatamatta\/","title":{"rendered":"22\u00d7100 PL\/VL Sahattu lauta, havu, vajaas\u00e4rm\u00e4inen"},"content":{"rendered":"<p>Tuotekoodi: <span data-sheets-value=\"{&quot;1&quot;:3,&quot;3&quot;:8022100000110}\" data-sheets-userformat=\"{&quot;2&quot;:14401,&quot;3&quot;:{&quot;1&quot;:2,&quot;2&quot;:&quot;0&quot;,&quot;3&quot;:1},&quot;9&quot;:1,&quot;14&quot;:{&quot;1&quot;:3,&quot;3&quot;:1},&quot;15&quot;:&quot;Calibri&quot;,&quot;16&quot;:11}\">8022100000110<\/span><\/p>\n<p><span data-sheets-value=\"{&quot;1&quot;:2,&quot;2&quot;:&quot;0,539 \u20ac\/jm&quot;}\" data-sheets-userformat=\"{&quot;2&quot;:14913,&quot;3&quot;:{&quot;1&quot;:0},&quot;9&quot;:1,&quot;12&quot;:0,&quot;14&quot;:{&quot;1&quot;:3,&quot;3&quot;:1},&quot;15&quot;:&quot;Calibri&quot;,&quot;16&quot;:11}\">0,539 \u20ac juoksumetri.<\/span><\/p>\n<p>22\u00d7100 PL\/VL Sahattu lauta on 22 mm paksua ja 100 mm leve\u00e4\u00e4, vajaas\u00e4rm\u00e4ist\u00e4, sahapintaista, uunikuivattua havupuulautaa. Tuote soveltuu v\u00e4liaikaisiin rakenteisiin, ruodelaudoitukseen, koolaukseen, muotteihin, pakkaukseen yms.<\/p>\n<p>PL\/VL = Pintalauta, vientilaatu<\/p>\n<p>Pituusmitat vaihtelevat puutavarassa. Yleisimm\u00e4t varastopituutemme ovat v\u00e4lill\u00e4 3,6 \u2013 6 metri\u00e4. Pituusmitat vaihtelevat 300 mm v\u00e4lein (jalka). Varmista pituudet kaupasta.<\/p>\n<p>Puu on ikiaikainen luonnon supertuote. Puuta on aina arvostettu sen saatavuuden, helpon ty\u00f6stett\u00e4vyyden, l\u00e4mm\u00f6nerist\u00e4vyyden ja kauniin ulkomuodon vuoksi. Puu on aito, uusiutuva ja ymp\u00e4rist\u00f6yst\u00e4v\u00e4llinen luonnontuote. Puutaloissa rakennusmateriaaleihin varastoituu hiilt\u00e4 pitk\u00e4ksi aikaa. Keskiverto suomalainen puuomakotitalo sitoo puurakenteissaan noin 30 tonnia ilman hiilidioksidia.<\/p>\n<p>Puumestalta voit hankkia laadukasta puutavaraa kaikkeen rakentamiseen. Puutavara on PEFC-sertifioitua. Meilt\u00e4 saat puutavaran halutessasi my\u00f6s katkottuna ja kotiin kuljetettuna.<\/p>\n","protected":false},"excerpt":{"rendered":"<p>22\u00d7100 PL\/VL Sahattu lauta on 22 mm paksua ja 100 mm leve\u00e4\u00e4, vajaas\u00e4rm\u00e4ist\u00e4, sahapintaista, uunikuivattua havupuulautaa. Tuote soveltuu v\u00e4liaikaisiin rakenteisiin, ruodelaudoitukseen, koolaukseen, muotteihin, pakkaukseen yms.<\/p>\n","protected":false},"featured_media":17407,"comment_status":"open","ping_status":"closed","template":"","meta":{"_acf_changed":false},"factory":[],"free-shipment":[],"product_brand":[],"product_cat":[2780,1605],"product_tag":[],"class_list":{"0":"post-17412","1":"product","2":"type-product","3":"status-publish","4":"has-post-thumbnail","6":"product_cat-hoylatty-puutavara","7":"product_cat-puutuotteet","9":"first","10":"instock","11":"sale","12":"taxable","13":"shipping-taxable","14":"purchasable","15":"product-type-simple"},"acf":[],"_links":{"self":[{"href":"https:\/\/factory.sale\/fi\/wp-json\/wp\/v2\/product\/17412","targetHints":{"allow":["GET"]}}],"collection":[{"href":"https:\/\/factory.sale\/fi\/wp-json\/wp\/v2\/product"}],"about":[{"href":"https:\/\/factory.sale\/fi\/wp-json\/wp\/v2\/types\/product"}],"replies":[{"embeddable":true,"href":"https:\/\/factory.sale\/fi\/wp-json\/wp\/v2\/comments?post=17412"}],"wp:featuredmedia":[{"embeddable":true,"href":"https:\/\/factory.sale\/fi\/wp-json\/wp\/v2\/media\/17407"}],"wp:attachment":[{"href":"https:\/\/factory.sale\/fi\/wp-json\/wp\/v2\/media?parent=17412"}],"wp:term":[{"taxonomy":"factory","embeddable":true,"href":"https:\/\/factory.sale\/fi\/wp-json\/wp\/v2\/factory?post=17412"},{"taxonomy":"free-shipment","embeddable":true,"href":"https:\/\/factory.sale\/fi\/wp-json\/wp\/v2\/free-shipment?post=17412"},{"taxonomy":"product_brand","embeddable":true,"href":"https:\/\/factory.sale\/fi\/wp-json\/wp\/v2\/product_brand?post=17412"},{"taxonomy":"product_cat","embeddable":true,"href":"https:\/\/factory.sale\/fi\/wp-json\/wp\/v2\/product_cat?post=17412"},{"taxonomy":"product_tag","embeddable":true,"href":"https:\/\/factory.sale\/fi\/wp-json\/wp\/v2\/product_tag?post=17412"}],"curies":[{"name":"wp","href":"https:\/\/api.w.org\/{rel}","templated":true}]}}