{"id":17398,"date":"2022-12-16T08:58:44","date_gmt":"2022-12-16T08:58:44","guid":{"rendered":"https:\/\/factory.sale\/product\/spc-vinyl-plank-6mm-tread-0-5\/"},"modified":"2025-03-20T23:11:46","modified_gmt":"2025-03-20T20:11:46","slug":"spc-vinyylilankku-0-7mm-vari-b184","status":"publish","type":"product","link":"https:\/\/factory.sale\/fi\/tuote\/spc-vinyylilankku-0-7mm-vari-b184\/","title":{"rendered":"SPC vinyylilankku 0.55mm, v\u00e4ri B184"},"content":{"rendered":"<p>Uuden sukupolven SPC vinyylilankku<\/p>\n<p>Lautojen pohjissa on valmiina \u00e4\u00e4nt\u00e4 vaimentava askel\u00e4\u00e4ni pohja<br \/>\nLaudat on helppo asentaa I4F -pontin ansiosta<\/p>\n<p>Lattia on kierr\u00e4tett\u00e4viss\u00e4 ja se soveltuu k\u00e4ytett\u00e4v\u00e4ksi lattial\u00e4mmityksen p\u00e4\u00e4ll\u00e4. Lattia on my\u00f6s 100 % vedenkest\u00e4v\u00e4 joten se soveltuu erinomaisesti vaikkapa keitti\u00f6\u00f6n.<\/p>\n<p>&nbsp;<\/p>\n<p><span style=\"font-weight: 400;\">Monik\u00e4ytt\u00f6inen lattia kotiin ja julkitiloihin!<\/span><\/p>\n<p><span style=\"font-weight: 400;\">Lattiapinnat joutuvat koetuksille p\u00e4ivitt\u00e4in, joten niilt\u00e4 luonnollisesti odotetaan pitk\u00e4ik\u00e4isyytt\u00e4. Vinyylilankku on pehme\u00e4n l\u00e4mp\u00f6isyytens\u00e4, hiljaisuutensa ja kest\u00e4vyytens\u00e4 ansiosta varma valinta niin asuinymp\u00e4rist\u00f6\u00f6n kuin julkiseenkin tilaan. Huippuluokkainen kest\u00e4vyys yhdistettyn\u00e4 liukumattomaan pintaan tekee siit\u00e4 erinomaisen valinnan my\u00f6s lapsi- ja lemmikkitalouksiin. Pintak\u00e4sittelyns\u00e4 ansiosta vinyylilankku on helppohoitoinen ja puhtaanapito vaivatonta.<\/span><\/p>\n<p>&nbsp;<\/p>\n<p>Tuotekoodi: B184<\/p>\n<p>Hinta 21 eur\/jm alv 0<\/p>\n<p>Tarjoamme my\u00f6s toimituksen ja asennuksen!<\/p>\n<p>&nbsp;<\/p>\n<p>&nbsp;<\/p>\n<p><strong>Tekniset tiedot:<br \/>\n<\/strong><span style=\"font-weight: 400;\"><br \/>\n<\/span>Paksuus: 6,5mm<\/p>\n<p>Kulutuspinta: 0,55 mm P<\/p>\n<p>Laudan mitat: 1220 x 183 x 6,5 mm<\/p>\n<p>K\u00e4ytt\u00f6luokka: 33<\/p>\n<p>Askel\u00e4\u00e4nenvaimennus: &gt;20.8 dB<\/p>\n<p>Liukuesteluokka: R10<\/p>\n<p>Paloluokka: Bfl-S1<\/p>\n<p>Valonkest\u00e4vyys: EN 20 105 B02 &gt; 6<\/p>\n<p>Lattial\u00e4mmitys: Soveltuu lattial\u00e4mmityksen kanssa<\/p>\n<p>Ymp\u00e4rist\u00f6merkint\u00e4\/sis\u00e4ilmaluokitus: Ftalaattivapaa<\/p>\n<p>Formaldehydi: ei tuota formaldehydi-p\u00e4\u00e4st\u00f6j\u00e4, allergikoille sopiva.<\/p>\n<p>Asennus: Uiva asennus ilman liimaa<\/p>\n<p>Lukkopontti: i4f<\/p>\n<p>Takuu: 30 vuotta kotik\u00e4yt\u00f6ss\u00e4<\/p>\n<p>P\u00e4\u00e4st\u00f6luokitus M1<\/p>\n<p>&nbsp;<\/p>\n<p>&nbsp;<\/p>\n","protected":false},"excerpt":{"rendered":"<p><span style=\"font-weight: 400;\">Vinyylilankku on pehme\u00e4n l\u00e4mp\u00f6isyytens\u00e4, hiljaisuutensa ja kest\u00e4vyytens\u00e4 ansiosta varma valinta niin asuinymp\u00e4rist\u00f6\u00f6n kuin julkiseenkin tilaan. Huippuluokkainen kest\u00e4vyys yhdistettyn\u00e4 liukumattomaan pintaan tekee siit\u00e4 erinomaisen valinnan my\u00f6s lapsi- ja lemmikkitalouksiin.<\/span><\/p>\n<p>Myyd\u00e4\u00e4n per pakkaus 2,23m2.<\/p>\n<p><strong>Hinta per m2.<\/strong><\/p>\n","protected":false},"featured_media":90220,"comment_status":"open","ping_status":"closed","template":"","meta":{"_acf_changed":false},"factory":[],"free-shipment":[],"product_brand":[],"product_cat":[446,1596],"product_tag":[1601,1602],"class_list":{"0":"post-17398","1":"product","2":"type-product","3":"status-publish","4":"has-post-thumbnail","6":"product_cat-lattiat","7":"product_cat-vinyylilattiat","8":"product_tag-spc-vinyl-plank-6mm-tread-0-5-fi","9":"product_tag-vynil-flooring-fi","11":"first","12":"instock","13":"sale","14":"taxable","15":"shipping-taxable","16":"purchasable","17":"product-type-simple"},"acf":[],"_links":{"self":[{"href":"https:\/\/factory.sale\/fi\/wp-json\/wp\/v2\/product\/17398","targetHints":{"allow":["GET"]}}],"collection":[{"href":"https:\/\/factory.sale\/fi\/wp-json\/wp\/v2\/product"}],"about":[{"href":"https:\/\/factory.sale\/fi\/wp-json\/wp\/v2\/types\/product"}],"replies":[{"embeddable":true,"href":"https:\/\/factory.sale\/fi\/wp-json\/wp\/v2\/comments?post=17398"}],"wp:featuredmedia":[{"embeddable":true,"href":"https:\/\/factory.sale\/fi\/wp-json\/wp\/v2\/media\/90220"}],"wp:attachment":[{"href":"https:\/\/factory.sale\/fi\/wp-json\/wp\/v2\/media?parent=17398"}],"wp:term":[{"taxonomy":"factory","embeddable":true,"href":"https:\/\/factory.sale\/fi\/wp-json\/wp\/v2\/factory?post=17398"},{"taxonomy":"free-shipment","embeddable":true,"href":"https:\/\/factory.sale\/fi\/wp-json\/wp\/v2\/free-shipment?post=17398"},{"taxonomy":"product_brand","embeddable":true,"href":"https:\/\/factory.sale\/fi\/wp-json\/wp\/v2\/product_brand?post=17398"},{"taxonomy":"product_cat","embeddable":true,"href":"https:\/\/factory.sale\/fi\/wp-json\/wp\/v2\/product_cat?post=17398"},{"taxonomy":"product_tag","embeddable":true,"href":"https:\/\/factory.sale\/fi\/wp-json\/wp\/v2\/product_tag?post=17398"}],"curies":[{"name":"wp","href":"https:\/\/api.w.org\/{rel}","templated":true}]}}