{"id":17353,"date":"2022-12-15T14:28:07","date_gmt":"2022-12-15T14:28:07","guid":{"rendered":"https:\/\/factory.sale\/product\/macht-haftgrund-primer-4l\/"},"modified":"2024-06-27T23:24:08","modified_gmt":"2024-06-27T23:24:08","slug":"macht-haftgrund-pohjuste-4l","status":"publish","type":"product","link":"https:\/\/factory.sale\/fi\/tuote\/macht-haftgrund-pohjuste-4l\/","title":{"rendered":"Macht Haftgrund pohjuste 4L"},"content":{"rendered":"<p>Tuotekoodi: macha4<\/p>\n<p>TUOTETIEDOT<\/p>\n<p>Tuotteen ominaisuudet<br \/>\n\u2022 Helppo k\u00e4ytt\u00f6<br \/>\n\u2022 Laimennettu suhteessa 1:3<br \/>\n\u2022 Eritt\u00e4in vahva tarttuvuus ja nopea kuivuminen<br \/>\n\u2022 Korkea sidos- ja kest\u00e4vyyskyky<br \/>\n\u2022 Suuri tunkeuma ja levitysnopeus<br \/>\n\u2022 Soveltuu kaikille vesiohenteisille maaleille<\/p>\n<p>K\u00e4ytt\u00f6suosituksia<br \/>\nK\u00e4ytet\u00e4\u00e4n kaikissa sis\u00e4tiloissa, uusissa, vanhoissa ja maalatuissa seiniss\u00e4 ja katoissa, jotka on aiemmin maalattu sementtipohjamaalilla, kalkilla, kipsill\u00e4 jne. ennen maalausta, kuten makuuhuoneet, wc:t, olohuoneet, toimistotilat, palvelut jne.<\/p>\n<p>Varastointi<br \/>\n36 kuukautta s\u00e4ilytettyn\u00e4 kuivassa paikassa, erill\u00e4\u00e4n l\u00e4mm\u00f6nl\u00e4hteist\u00e4, +5\u00b0C &#8211; +30\u00b0C l\u00e4mp\u00f6tilassa. Suojaa sit\u00e4 pakkaselta.<\/p>\n<p>Huomautuksia<br \/>\n\u2022 Tuoreella betonipinnalla tuote tulee levitt\u00e4\u00e4 v\u00e4hint\u00e4\u00e4n 30-40 p\u00e4iv\u00e4n kuluttua.<br \/>\n\u2022 On suositeltavaa v\u00e4ltt\u00e4\u00e4 tuotteen levitt\u00e4mist\u00e4 alle 5\u00baC l\u00e4mp\u00f6tilassa tai v\u00e4h\u00e4n ennen sadetta.<\/p>\n","protected":false},"excerpt":{"rendered":"<p>K\u00e4ytet\u00e4\u00e4n kaikissa sis\u00e4tiloissa, uusissa, vanhoissa ja maalatuissa seiniss\u00e4 ja katoissa, jotka on aiemmin maalattu sementtipohjamaalilla, kalkilla, kipsill\u00e4 jne.<\/p>\n","protected":false},"featured_media":17346,"comment_status":"open","ping_status":"closed","template":"","meta":{"_acf_changed":false},"factory":[],"free-shipment":[],"product_brand":[],"product_cat":[1573,768],"product_tag":[1576,1577],"class_list":{"0":"post-17353","1":"product","2":"type-product","3":"status-publish","4":"has-post-thumbnail","6":"product_cat-primer-2","7":"product_cat-general-construction","8":"product_tag-macht-haftgrund-primer-4l","9":"product_tag-paint","11":"first","12":"instock","13":"sale","14":"taxable","15":"shipping-taxable","16":"purchasable","17":"product-type-simple"},"acf":[],"_links":{"self":[{"href":"https:\/\/factory.sale\/fi\/wp-json\/wp\/v2\/product\/17353","targetHints":{"allow":["GET"]}}],"collection":[{"href":"https:\/\/factory.sale\/fi\/wp-json\/wp\/v2\/product"}],"about":[{"href":"https:\/\/factory.sale\/fi\/wp-json\/wp\/v2\/types\/product"}],"replies":[{"embeddable":true,"href":"https:\/\/factory.sale\/fi\/wp-json\/wp\/v2\/comments?post=17353"}],"wp:featuredmedia":[{"embeddable":true,"href":"https:\/\/factory.sale\/fi\/wp-json\/wp\/v2\/media\/17346"}],"wp:attachment":[{"href":"https:\/\/factory.sale\/fi\/wp-json\/wp\/v2\/media?parent=17353"}],"wp:term":[{"taxonomy":"factory","embeddable":true,"href":"https:\/\/factory.sale\/fi\/wp-json\/wp\/v2\/factory?post=17353"},{"taxonomy":"free-shipment","embeddable":true,"href":"https:\/\/factory.sale\/fi\/wp-json\/wp\/v2\/free-shipment?post=17353"},{"taxonomy":"product_brand","embeddable":true,"href":"https:\/\/factory.sale\/fi\/wp-json\/wp\/v2\/product_brand?post=17353"},{"taxonomy":"product_cat","embeddable":true,"href":"https:\/\/factory.sale\/fi\/wp-json\/wp\/v2\/product_cat?post=17353"},{"taxonomy":"product_tag","embeddable":true,"href":"https:\/\/factory.sale\/fi\/wp-json\/wp\/v2\/product_tag?post=17353"}],"curies":[{"name":"wp","href":"https:\/\/api.w.org\/{rel}","templated":true}]}}