{"id":17099,"date":"2022-12-14T10:28:35","date_gmt":"2022-12-14T10:33:30","guid":{"rendered":"https:\/\/factory.sale\/product\/autotelk-pohjala-xxl\/"},"modified":"2025-08-28T13:02:13","modified_gmt":"2025-08-28T10:02:13","slug":"pressutalli-pohjala-xxl","status":"publish","type":"product","link":"https:\/\/factory.sale\/fi\/tuote\/pressutalli-pohjala-xxl\/","title":{"rendered":"PRESSUTALLI P\u00d5HJALA XXL"},"content":{"rendered":"<p>Pressutalli P\u00f5hjala on vahvalla p\u00e4\u00e4llyksell\u00e4 ja galvanoidulla ter\u00e4srungolla varustettu pressutalli, joka on<br \/>\nhelppo koota. Vahvan PVC pressun ansiosta se kest\u00e4\u00e4 talviolosuhteet ja suuret lumikuormat hyvin.<\/p>\n<p>XXL 4,5&#215;7,8m H=4,2m; oviaukon korkeus noin 3,7 m<\/p>\n<p><strong>Autoteltta XXL tulee viiden kappaleen paketissa, kokonaispaino 211 kg<\/strong><\/p>\n<p>65x59x32cm 57,6 kg<br \/>\n136x43x29cm 43kg<br \/>\n183x23x24 cm 45kg<br \/>\n184x24x18cm 29kg<br \/>\n184x28x18 cm 36kg<\/p>\n<p><strong>Materiaali:<\/strong><\/p>\n<ul>\n<li>Galvanoitu ter\u00e4srunko 32 x 1,1 mm<\/li>\n<li>PVC pressu 450g\/m2<\/li>\n<\/ul>\n<p><a href=\"https:\/\/factory.sale\/wp-content\/uploads\/2022\/12\/User-manual-Pohjala-XXL-Factory.Sale_.pdf\" target=\"_blank\" rel=\"noopener\">Pressutalli P\u00f5hjala XL manuaalinen<\/a><\/p>\n","protected":false},"excerpt":{"rendered":"<p>Pressutalli P\u00f5hjala on vahvalla p\u00e4\u00e4llyksell\u00e4 ja galvanoidulla ter\u00e4srungolla varustettu pressutalli, joka on helppo koota.<\/p>\n","protected":false},"featured_media":17073,"comment_status":"open","ping_status":"closed","template":"","meta":{"_acf_changed":false},"factory":[],"free-shipment":[],"product_brand":[],"product_cat":[1339,997],"product_tag":[1485,1486,1487],"class_list":{"0":"post-17099","1":"product","2":"type-product","3":"status-publish","4":"has-post-thumbnail","6":"product_cat-autokatokset","7":"product_cat-piha-puutarha-fi","8":"product_tag-car-shade-fi","9":"product_tag-car-tent-fi","10":"product_tag-carport-fi","12":"first","13":"instock","14":"sale","15":"taxable","16":"shipping-taxable","17":"purchasable","18":"product-type-simple"},"acf":[],"_links":{"self":[{"href":"https:\/\/factory.sale\/fi\/wp-json\/wp\/v2\/product\/17099","targetHints":{"allow":["GET"]}}],"collection":[{"href":"https:\/\/factory.sale\/fi\/wp-json\/wp\/v2\/product"}],"about":[{"href":"https:\/\/factory.sale\/fi\/wp-json\/wp\/v2\/types\/product"}],"replies":[{"embeddable":true,"href":"https:\/\/factory.sale\/fi\/wp-json\/wp\/v2\/comments?post=17099"}],"wp:featuredmedia":[{"embeddable":true,"href":"https:\/\/factory.sale\/fi\/wp-json\/wp\/v2\/media\/17073"}],"wp:attachment":[{"href":"https:\/\/factory.sale\/fi\/wp-json\/wp\/v2\/media?parent=17099"}],"wp:term":[{"taxonomy":"factory","embeddable":true,"href":"https:\/\/factory.sale\/fi\/wp-json\/wp\/v2\/factory?post=17099"},{"taxonomy":"free-shipment","embeddable":true,"href":"https:\/\/factory.sale\/fi\/wp-json\/wp\/v2\/free-shipment?post=17099"},{"taxonomy":"product_brand","embeddable":true,"href":"https:\/\/factory.sale\/fi\/wp-json\/wp\/v2\/product_brand?post=17099"},{"taxonomy":"product_cat","embeddable":true,"href":"https:\/\/factory.sale\/fi\/wp-json\/wp\/v2\/product_cat?post=17099"},{"taxonomy":"product_tag","embeddable":true,"href":"https:\/\/factory.sale\/fi\/wp-json\/wp\/v2\/product_tag?post=17099"}],"curies":[{"name":"wp","href":"https:\/\/api.w.org\/{rel}","templated":true}]}}