{"id":17089,"date":"2022-12-14T09:45:43","date_gmt":"2022-12-14T09:45:43","guid":{"rendered":"https:\/\/factory.sale\/product\/autotelk-pohjala-xl\/"},"modified":"2025-08-28T13:02:14","modified_gmt":"2025-08-28T10:02:14","slug":"pressutalli-pohjala-xl","status":"publish","type":"product","link":"https:\/\/factory.sale\/fi\/tuote\/pressutalli-pohjala-xl\/","title":{"rendered":"\u00a0PRESSUTALLI P\u00d5HJALA XL"},"content":{"rendered":"<p>Pressutalli P\u00f5hjala on vahvalla p\u00e4\u00e4llyksell\u00e4 ja galvanoidulla ter\u00e4srungolla varustettu pressutalli, joka on<br \/>\nhelppo koota. Vahvan PVC pressun ansiosta se kest\u00e4\u00e4 talviolosuhteet ja suuret lumikuormat hyvin.<\/p>\n<p>XL 3,8&#215;6,5m H=4,0m; oviaukon korkeus noin 3 m<\/p>\n<p>Autoteltta XL tulee viiden kappaleen pakkauksessa, kokonaispaino 169 kg.<\/p>\n<ul>\n<li>70x25x61 cm = 46kg<\/li>\n<li>135x45x25 cm = 36kg<\/li>\n<li>167x18x25 cm = 33kg<\/li>\n<li>167x22x20 cm = 27kg<\/li>\n<li>170x13x32 cm = 27kg<\/li>\n<\/ul>\n<p><strong>Materiaali:<\/strong><\/p>\n<ul>\n<li>galvanoitu ter\u00e4srunko 32 x 1,1 mm<\/li>\n<li>PVC pressu 450g\/m2<\/li>\n<\/ul>\n<p><a href=\"https:\/\/factory.sale\/wp-content\/uploads\/2022\/12\/User-manual-Pohjala-XL-factory.sale_.pdf\" target=\"_blank\" rel=\"noopener\">Pressutalli P\u00f5hjala XL manuaalinen<\/a><\/p>\n","protected":false},"excerpt":{"rendered":"<p>Pressutalli P\u00f5hjala on vahvalla p\u00e4\u00e4llyksell\u00e4 ja galvanoidulla ter\u00e4srungolla varustettu pressutalli, joka on<br \/>\nhelppo koota.<\/p>\n","protected":false},"featured_media":17073,"comment_status":"open","ping_status":"closed","template":"","meta":{"_acf_changed":false},"factory":[],"free-shipment":[],"product_brand":[],"product_cat":[1339,997],"product_tag":[1485,1486,1487,1488,1489],"class_list":{"0":"post-17089","1":"product","2":"type-product","3":"status-publish","4":"has-post-thumbnail","6":"product_cat-autokatokset","7":"product_cat-piha-puutarha-fi","8":"product_tag-car-shade-fi","9":"product_tag-car-tent-fi","10":"product_tag-carport-fi","11":"product_tag-garden-fi","12":"product_tag-yard-fi","14":"first","15":"instock","16":"sale","17":"taxable","18":"shipping-taxable","19":"purchasable","20":"product-type-simple"},"acf":[],"_links":{"self":[{"href":"https:\/\/factory.sale\/fi\/wp-json\/wp\/v2\/product\/17089","targetHints":{"allow":["GET"]}}],"collection":[{"href":"https:\/\/factory.sale\/fi\/wp-json\/wp\/v2\/product"}],"about":[{"href":"https:\/\/factory.sale\/fi\/wp-json\/wp\/v2\/types\/product"}],"replies":[{"embeddable":true,"href":"https:\/\/factory.sale\/fi\/wp-json\/wp\/v2\/comments?post=17089"}],"wp:featuredmedia":[{"embeddable":true,"href":"https:\/\/factory.sale\/fi\/wp-json\/wp\/v2\/media\/17073"}],"wp:attachment":[{"href":"https:\/\/factory.sale\/fi\/wp-json\/wp\/v2\/media?parent=17089"}],"wp:term":[{"taxonomy":"factory","embeddable":true,"href":"https:\/\/factory.sale\/fi\/wp-json\/wp\/v2\/factory?post=17089"},{"taxonomy":"free-shipment","embeddable":true,"href":"https:\/\/factory.sale\/fi\/wp-json\/wp\/v2\/free-shipment?post=17089"},{"taxonomy":"product_brand","embeddable":true,"href":"https:\/\/factory.sale\/fi\/wp-json\/wp\/v2\/product_brand?post=17089"},{"taxonomy":"product_cat","embeddable":true,"href":"https:\/\/factory.sale\/fi\/wp-json\/wp\/v2\/product_cat?post=17089"},{"taxonomy":"product_tag","embeddable":true,"href":"https:\/\/factory.sale\/fi\/wp-json\/wp\/v2\/product_tag?post=17089"}],"curies":[{"name":"wp","href":"https:\/\/api.w.org\/{rel}","templated":true}]}}