{"id":17021,"date":"2022-07-07T10:55:25","date_gmt":"2022-12-13T18:52:32","guid":{"rendered":"https:\/\/factory.sale\/?post_type=product&#038;p=17021"},"modified":"2024-07-11T22:22:28","modified_gmt":"2024-07-11T19:22:28","slug":"tv-taso-tasmanian-oak","status":"publish","type":"product","link":"https:\/\/factory.sale\/fi\/tuote\/tv-taso-tasmanian-oak\/","title":{"rendered":"TV-TASO TASMANIAN OAK"},"content":{"rendered":"<p><strong>TV-tason Tasmanian Oak suunnittelu ja mitat:<\/strong><\/p>\n<p>\u25cf Valmistettu eksoottisesta tasmanialaisesta tammesta.<br \/>\n\u25cf Korkeus: 55 cm x leveys 180 cm x syvyys 40 cm.<br \/>\n\u25cf V\u00e4ri: NutMeg<br \/>\n\u25cf Suunnitteluelementtin\u00e4 TV-tasolla on kohdittain mielenkiintoinen kuvio.<br \/>\n\u25cf TV-tasossa on kaksi tilavaa ja k\u00e4yt\u00e4nn\u00f6llist\u00e4 kaappia (molemmissa kaapeissa hylly), laatikko ja\u00a0avohylly \u2013 ihanteellinen DVD-soittimien, pelikonsolien jne. s\u00e4ilytykseen.<br \/>\n\u25cf Miellytt\u00e4v\u00e4t ja mukavat mustat metallikahvat.<br \/>\n\u25cf Tuote on yhten\u00e4 kappaleena, ei vaadi kokoamista.<br \/>\n\u25cf Tuotteen paino: 46 kg.<\/p>\n<p>&nbsp;<\/p>\n<p><strong>Tuotekuvaus:<\/strong><\/p>\n<p>\u25cf Tuote on k\u00e4sintehty.<br \/>\n\u25cf Koska kyseess\u00e4 on luonnontuote, v\u00e4riss\u00e4 ja\/tai tekstuurissa voi esiinty\u00e4 vaihtelua.<br \/>\n\u25cf Huonekalujen viimeistelyss\u00e4 k\u00e4ytet\u00e4\u00e4n korkealaatuista l\u00e4pin\u00e4kyv\u00e4\u00e4 lakkaa.<br \/>\n\u25cf Kuvien sisustuselementit eiv\u00e4t sis\u00e4lly hintaan.<\/p>\n<p>\u25cf Pakkausten m\u00e4\u00e4r\u00e4: 1<\/p>\n","protected":false},"excerpt":{"rendered":"<p>Ainutlaatuinen ja k\u00e4sintehty TV-taso \u2013 tee olohuoneestasi tyylik\u00e4s ja viihtyis\u00e4!<\/p>\n","protected":false},"featured_media":9737,"comment_status":"open","ping_status":"closed","template":"","meta":{"_acf_changed":false},"factory":[],"free-shipment":[],"product_brand":[],"product_cat":[1319],"product_tag":[1403,1404,1405],"class_list":{"0":"post-17021","1":"product","2":"type-product","3":"status-publish","4":"has-post-thumbnail","6":"product_cat-huonekalut","7":"product_tag-bamboo-fi","8":"product_tag-furniture-fi","9":"product_tag-handmade-fi","11":"first","12":"instock","13":"sale","14":"taxable","15":"shipping-taxable","16":"purchasable","17":"product-type-simple"},"acf":[],"_links":{"self":[{"href":"https:\/\/factory.sale\/fi\/wp-json\/wp\/v2\/product\/17021","targetHints":{"allow":["GET"]}}],"collection":[{"href":"https:\/\/factory.sale\/fi\/wp-json\/wp\/v2\/product"}],"about":[{"href":"https:\/\/factory.sale\/fi\/wp-json\/wp\/v2\/types\/product"}],"replies":[{"embeddable":true,"href":"https:\/\/factory.sale\/fi\/wp-json\/wp\/v2\/comments?post=17021"}],"wp:featuredmedia":[{"embeddable":true,"href":"https:\/\/factory.sale\/fi\/wp-json\/wp\/v2\/media\/9737"}],"wp:attachment":[{"href":"https:\/\/factory.sale\/fi\/wp-json\/wp\/v2\/media?parent=17021"}],"wp:term":[{"taxonomy":"factory","embeddable":true,"href":"https:\/\/factory.sale\/fi\/wp-json\/wp\/v2\/factory?post=17021"},{"taxonomy":"free-shipment","embeddable":true,"href":"https:\/\/factory.sale\/fi\/wp-json\/wp\/v2\/free-shipment?post=17021"},{"taxonomy":"product_brand","embeddable":true,"href":"https:\/\/factory.sale\/fi\/wp-json\/wp\/v2\/product_brand?post=17021"},{"taxonomy":"product_cat","embeddable":true,"href":"https:\/\/factory.sale\/fi\/wp-json\/wp\/v2\/product_cat?post=17021"},{"taxonomy":"product_tag","embeddable":true,"href":"https:\/\/factory.sale\/fi\/wp-json\/wp\/v2\/product_tag?post=17021"}],"curies":[{"name":"wp","href":"https:\/\/api.w.org\/{rel}","templated":true}]}}