{"id":17017,"date":"2022-07-08T14:07:18","date_gmt":"2022-12-13T17:47:48","guid":{"rendered":"https:\/\/factory.sale\/?post_type=product&#038;p=17017"},"modified":"2024-06-27T03:35:50","modified_gmt":"2024-06-27T03:35:50","slug":"poytavalaisin-tao","status":"publish","type":"product","link":"https:\/\/factory.sale\/fi\/tuote\/poytavalaisin-tao\/","title":{"rendered":"P\u00d6YT\u00c4VALAISIN TAO"},"content":{"rendered":"<p><strong>Tao p\u00f6yt\u00e4valaisimen suunnittelu ja mitat:<\/strong><\/p>\n<ul>\n<li>P\u00f6yt\u00e4valaisin on valmistettu simpukankuorista, jotka on kiinnitetty lasikuitupohjaan.<\/li>\n<li>Jokainen simpukankuori puhdistetaan huolellisesti, leikataan k\u00e4sin ja asetetaan kuvioon.<\/li>\n<li>Mitat: korkeus 60 cm x leveys 18 cm.<\/li>\n<li>Valonl\u00e4hde: 1x max 40W (suosittelemme LED-lamppua), E27-kanta.<\/li>\n<li>Valonl\u00e4hde ei sis\u00e4lly pakkaukseen.<\/li>\n<li>Simpukankuorten v\u00e4ri: ruskean s\u00e4vyt &#8211; valkoinen.<\/li>\n<li>Valaisimen jalka on puusta ja mustan v\u00e4rinen.<\/li>\n<\/ul>\n<p>&nbsp;<\/p>\n<p><strong>Tuotekuvaus:<\/strong><\/p>\n<ul>\n<li>Kaikki huonekalumme ja valaisimet ovat k\u00e4sintehtyj\u00e4 ja ainutlaatuisia.<\/li>\n<li>Koska kyseess\u00e4 on luonnontuote, v\u00e4riss\u00e4 ja tekstuurissa voi esiinty\u00e4 vaihtelua.<\/li>\n<li>Kuvien sisustuselementit eiv\u00e4t sis\u00e4lly hintaan.<\/li>\n<li>Pakkausten m\u00e4\u00e4r\u00e4: 1<\/li>\n<\/ul>\n","protected":false},"excerpt":{"rendered":"<p>Ainutlaatuinen k\u00e4sintehty bambup\u00f6yt\u00e4valaisin.<\/p>\n","protected":false},"featured_media":9629,"comment_status":"open","ping_status":"closed","template":"","meta":{"_acf_changed":false},"factory":[],"free-shipment":[],"product_brand":[],"product_cat":[1319],"product_tag":[1403],"class_list":{"0":"post-17017","1":"product","2":"type-product","3":"status-publish","4":"has-post-thumbnail","6":"product_cat-huonekalut","7":"product_tag-bamboo-fi","9":"first","10":"instock","11":"sale","12":"taxable","13":"shipping-taxable","14":"purchasable","15":"product-type-simple"},"acf":[],"_links":{"self":[{"href":"https:\/\/factory.sale\/fi\/wp-json\/wp\/v2\/product\/17017","targetHints":{"allow":["GET"]}}],"collection":[{"href":"https:\/\/factory.sale\/fi\/wp-json\/wp\/v2\/product"}],"about":[{"href":"https:\/\/factory.sale\/fi\/wp-json\/wp\/v2\/types\/product"}],"replies":[{"embeddable":true,"href":"https:\/\/factory.sale\/fi\/wp-json\/wp\/v2\/comments?post=17017"}],"wp:featuredmedia":[{"embeddable":true,"href":"https:\/\/factory.sale\/fi\/wp-json\/wp\/v2\/media\/9629"}],"wp:attachment":[{"href":"https:\/\/factory.sale\/fi\/wp-json\/wp\/v2\/media?parent=17017"}],"wp:term":[{"taxonomy":"factory","embeddable":true,"href":"https:\/\/factory.sale\/fi\/wp-json\/wp\/v2\/factory?post=17017"},{"taxonomy":"free-shipment","embeddable":true,"href":"https:\/\/factory.sale\/fi\/wp-json\/wp\/v2\/free-shipment?post=17017"},{"taxonomy":"product_brand","embeddable":true,"href":"https:\/\/factory.sale\/fi\/wp-json\/wp\/v2\/product_brand?post=17017"},{"taxonomy":"product_cat","embeddable":true,"href":"https:\/\/factory.sale\/fi\/wp-json\/wp\/v2\/product_cat?post=17017"},{"taxonomy":"product_tag","embeddable":true,"href":"https:\/\/factory.sale\/fi\/wp-json\/wp\/v2\/product_tag?post=17017"}],"curies":[{"name":"wp","href":"https:\/\/api.w.org\/{rel}","templated":true}]}}