{"id":17011,"date":"2022-07-08T12:32:38","date_gmt":"2022-12-13T17:42:25","guid":{"rendered":"https:\/\/factory.sale\/?post_type=product&#038;p=17011"},"modified":"2024-06-27T14:59:57","modified_gmt":"2024-06-27T14:59:57","slug":"poytavalaisin-eriyadu","status":"publish","type":"product","link":"https:\/\/factory.sale\/fi\/tuote\/poytavalaisin-eriyadu\/","title":{"rendered":"P\u00d6YT\u00c4VALAISIN ERIYADU"},"content":{"rendered":"<p><strong>Eriyadu p\u00f6yt\u00e4valaisimen suunnittelu ja mitat:<\/strong><\/p>\n<p>\u25cf P\u00f6yt\u00e4valaisin on valmistettu simpukankuorista, jotka on kiinnitetty lasikuitupohjaan.<br \/>\n\u25cf Jokainen simpukankuori puhdistetaan huolellisesti, leikataan k\u00e4sin ja asetetaan kuvioon.<br \/>\n\u25cf Mitat: halkaisija 24 cm<br \/>\n\u25cf Valonl\u00e4hde: 1x max 40W (suosittelemme LED-lamppua), E27-kanta<br \/>\n\u25cf Valonl\u00e4hde ei sis\u00e4lly pakkaukseen.<br \/>\n\u25cf Simpukankuorten v\u00e4ri: valkoinen<br \/>\n\u25cf Valaisimen jalka on puusta ja mustanv\u00e4rinen.<\/p>\n<p>&nbsp;<\/p>\n<p><strong>Tuotekuvaus:<\/strong><\/p>\n<p>\u25cf Kaikki huonekalumme ja valaisimet ovat k\u00e4sintehtyj\u00e4 ja ainutlaatuisia.<br \/>\n\u25cf Koska kyseess\u00e4 on luonnontuote, v\u00e4riss\u00e4 ja tekstuurissa voi esiinty\u00e4 vaihtelua.<br \/>\n\u25cf Kuvien sisustuselementit eiv\u00e4t sis\u00e4lly hintaan.<br \/>\n\u25cf Pakkausten m\u00e4\u00e4r\u00e4: 1<\/p>\n","protected":false},"excerpt":{"rendered":"<p>Ainutlaatuinen ja k\u00e4sintehty p\u00f6yt\u00e4valaisin, joka on valmistettu simpukankuorista ja kiinnitetty lasikuitujalustalle.<\/p>\n","protected":false},"featured_media":9586,"comment_status":"open","ping_status":"closed","template":"","meta":{"_acf_changed":false},"factory":[],"free-shipment":[],"product_brand":[],"product_cat":[1319],"product_tag":[],"class_list":{"0":"post-17011","1":"product","2":"type-product","3":"status-publish","4":"has-post-thumbnail","6":"product_cat-huonekalut","8":"first","9":"instock","10":"sale","11":"taxable","12":"shipping-taxable","13":"purchasable","14":"product-type-simple"},"acf":[],"_links":{"self":[{"href":"https:\/\/factory.sale\/fi\/wp-json\/wp\/v2\/product\/17011","targetHints":{"allow":["GET"]}}],"collection":[{"href":"https:\/\/factory.sale\/fi\/wp-json\/wp\/v2\/product"}],"about":[{"href":"https:\/\/factory.sale\/fi\/wp-json\/wp\/v2\/types\/product"}],"replies":[{"embeddable":true,"href":"https:\/\/factory.sale\/fi\/wp-json\/wp\/v2\/comments?post=17011"}],"wp:featuredmedia":[{"embeddable":true,"href":"https:\/\/factory.sale\/fi\/wp-json\/wp\/v2\/media\/9586"}],"wp:attachment":[{"href":"https:\/\/factory.sale\/fi\/wp-json\/wp\/v2\/media?parent=17011"}],"wp:term":[{"taxonomy":"factory","embeddable":true,"href":"https:\/\/factory.sale\/fi\/wp-json\/wp\/v2\/factory?post=17011"},{"taxonomy":"free-shipment","embeddable":true,"href":"https:\/\/factory.sale\/fi\/wp-json\/wp\/v2\/free-shipment?post=17011"},{"taxonomy":"product_brand","embeddable":true,"href":"https:\/\/factory.sale\/fi\/wp-json\/wp\/v2\/product_brand?post=17011"},{"taxonomy":"product_cat","embeddable":true,"href":"https:\/\/factory.sale\/fi\/wp-json\/wp\/v2\/product_cat?post=17011"},{"taxonomy":"product_tag","embeddable":true,"href":"https:\/\/factory.sale\/fi\/wp-json\/wp\/v2\/product_tag?post=17011"}],"curies":[{"name":"wp","href":"https:\/\/api.w.org\/{rel}","templated":true}]}}