{"id":17009,"date":"2022-07-08T13:46:48","date_gmt":"2022-12-13T17:40:59","guid":{"rendered":"https:\/\/factory.sale\/?post_type=product&#038;p=17009"},"modified":"2024-06-27T15:33:48","modified_gmt":"2024-06-27T15:33:48","slug":"poytavalaisin-eco","status":"publish","type":"product","link":"https:\/\/factory.sale\/fi\/tuote\/poytavalaisin-eco\/","title":{"rendered":"P\u00d6YT\u00c4VALAISIN ECO"},"content":{"rendered":"<p><strong>Eco p\u00f6yt\u00e4valaisimen suunnittelu ja mitat:<\/strong><\/p>\n<ul>\n<li>Korkeus 35 cm x leveys 25 cm x syvyys 25 cm (ilman varjostinta).<\/li>\n<li>Varjostimen mitat: korkeus 22 cm x leveys 28 cm x pituus 28 cm.<\/li>\n<li>Valaisimen korkeus varjostimen kanssa: 57 cm.<\/li>\n<li>Valonl\u00e4hde: 1x max 40W (suosittelemme LED-lamppua), E27-kanta.<\/li>\n<li>Valonl\u00e4hde ei sis\u00e4lly pakkaukseen..<\/li>\n<li>Varjostin: kangas pellava\/v\u00e4ri luonnollinen.<\/li>\n<li>Suunnitteluelementtin\u00e4 k\u00e4ytetty luonnollista tiikeribamburunkoa.<\/li>\n<li>Valmistettu bambup\u00e4\u00e4llysteisest\u00e4 vanerista, jonka pinta on k\u00e4sinkuorittua bambua.<\/li>\n<li>V\u00e4ri: Punaruskea<\/li>\n<\/ul>\n<p><strong>Tuotekuvaus:<\/strong><\/p>\n<ul>\n<li>Kaikki bambuhuonekalumme ovat k\u00e4sintehtyj\u00e4 ja ainutlaatuisia.<\/li>\n<li>Koska kyseess\u00e4 on luonnontuote, v\u00e4riss\u00e4 ja\/tai tekstuurissa voi esiinty\u00e4 vaihtelua.<\/li>\n<li>Valmistettu Euroopan ilmastoon. Bambu kuivataan erityisiss\u00e4 uuneissa ilmastonmuutoksen aiheuttaman halkeilun minimoimiseksi. Bambutuotteissa voi kuitenkin olla pieni\u00e4 halkeamia, jotka eiv\u00e4t vaikuta tuotteen laatuun tai vahvuuteen mill\u00e4\u00e4n tavalla.<\/li>\n<li>Huonekalujen viimeistelyss\u00e4 k\u00e4ytet\u00e4\u00e4n korkealaatuista l\u00e4pin\u00e4kyv\u00e4\u00e4 lakkaa.<\/li>\n<li>Kuvien sisustuselementit eiv\u00e4t sis\u00e4lly hintaan.<\/li>\n<li>Pakkausten m\u00e4\u00e4r\u00e4: 1<\/li>\n<\/ul>\n","protected":false},"excerpt":{"rendered":"<p>Ainutlaatuinen k\u00e4sintehty bambuinen p\u00f6yt\u00e4valaisin.<\/p>\n","protected":false},"featured_media":9619,"comment_status":"open","ping_status":"closed","template":"","meta":{"_acf_changed":false},"factory":[],"free-shipment":[],"product_brand":[],"product_cat":[1319],"product_tag":[1403],"class_list":{"0":"post-17009","1":"product","2":"type-product","3":"status-publish","4":"has-post-thumbnail","6":"product_cat-huonekalut","7":"product_tag-bamboo-fi","9":"first","10":"instock","11":"sale","12":"taxable","13":"shipping-taxable","14":"purchasable","15":"product-type-simple"},"acf":[],"_links":{"self":[{"href":"https:\/\/factory.sale\/fi\/wp-json\/wp\/v2\/product\/17009","targetHints":{"allow":["GET"]}}],"collection":[{"href":"https:\/\/factory.sale\/fi\/wp-json\/wp\/v2\/product"}],"about":[{"href":"https:\/\/factory.sale\/fi\/wp-json\/wp\/v2\/types\/product"}],"replies":[{"embeddable":true,"href":"https:\/\/factory.sale\/fi\/wp-json\/wp\/v2\/comments?post=17009"}],"wp:featuredmedia":[{"embeddable":true,"href":"https:\/\/factory.sale\/fi\/wp-json\/wp\/v2\/media\/9619"}],"wp:attachment":[{"href":"https:\/\/factory.sale\/fi\/wp-json\/wp\/v2\/media?parent=17009"}],"wp:term":[{"taxonomy":"factory","embeddable":true,"href":"https:\/\/factory.sale\/fi\/wp-json\/wp\/v2\/factory?post=17009"},{"taxonomy":"free-shipment","embeddable":true,"href":"https:\/\/factory.sale\/fi\/wp-json\/wp\/v2\/free-shipment?post=17009"},{"taxonomy":"product_brand","embeddable":true,"href":"https:\/\/factory.sale\/fi\/wp-json\/wp\/v2\/product_brand?post=17009"},{"taxonomy":"product_cat","embeddable":true,"href":"https:\/\/factory.sale\/fi\/wp-json\/wp\/v2\/product_cat?post=17009"},{"taxonomy":"product_tag","embeddable":true,"href":"https:\/\/factory.sale\/fi\/wp-json\/wp\/v2\/product_tag?post=17009"}],"curies":[{"name":"wp","href":"https:\/\/api.w.org\/{rel}","templated":true}]}}