{"id":16991,"date":"2022-07-07T14:24:40","date_gmt":"2022-12-13T17:20:03","guid":{"rendered":"https:\/\/factory.sale\/?post_type=product&#038;p=16991"},"modified":"2024-06-27T18:19:12","modified_gmt":"2024-06-27T18:19:12","slug":"misool-yopoyta-yhdella-laatikolla","status":"publish","type":"product","link":"https:\/\/factory.sale\/fi\/tuote\/misool-yopoyta-yhdella-laatikolla\/","title":{"rendered":"MISOOL Y\u00d6P\u00d6YT\u00c4 YHDELL\u00c4 LAATIKOLLA"},"content":{"rendered":"<p><strong>Misool y\u00f6p\u00f6yt\u00e4 suunnittelu ja mitat:<\/strong><\/p>\n<p>\u25cf Y\u00f6p\u00f6yt\u00e4 yhdell\u00e4 laatikolla<br \/>\n\u25cf Korkeus 48 cm x leveys 50 cm x syvyys 40 cm<br \/>\n\u25cf V\u00e4ri: Auburn<br \/>\n\u25cf Laatikko on valmistettu massiivipuusta.<br \/>\n\u25cf Suunnittelussa k\u00e4ytetty luonnollista tiikeribamburunkoa.<br \/>\n\u25cf Laatikossa on kaunis tiikeribambu-vedin.<br \/>\n\u25cf Laatikon liukukiskot on valmistettu Saksassa (pehme\u00e4 sulkemisj\u00e4rjestelm\u00e4).<br \/>\n\u25cf Tuote on yhten\u00e4 kappaleena, ei vaadi kokoamista.<\/p>\n<p><strong>Tuotekuvaus:<\/strong><\/p>\n<p>\u25cf Kaikki bambuhuonekalumme ovat k\u00e4sintehtyj\u00e4 ja ainutlaatuisia.<br \/>\n\u25cf Koska kyseess\u00e4 on luonnontuote, v\u00e4riss\u00e4 ja\/tai tekstuurissa voi esiinty\u00e4 vaihtelua.<br \/>\n\u25cf Valmistettu Euroopan ilmastoon. Bambu kuivataan erityisiss\u00e4 uuneissa ilmastonmuutoksen aiheuttaman halkeilun minimoimiseksi. Bambutuotteissa voi kuitenkin olla pieni\u00e4 halkeamia, jotka eiv\u00e4t vaikuta tuotteen laatuun tai vahvuuteen mill\u00e4\u00e4n tavalla.<br \/>\n\u25cf Huonekalujen viimeistelyss\u00e4 k\u00e4ytet\u00e4\u00e4n korkealaatuista l\u00e4pin\u00e4kyv\u00e4\u00e4 lakkaa.<br \/>\n\u25cf Kuvien sisustuselementit eiv\u00e4t sis\u00e4lly hintaan.<br \/>\n\u25cf Pakkausten m\u00e4\u00e4r\u00e4: 1<\/p>\n","protected":false},"excerpt":{"rendered":"<p>Ainutlaatuinen k\u00e4sintehty y\u00f6p\u00f6yt\u00e4 bambusta\u00a0 \u2013 loistava lis\u00e4 tekem\u00e4\u00e4n makuuhuoneestasi entist\u00e4 viihtyis\u00e4mm\u00e4n!<\/p>\n","protected":false},"featured_media":9750,"comment_status":"open","ping_status":"closed","template":"","meta":{"_acf_changed":false},"factory":[],"free-shipment":[],"product_brand":[],"product_cat":[1319],"product_tag":[1403,1404,1405],"class_list":{"0":"post-16991","1":"product","2":"type-product","3":"status-publish","4":"has-post-thumbnail","6":"product_cat-huonekalut","7":"product_tag-bamboo-fi","8":"product_tag-furniture-fi","9":"product_tag-handmade-fi","11":"first","12":"instock","13":"sale","14":"taxable","15":"shipping-taxable","16":"purchasable","17":"product-type-simple"},"acf":[],"_links":{"self":[{"href":"https:\/\/factory.sale\/fi\/wp-json\/wp\/v2\/product\/16991","targetHints":{"allow":["GET"]}}],"collection":[{"href":"https:\/\/factory.sale\/fi\/wp-json\/wp\/v2\/product"}],"about":[{"href":"https:\/\/factory.sale\/fi\/wp-json\/wp\/v2\/types\/product"}],"replies":[{"embeddable":true,"href":"https:\/\/factory.sale\/fi\/wp-json\/wp\/v2\/comments?post=16991"}],"wp:featuredmedia":[{"embeddable":true,"href":"https:\/\/factory.sale\/fi\/wp-json\/wp\/v2\/media\/9750"}],"wp:attachment":[{"href":"https:\/\/factory.sale\/fi\/wp-json\/wp\/v2\/media?parent=16991"}],"wp:term":[{"taxonomy":"factory","embeddable":true,"href":"https:\/\/factory.sale\/fi\/wp-json\/wp\/v2\/factory?post=16991"},{"taxonomy":"free-shipment","embeddable":true,"href":"https:\/\/factory.sale\/fi\/wp-json\/wp\/v2\/free-shipment?post=16991"},{"taxonomy":"product_brand","embeddable":true,"href":"https:\/\/factory.sale\/fi\/wp-json\/wp\/v2\/product_brand?post=16991"},{"taxonomy":"product_cat","embeddable":true,"href":"https:\/\/factory.sale\/fi\/wp-json\/wp\/v2\/product_cat?post=16991"},{"taxonomy":"product_tag","embeddable":true,"href":"https:\/\/factory.sale\/fi\/wp-json\/wp\/v2\/product_tag?post=16991"}],"curies":[{"name":"wp","href":"https:\/\/api.w.org\/{rel}","templated":true}]}}