{"id":16969,"date":"2022-12-13T11:08:13","date_gmt":"2022-12-13T11:08:13","guid":{"rendered":"https:\/\/factory.sale\/product\/elektrikeris-harvia-forte-afb9-9kw-must\/"},"modified":"2024-06-25T15:16:12","modified_gmt":"2024-06-25T15:16:12","slug":"sahkokiuas-harvia-forte-afb9-9kw-musta","status":"publish","type":"product","link":"https:\/\/factory.sale\/fi\/tuote\/sahkokiuas-harvia-forte-afb9-9kw-musta\/","title":{"rendered":"S\u00e4hk\u00f6kiuas Harvia Forte AFB9 9 kW musta"},"content":{"rendered":"<p>Harvia Forte Aina Valmis s\u00e4hk\u00f6kiuas on t\u00e4ydellinen ratkaisu niille, jotka haluat nauttia saunan l\u00e4mm\u00f6st\u00e4 v\u00e4litt\u00f6m\u00e4sti ja haluavat saunoa useasti. Unohda arjen kiire ja nauti saunan terveysvaikutuksista. Avaa kiukaan luukku ja heit\u00e4 vett\u00e4 kuumille kiville, niin p\u00e4\u00e4set heti nauttimaan Forten monipuolisista l\u00f6ylyist\u00e4.<\/p>\n<p>Moderni ulkon\u00e4k\u00f6 k\u00e4tkee sis\u00e4\u00e4ns\u00e4 l\u00e4mp\u00f6eristetyn kivitilan, joka pit\u00e4\u00e4 kivet kuumina. Pehme\u00e4t linjat ja viile\u00e4 kiukaan ulkopinta on aina turvallinen kaikille saunojille. Forte kiuas on aina energian-s\u00e4\u00e4st\u00f6tilassa, mik\u00e4li saunaa ei k\u00e4yt\u00e4 ja voit vapauttaa kivitilan energian nopeasti saunaan ja l\u00f6yly\u00e4 heitt\u00e4m\u00e4ll\u00e4 se tapahtuu tehokkaammin. Saunominen ei voi olla yksinkertaisempaa, kuin aina valmiilla kiukaalla. Useat tyytyv\u00e4iset k\u00e4ytt\u00e4j\u00e4t sen ovat jo osoittaneet, ett\u00e4 saunominen on silloin mukavinta kun sinne voi menn\u00e4 juuri silloin kun haluat.<\/p>\n<p>Nauti tarkasta kiukaan ohjauksesta, joka mahdollistaa juuri sinulle s\u00e4\u00e4detyt l\u00f6ylyt. Forten digitalisen Xafir ohjauksen avulla voit s\u00e4\u00e4t\u00e4\u00e4 kiukaan ominaisuuksia, hallita energian k\u00e4ytt\u00f6m\u00e4\u00e4r\u00e4\u00e4 ja l\u00f6ylyj\u00e4. K\u00e4ytt\u00f6 on helppoa l\u00e4mp\u00f6\u00e4 ja kosteutta kest\u00e4v\u00e4st\u00e4 ohjauspaneelista, joka voidaan asentaa saunan sis\u00e4lle. Voit s\u00e4\u00e4t\u00e4\u00e4 siit\u00e4 kivitilan l\u00e4mp\u00f6tilaa energians\u00e4\u00e4st\u00f6tilassa (Lo) tai saunomistilassa (Hi). Turvatoiminto tunnistaa automaattisesti, mik\u00e4li olet unohtanut kiukaan luukun auki ja sammuttaa kiukaan tai jos kiuas ylikuumenee. Forte on aina turvallinen k\u00e4ytt\u00e4\u00e4.<\/p>\n<p>Forte on t\u00e4ydellinen kiuas perhesaunoihin ja eteenkin omakotitaloihin. Hyvin l\u00e4mp\u00f6eristetty kuori pit\u00e4\u00e4 kivitilan l\u00e4mpim\u00e4n\u00e4 ja saunan l\u00e4mp\u00f6tilan todella matalana. Energiaa ei mene hukkaan, sill\u00e4 Forte toimii my\u00f6s t\u00e4ll\u00f6in l\u00e4mp\u00f6patterina ja luo perusl\u00e4mm\u00f6n saunaasi. Se on aina valmis ja se on turvallinen k\u00e4ytt\u00e4\u00e4.<\/p>\n<p>&nbsp;<\/p>\n<div class=\"sauna-page-hide-item\"><strong>Forte AFB9 tekniset tiedot:<\/strong><\/div>\n<p>&nbsp;<\/p>\n<table>\n<thead>\n<tr>\n<td><span style=\"font-weight: 400;\">Tehoa, (kW)<\/span><\/td>\n<td><span style=\"font-weight: 400;\">9,0<\/span><\/td>\n<\/tr>\n<\/thead>\n<tbody>\n<tr>\n<td><span style=\"font-weight: 400;\">H\u00f6yryhuone, min. (m3)<\/span><\/td>\n<td><span style=\"font-weight: 400;\">10<\/span><\/td>\n<\/tr>\n<tr>\n<td><span style=\"font-weight: 400;\">H\u00f6yryhuone, maks. (m3)<\/span><\/td>\n<td><span style=\"font-weight: 400;\">15<\/span><\/td>\n<\/tr>\n<tr>\n<td><span style=\"font-weight: 400;\">Mitat: Leveys<\/span><\/p>\n<p><span style=\"font-weight: 400;\">, (mm)<\/span><\/td>\n<td><span style=\"font-weight: 400;\">500<\/span><\/td>\n<\/tr>\n<tr>\n<td><span style=\"font-weight: 400;\">Mitat: korkeus, (mm)<\/span><\/td>\n<td><span style=\"font-weight: 400;\">830<\/span><\/td>\n<\/tr>\n<tr>\n<td><span style=\"font-weight: 400;\">Mitat: syvyys, (mm)<\/span><\/td>\n<td><span style=\"font-weight: 400;\">535<\/span><\/td>\n<\/tr>\n<tr>\n<td><span style=\"font-weight: 400;\">Paino, (kg)<\/span><\/td>\n<td><span style=\"font-weight: 400;\">30<\/span><\/td>\n<\/tr>\n<tr>\n<td><span style=\"font-weight: 400;\">Kivet, maks. (kg)<\/span><\/td>\n<td><span style=\"font-weight: 400;\">100<\/span><\/td>\n<\/tr>\n<tr>\n<td><span style=\"font-weight: 400;\">H\u00f6yryhuoneen korkeus, min. (cm)<\/span><\/td>\n<td><span style=\"font-weight: 400;\">190<\/span><\/td>\n<\/tr>\n<tr>\n<td><span style=\"font-weight: 400;\">Sy\u00f6tt\u00f6j\u00e4nnite, vaihe<\/span><\/td>\n<td><span style=\"font-weight: 400;\">400 V 3N<\/span><\/td>\n<\/tr>\n<tr>\n<td><span style=\"font-weight: 400;\">S\u00e4hk\u00f6johto, (mm2)<\/span><\/td>\n<td><span style=\"font-weight: 400;\">5 x 2,5<\/span><\/td>\n<\/tr>\n<tr>\n<td><span style=\"font-weight: 400;\">Anturin kaapeli, (mm2)<\/span><\/td>\n<td><span style=\"font-weight: 400;\">&#8211;<\/span><\/td>\n<\/tr>\n<tr>\n<td><span style=\"font-weight: 400;\">Tiedonsiirtokaapeli<\/span><\/td>\n<td><span style=\"font-weight: 400;\">&#8211;<\/span><\/td>\n<\/tr>\n<tr>\n<td><span style=\"font-weight: 400;\">Suojaus, (A)<\/span><\/td>\n<td><span style=\"font-weight: 400;\">3 x 16<\/span><\/td>\n<\/tr>\n<tr>\n<td><span style=\"font-weight: 400;\">Ohjauskeskus<\/span><\/td>\n<td><span style=\"font-weight: 400;\">Varustettu<\/span><\/td>\n<\/tr>\n<tr>\n<td><span style=\"font-weight: 400;\">Veden tilavuus, (l)<\/span><\/td>\n<td><span style=\"font-weight: 400;\">&#8211;<\/span><\/td>\n<\/tr>\n<tr>\n<td><span style=\"font-weight: 400;\">H\u00f6yrystyskyky<\/span><\/td>\n<td><span style=\"font-weight: 400;\">&#8211;<\/span><\/td>\n<\/tr>\n<tr>\n<td><span style=\"font-weight: 400;\">v\u00e4ri<\/span><\/td>\n<td><span style=\"font-weight: 400;\">musta<\/span><\/td>\n<\/tr>\n<tr>\n<td><span style=\"font-weight: 400;\">Kivet<\/span><\/td>\n<td><span style=\"font-weight: 400;\">Kivet eiv\u00e4t sis\u00e4lly hintaan<\/span><\/td>\n<\/tr>\n<\/tbody>\n<\/table>\n<p><a href=\"https:\/\/factory.sale\/wp-content\/uploads\/2022\/12\/Harvia-Forte-AFB9.pdf\" target=\"_blank\" rel=\"noopener\">Lataa k\u00e4sikirja &#8211; Harvia Forte AFB9<\/a><\/p>\n","protected":false},"excerpt":{"rendered":"<p>Harvia Forte sopii erityisesti pieniin koteihin, joiden koko on 10 &#8211; 15 m3. Ainutlaatuinen muotoilu ja tekniikka tekev\u00e4t siit\u00e4 parhaan saatavilla olevan l\u00e4mm\u00f6nvaraajan.<\/p>\n<p>Kiukaaseen kuuluu my\u00f6s ohjauskeskus!<\/p>\n","protected":false},"featured_media":16897,"comment_status":"open","ping_status":"closed","template":"","meta":{"_acf_changed":false},"factory":[],"free-shipment":[],"product_brand":[],"product_cat":[1421,1121,484],"product_tag":[1463,1448,1464],"class_list":{"0":"post-16969","1":"product","2":"type-product","3":"status-publish","4":"has-post-thumbnail","6":"product_cat-harvia-fi","7":"product_cat-saniteetti","8":"product_cat-saunan-kiukaat","9":"product_tag-9-kw-sauna-electric-heater-fi","10":"product_tag-floor-heater-fi","11":"product_tag-harvia-forte-afb9-fi","13":"first","14":"instock","15":"sale","16":"taxable","17":"shipping-taxable","18":"purchasable","19":"product-type-simple"},"acf":[],"_links":{"self":[{"href":"https:\/\/factory.sale\/fi\/wp-json\/wp\/v2\/product\/16969","targetHints":{"allow":["GET"]}}],"collection":[{"href":"https:\/\/factory.sale\/fi\/wp-json\/wp\/v2\/product"}],"about":[{"href":"https:\/\/factory.sale\/fi\/wp-json\/wp\/v2\/types\/product"}],"replies":[{"embeddable":true,"href":"https:\/\/factory.sale\/fi\/wp-json\/wp\/v2\/comments?post=16969"}],"wp:featuredmedia":[{"embeddable":true,"href":"https:\/\/factory.sale\/fi\/wp-json\/wp\/v2\/media\/16897"}],"wp:attachment":[{"href":"https:\/\/factory.sale\/fi\/wp-json\/wp\/v2\/media?parent=16969"}],"wp:term":[{"taxonomy":"factory","embeddable":true,"href":"https:\/\/factory.sale\/fi\/wp-json\/wp\/v2\/factory?post=16969"},{"taxonomy":"free-shipment","embeddable":true,"href":"https:\/\/factory.sale\/fi\/wp-json\/wp\/v2\/free-shipment?post=16969"},{"taxonomy":"product_brand","embeddable":true,"href":"https:\/\/factory.sale\/fi\/wp-json\/wp\/v2\/product_brand?post=16969"},{"taxonomy":"product_cat","embeddable":true,"href":"https:\/\/factory.sale\/fi\/wp-json\/wp\/v2\/product_cat?post=16969"},{"taxonomy":"product_tag","embeddable":true,"href":"https:\/\/factory.sale\/fi\/wp-json\/wp\/v2\/product_tag?post=16969"}],"curies":[{"name":"wp","href":"https:\/\/api.w.org\/{rel}","templated":true}]}}