{"id":16885,"date":"2022-08-24T11:53:36","date_gmt":"2022-12-11T16:51:21","guid":{"rendered":"https:\/\/factory.sale\/?post_type=product&#038;p=16885"},"modified":"2024-06-25T13:06:16","modified_gmt":"2024-06-25T13:06:16","slug":"hierontatuoli-musta","status":"publish","type":"product","link":"https:\/\/factory.sale\/fi\/tuote\/hierontatuoli-musta\/","title":{"rendered":"Hierontatuoli musta"},"content":{"rendered":"<p>K\u00e4\u00e4ntyv\u00e4 nojatuoli, jossa on korkealaatuinen keinonahkaverhoilu sek\u00e4 istuin ja selk\u00e4noja tukevalla pehmusteella. Tuoli tarjoaa \u00e4\u00e4rimm\u00e4ist\u00e4 mukavuutta. Nojatuolin py\u00f6riv\u00e4 j\u00e4rjestelm\u00e4 mahdollistaa 360 asteen n\u00e4kym\u00e4n huoneeseen. Keinuvassa hierontatuolissa on 8 hierontapalloa koko kehon rentouttamiseen.<br \/>\nL\u00e4mmityksen ansiosta nojatuoli s\u00e4teilee mukavaa l\u00e4mp\u00f6\u00e4, mik\u00e4 v\u00e4hent\u00e4\u00e4 kireytt\u00e4. Selk\u00e4nojaa ja jalkatukea\u00a0voidaan s\u00e4\u00e4t\u00e4\u00e4 tarpeen mukaan. Mukana tuleva kaukos\u00e4\u00e4din voidaan s\u00e4ilytt\u00e4\u00e4 hierontatuolin sivutaskussa.<\/p>\n<p><strong>Lis\u00e4tiedot:<\/strong><\/p>\n<p>\u25cf 2 hierontatasoa, korkea\/matala<br \/>\n\u25cf 8 hierontapalloa<br \/>\n\u25cf S\u00e4\u00e4dett\u00e4v\u00e4 selk\u00e4noja ja jalkatuki<br \/>\n\u25cf Kaukos\u00e4\u00e4din<br \/>\n\u25cf Materiaali: synteettinen nahka<br \/>\n\u25cf Painorajoitus: 110 kg<br \/>\n\u25cf Tuoli py\u00f6rii 360\u00b0<br \/>\n\u25cf Paino 56 kg<br \/>\n\u25cf Tuolin mitat: 106 x 94 x 88 cm<br \/>\n\u25cf Istuinsyvyys 50 cm, leveys 56 cm<br \/>\n\u25cf V\u00e4ri: musta<\/p>\n","protected":false},"excerpt":{"rendered":"<p>Ammattimaisilla toiminnoilla varustettu hierontatuoli kotik\u00e4ytt\u00f6\u00f6n.<\/p>\n","protected":false},"featured_media":81452,"comment_status":"open","ping_status":"closed","template":"","meta":{"_acf_changed":false},"factory":[],"free-shipment":[],"product_brand":[],"product_cat":[1319],"product_tag":[1404,1425],"class_list":{"0":"post-16885","1":"product","2":"type-product","3":"status-publish","4":"has-post-thumbnail","6":"product_cat-huonekalut","7":"product_tag-furniture-fi","8":"product_tag-home-fi","10":"first","11":"instock","12":"sale","13":"taxable","14":"shipping-taxable","15":"purchasable","16":"product-type-simple"},"acf":[],"_links":{"self":[{"href":"https:\/\/factory.sale\/fi\/wp-json\/wp\/v2\/product\/16885","targetHints":{"allow":["GET"]}}],"collection":[{"href":"https:\/\/factory.sale\/fi\/wp-json\/wp\/v2\/product"}],"about":[{"href":"https:\/\/factory.sale\/fi\/wp-json\/wp\/v2\/types\/product"}],"replies":[{"embeddable":true,"href":"https:\/\/factory.sale\/fi\/wp-json\/wp\/v2\/comments?post=16885"}],"wp:featuredmedia":[{"embeddable":true,"href":"https:\/\/factory.sale\/fi\/wp-json\/wp\/v2\/media\/81452"}],"wp:attachment":[{"href":"https:\/\/factory.sale\/fi\/wp-json\/wp\/v2\/media?parent=16885"}],"wp:term":[{"taxonomy":"factory","embeddable":true,"href":"https:\/\/factory.sale\/fi\/wp-json\/wp\/v2\/factory?post=16885"},{"taxonomy":"free-shipment","embeddable":true,"href":"https:\/\/factory.sale\/fi\/wp-json\/wp\/v2\/free-shipment?post=16885"},{"taxonomy":"product_brand","embeddable":true,"href":"https:\/\/factory.sale\/fi\/wp-json\/wp\/v2\/product_brand?post=16885"},{"taxonomy":"product_cat","embeddable":true,"href":"https:\/\/factory.sale\/fi\/wp-json\/wp\/v2\/product_cat?post=16885"},{"taxonomy":"product_tag","embeddable":true,"href":"https:\/\/factory.sale\/fi\/wp-json\/wp\/v2\/product_tag?post=16885"}],"curies":[{"name":"wp","href":"https:\/\/api.w.org\/{rel}","templated":true}]}}