{"id":16879,"date":"2022-07-08T14:12:44","date_gmt":"2022-12-11T16:25:50","guid":{"rendered":"https:\/\/factory.sale\/?post_type=product&#038;p=16879"},"modified":"2024-07-02T19:13:57","modified_gmt":"2024-07-02T19:13:57","slug":"bed-dream-200x200","status":"publish","type":"product","link":"https:\/\/factory.sale\/fi\/tuote\/bed-dream-200x200\/","title":{"rendered":"BED DREAM 200X200"},"content":{"rendered":"<p><strong>Dream bambus\u00e4ngyn suunnittelu ja mitat:<\/strong><\/p>\n<p>\u25cf S\u00e4ngyn rungon mitat: leveys 208 cm x pituus 225 cm<br \/>\n\u25cf S\u00e4nky sopii patjalle, jonka koko on: leveys 180 cm x pituus 200 cm.<br \/>\n\u25cf S\u00e4ngynp\u00e4\u00e4dyn korkeus: 100 cm<br \/>\n\u25cf Jalkop\u00e4\u00e4dyn ja s\u00e4ngyn sivupaneelin korkeus: 30 cm<br \/>\n\u25cf V\u00e4ri: Auburn<br \/>\n\u25cf S\u00e4ngynp\u00e4\u00e4ty on suora.<br \/>\n\u25cf S\u00e4ngynp\u00e4\u00e4dyn suunnitteluelementtin\u00e4 k\u00e4ytetty luonnollista tiikeribamburunkoa.<br \/>\n\u25cf S\u00e4nky on valmistettu bambup\u00e4\u00e4llysteisest\u00e4 vanerista, jonka pinta on k\u00e4sinkuorittua bambua.<br \/>\n\u25cf S\u00e4nky koostuu 4 osasta, jotka on yhdistetty metallitangoilla varmistamaan s\u00e4ngyn vakauden.<\/p>\n<p>&nbsp;<\/p>\n<p><strong>Tuotekuvaus:<\/strong><\/p>\n<p>\u25cf Kaikki bambuhuonekalumme ovat k\u00e4sintehtyj\u00e4 ja ainutlaatuisia.<br \/>\n\u25cf Koska kyseess\u00e4 on luonnontuote, v\u00e4riss\u00e4 ja\/tai tekstuurissa voi esiinty\u00e4 vaihtelua.<br \/>\n\u25cf Valmistettu Euroopan ilmastoon. Bambu kuivataan erityisiss\u00e4 uuneissa ilmastonmuutoksen aiheuttaman halkeilun minimoimiseksi. Bambutuotteissa voi kuitenkin olla pieni\u00e4 halkeamia, jotka eiv\u00e4t vaikuta tuotteen laatuun tai vahvuuteen mill\u00e4\u00e4n tavalla.<br \/>\n\u25cf Huonekalujen viimeistelyss\u00e4 k\u00e4ytet\u00e4\u00e4n korkealaatuista l\u00e4pin\u00e4kyv\u00e4\u00e4 lakkaa.<br \/>\n\u25cf Huonekalujen kokoaminen on nopeaa ja helppoa.<br \/>\n\u25cf Kuvien kalusteet ja patjat eiv\u00e4t sis\u00e4lly hintaan.<br \/>\n\u25cf S\u00e4lepohja ei sis\u00e4lly hintaan.<br \/>\n\u25cf Pakkausten m\u00e4\u00e4r\u00e4: 4<\/p>\n","protected":false},"excerpt":{"rendered":"<p>BED DREAM 200X200<\/p>\n","protected":false},"featured_media":9640,"comment_status":"open","ping_status":"closed","template":"","meta":{"_acf_changed":false},"factory":[],"free-shipment":[],"product_brand":[],"product_cat":[1319,3105],"product_tag":[1403,1404,1405],"class_list":{"0":"post-16879","1":"product","2":"type-product","3":"status-publish","4":"has-post-thumbnail","6":"product_cat-huonekalut","7":"product_cat-sangyt","8":"product_tag-bamboo-fi","9":"product_tag-furniture-fi","10":"product_tag-handmade-fi","12":"first","13":"instock","14":"sale","15":"taxable","16":"shipping-taxable","17":"purchasable","18":"product-type-simple"},"acf":[],"_links":{"self":[{"href":"https:\/\/factory.sale\/fi\/wp-json\/wp\/v2\/product\/16879","targetHints":{"allow":["GET"]}}],"collection":[{"href":"https:\/\/factory.sale\/fi\/wp-json\/wp\/v2\/product"}],"about":[{"href":"https:\/\/factory.sale\/fi\/wp-json\/wp\/v2\/types\/product"}],"replies":[{"embeddable":true,"href":"https:\/\/factory.sale\/fi\/wp-json\/wp\/v2\/comments?post=16879"}],"wp:featuredmedia":[{"embeddable":true,"href":"https:\/\/factory.sale\/fi\/wp-json\/wp\/v2\/media\/9640"}],"wp:attachment":[{"href":"https:\/\/factory.sale\/fi\/wp-json\/wp\/v2\/media?parent=16879"}],"wp:term":[{"taxonomy":"factory","embeddable":true,"href":"https:\/\/factory.sale\/fi\/wp-json\/wp\/v2\/factory?post=16879"},{"taxonomy":"free-shipment","embeddable":true,"href":"https:\/\/factory.sale\/fi\/wp-json\/wp\/v2\/free-shipment?post=16879"},{"taxonomy":"product_brand","embeddable":true,"href":"https:\/\/factory.sale\/fi\/wp-json\/wp\/v2\/product_brand?post=16879"},{"taxonomy":"product_cat","embeddable":true,"href":"https:\/\/factory.sale\/fi\/wp-json\/wp\/v2\/product_cat?post=16879"},{"taxonomy":"product_tag","embeddable":true,"href":"https:\/\/factory.sale\/fi\/wp-json\/wp\/v2\/product_tag?post=16879"}],"curies":[{"name":"wp","href":"https:\/\/api.w.org\/{rel}","templated":true}]}}