{"id":16856,"date":"2022-08-14T08:57:19","date_gmt":"2022-12-11T12:18:17","guid":{"rendered":"https:\/\/factory.sale\/?post_type=product&#038;p=16856"},"modified":"2024-06-27T15:49:58","modified_gmt":"2024-06-27T15:49:58","slug":"tyokalavaja-2-38m2","status":"publish","type":"product","link":"https:\/\/factory.sale\/fi\/tuote\/tyokalavaja-2-38m2\/","title":{"rendered":"TY\u00d6KALAVAJA 2.38M2"},"content":{"rendered":"<p><strong>TUOTETIEDOT:<\/strong><\/p>\n<p>\u25cf Pohjan mitat: 1170 x 2030 mm, korkeus 1800 mm<br \/>\n\u25cf Materiaali: sein\u00e4t ja katto 0,25 mm galvanoitu ter\u00e4slevy, runko 0,6 mm galvanoitu ter\u00e4s<br \/>\n\u25cf Liukuovet: korkeus 1580 mm<br \/>\n\u25cf 2 tuuletusaukkoa<br \/>\n\u25cf Pakattu kahteen pakkaukseen<\/p>\n","protected":false},"excerpt":{"rendered":"<p>Pieni vaja, johon mahtuu mukavasti puutarhatarvikkeita.<\/p>\n","protected":false},"featured_media":11466,"comment_status":"open","ping_status":"closed","template":"","meta":{"_acf_changed":false},"factory":[],"free-shipment":[],"product_brand":[],"product_cat":[997,4242],"product_tag":[1488,1489],"class_list":{"0":"post-16856","1":"product","2":"type-product","3":"status-publish","4":"has-post-thumbnail","6":"product_cat-piha-puutarha-fi","7":"product_cat-puutarharakennukset","8":"product_tag-garden-fi","9":"product_tag-yard-fi","11":"first","12":"instock","13":"sale","14":"taxable","15":"shipping-taxable","16":"purchasable","17":"product-type-simple"},"acf":[],"_links":{"self":[{"href":"https:\/\/factory.sale\/fi\/wp-json\/wp\/v2\/product\/16856","targetHints":{"allow":["GET"]}}],"collection":[{"href":"https:\/\/factory.sale\/fi\/wp-json\/wp\/v2\/product"}],"about":[{"href":"https:\/\/factory.sale\/fi\/wp-json\/wp\/v2\/types\/product"}],"replies":[{"embeddable":true,"href":"https:\/\/factory.sale\/fi\/wp-json\/wp\/v2\/comments?post=16856"}],"wp:featuredmedia":[{"embeddable":true,"href":"https:\/\/factory.sale\/fi\/wp-json\/wp\/v2\/media\/11466"}],"wp:attachment":[{"href":"https:\/\/factory.sale\/fi\/wp-json\/wp\/v2\/media?parent=16856"}],"wp:term":[{"taxonomy":"factory","embeddable":true,"href":"https:\/\/factory.sale\/fi\/wp-json\/wp\/v2\/factory?post=16856"},{"taxonomy":"free-shipment","embeddable":true,"href":"https:\/\/factory.sale\/fi\/wp-json\/wp\/v2\/free-shipment?post=16856"},{"taxonomy":"product_brand","embeddable":true,"href":"https:\/\/factory.sale\/fi\/wp-json\/wp\/v2\/product_brand?post=16856"},{"taxonomy":"product_cat","embeddable":true,"href":"https:\/\/factory.sale\/fi\/wp-json\/wp\/v2\/product_cat?post=16856"},{"taxonomy":"product_tag","embeddable":true,"href":"https:\/\/factory.sale\/fi\/wp-json\/wp\/v2\/product_tag?post=16856"}],"curies":[{"name":"wp","href":"https:\/\/api.w.org\/{rel}","templated":true}]}}