{"id":16850,"date":"2022-08-24T14:18:31","date_gmt":"2022-12-11T12:12:09","guid":{"rendered":"https:\/\/factory.sale\/?post_type=product&#038;p=16850"},"modified":"2024-07-04T22:17:45","modified_gmt":"2024-07-04T22:17:45","slug":"terassilammitin-valaisin-maalattu-runko","status":"publish","type":"product","link":"https:\/\/factory.sale\/fi\/tuote\/terassilammitin-valaisin-maalattu-runko\/","title":{"rendered":"TERASSIL\u00c4MMITIN- VALAISIN (MAALATTU RUNKO)"},"content":{"rendered":"<p>Terassil\u00e4mmitin-valaisin (maalattu runko) tekee kes\u00e4illoista viihtyisi\u00e4 ja ikimuistoisia ja pident\u00e4\u00e4\u00a0terassikauden viileisiin syysiltoihin. Lasiputkessa turvallisesti palava liekki tuottaa sek\u00e4 valoa ett\u00e4 l\u00e4mp\u00f6\u00e4.\u00a0Sit\u00e4 ymp\u00e4r\u00f6iv\u00e4 metalliverkko takaa turvallisuuden. Yhdell\u00e4 puolella olevat py\u00f6r\u00e4t helpottavat l\u00e4mmittimen\u00a0siirt\u00e4mist\u00e4.<\/p>\n<p>&nbsp;<\/p>\n<p><strong>Lis\u00e4tiedot:<\/strong><\/p>\n<p>\u25cf L\u00e4mmitysteho 5-10,5kW<br \/>\n\u25cf L\u00e4mmitysalue on noin 5m l\u00e4mmittimest\u00e4.<br \/>\n\u25cf Kaasun kulutus 0,41-0,76 kg\/h<br \/>\n\u25cf S\u00e4hk\u00f6inen liekin korkeuden s\u00e4\u00e4t\u00f6.<br \/>\n\u25cf Sopiva kaasu: propaani, butaani tai niiden seos.<br \/>\n\u25cf Korkeus 2200 mm<br \/>\n\u25cf Paino 28 kg.<br \/>\n\u25cf Elektroninen sytytys<br \/>\n\u25cf Venttiili ja kaasupullo eiv\u00e4t sis\u00e4lly pakkaukseen.<\/p>\n","protected":false},"excerpt":{"rendered":"<p>Terassil\u00e4mmitin-valaisin (maalattu runko) tekee kes\u00e4illoista viihtyisi\u00e4 ja ikimuistoisia ja pident\u00e4\u00e4\u00a0terassikauden viileisiin syysiltoihin.<\/p>\n","protected":false},"featured_media":12123,"comment_status":"open","ping_status":"closed","template":"","meta":{"_acf_changed":false},"factory":[],"free-shipment":[],"product_brand":[],"product_cat":[997],"product_tag":[1488,1489],"class_list":{"0":"post-16850","1":"product","2":"type-product","3":"status-publish","4":"has-post-thumbnail","6":"product_cat-piha-puutarha-fi","7":"product_tag-garden-fi","8":"product_tag-yard-fi","10":"first","11":"instock","12":"sale","13":"taxable","14":"shipping-taxable","15":"purchasable","16":"product-type-simple"},"acf":[],"_links":{"self":[{"href":"https:\/\/factory.sale\/fi\/wp-json\/wp\/v2\/product\/16850","targetHints":{"allow":["GET"]}}],"collection":[{"href":"https:\/\/factory.sale\/fi\/wp-json\/wp\/v2\/product"}],"about":[{"href":"https:\/\/factory.sale\/fi\/wp-json\/wp\/v2\/types\/product"}],"replies":[{"embeddable":true,"href":"https:\/\/factory.sale\/fi\/wp-json\/wp\/v2\/comments?post=16850"}],"wp:featuredmedia":[{"embeddable":true,"href":"https:\/\/factory.sale\/fi\/wp-json\/wp\/v2\/media\/12123"}],"wp:attachment":[{"href":"https:\/\/factory.sale\/fi\/wp-json\/wp\/v2\/media?parent=16850"}],"wp:term":[{"taxonomy":"factory","embeddable":true,"href":"https:\/\/factory.sale\/fi\/wp-json\/wp\/v2\/factory?post=16850"},{"taxonomy":"free-shipment","embeddable":true,"href":"https:\/\/factory.sale\/fi\/wp-json\/wp\/v2\/free-shipment?post=16850"},{"taxonomy":"product_brand","embeddable":true,"href":"https:\/\/factory.sale\/fi\/wp-json\/wp\/v2\/product_brand?post=16850"},{"taxonomy":"product_cat","embeddable":true,"href":"https:\/\/factory.sale\/fi\/wp-json\/wp\/v2\/product_cat?post=16850"},{"taxonomy":"product_tag","embeddable":true,"href":"https:\/\/factory.sale\/fi\/wp-json\/wp\/v2\/product_tag?post=16850"}],"curies":[{"name":"wp","href":"https:\/\/api.w.org\/{rel}","templated":true}]}}