{"id":16848,"date":"2022-08-24T14:44:04","date_gmt":"2022-12-11T12:10:11","guid":{"rendered":"https:\/\/factory.sale\/?post_type=product&#038;p=16848"},"modified":"2024-07-01T08:37:24","modified_gmt":"2024-07-01T08:37:24","slug":"terassilammitin-valaisin-ruostumaton-teras","status":"publish","type":"product","link":"https:\/\/factory.sale\/fi\/tuote\/terassilammitin-valaisin-ruostumaton-teras\/","title":{"rendered":"TERASSIL\u00c4MMITIN-VALAISIN (RUOSTUMATON TER\u00c4S)"},"content":{"rendered":"<p>Terassil\u00e4mmitin-valaisin (ruostumaton ter\u00e4srunko) runkoineen tekee kes\u00e4illoista viihtyisi\u00e4 ja ikimuistoisia\u00a0ja pident\u00e4\u00e4 terassikauden viileisiin syysiltoihin. Lasiputkessa turvallisesti palava liekki tuottaa sek\u00e4 valoa\u00a0ett\u00e4 l\u00e4mp\u00f6\u00e4. Sit\u00e4 ymp\u00e4r\u00f6iv\u00e4 metalliverkko takaa turvallisuuden. Yhdell\u00e4 puolella olevat py\u00f6r\u00e4t helpottavat\u00a0l\u00e4mmittimen siirt\u00e4mist\u00e4.<\/p>\n<p><strong>Lis\u00e4tiedot:<\/strong><\/p>\n<p>\u25cf L\u00e4mmitysteho 5-10,5kW<br \/>\n\u25cf L\u00e4mmitysalue on noin 5m l\u00e4mmittimest\u00e4.<\/p>\n<p>\u25cf Kaasun kulutus 0,41-0,76 kg\/h<br \/>\n\u25cf S\u00e4hk\u00f6inen liekin korkeuden s\u00e4\u00e4t\u00f6.<br \/>\n\u25cf Sopiva kaasu: propaani, butaani tai niiden seos.<br \/>\n\u25cf Korkeus 2200 mm<br \/>\n\u25cf Paino 26 kg.<br \/>\n\u25cf Elektroninen sytytys<br \/>\n\u25cf Venttiili ja kaasupullo eiv\u00e4t sis\u00e4lly pakkaukseen.<\/p>\n","protected":false},"excerpt":{"rendered":"<p>Terassil\u00e4mmitin-valaisin (ruostumaton ter\u00e4srunko) runkoineen tekee kes\u00e4illoista viihtyisi\u00e4 ja ikimuistoisia\u00a0ja pident\u00e4\u00e4 terassikauden viileisiin syysiltoihin.<\/p>\n","protected":false},"featured_media":12138,"comment_status":"open","ping_status":"closed","template":"","meta":{"_acf_changed":false},"factory":[],"free-shipment":[],"product_brand":[],"product_cat":[997],"product_tag":[1488,583,1489],"class_list":{"0":"post-16848","1":"product","2":"type-product","3":"status-publish","4":"has-post-thumbnail","6":"product_cat-piha-puutarha-fi","7":"product_tag-garden-fi","8":"product_tag-light-fi","9":"product_tag-yard-fi","11":"first","12":"instock","13":"sale","14":"taxable","15":"shipping-taxable","16":"purchasable","17":"product-type-simple"},"acf":[],"_links":{"self":[{"href":"https:\/\/factory.sale\/fi\/wp-json\/wp\/v2\/product\/16848","targetHints":{"allow":["GET"]}}],"collection":[{"href":"https:\/\/factory.sale\/fi\/wp-json\/wp\/v2\/product"}],"about":[{"href":"https:\/\/factory.sale\/fi\/wp-json\/wp\/v2\/types\/product"}],"replies":[{"embeddable":true,"href":"https:\/\/factory.sale\/fi\/wp-json\/wp\/v2\/comments?post=16848"}],"wp:featuredmedia":[{"embeddable":true,"href":"https:\/\/factory.sale\/fi\/wp-json\/wp\/v2\/media\/12138"}],"wp:attachment":[{"href":"https:\/\/factory.sale\/fi\/wp-json\/wp\/v2\/media?parent=16848"}],"wp:term":[{"taxonomy":"factory","embeddable":true,"href":"https:\/\/factory.sale\/fi\/wp-json\/wp\/v2\/factory?post=16848"},{"taxonomy":"free-shipment","embeddable":true,"href":"https:\/\/factory.sale\/fi\/wp-json\/wp\/v2\/free-shipment?post=16848"},{"taxonomy":"product_brand","embeddable":true,"href":"https:\/\/factory.sale\/fi\/wp-json\/wp\/v2\/product_brand?post=16848"},{"taxonomy":"product_cat","embeddable":true,"href":"https:\/\/factory.sale\/fi\/wp-json\/wp\/v2\/product_cat?post=16848"},{"taxonomy":"product_tag","embeddable":true,"href":"https:\/\/factory.sale\/fi\/wp-json\/wp\/v2\/product_tag?post=16848"}],"curies":[{"name":"wp","href":"https:\/\/api.w.org\/{rel}","templated":true}]}}