{"id":16846,"date":"2022-08-24T13:35:52","date_gmt":"2022-12-11T12:06:53","guid":{"rendered":"https:\/\/factory.sale\/?post_type=product&#038;p=16846"},"modified":"2024-06-29T06:22:18","modified_gmt":"2024-06-29T06:22:18","slug":"sahkoterassilammitin-musta-pyorea","status":"publish","type":"product","link":"https:\/\/factory.sale\/fi\/tuote\/sahkoterassilammitin-musta-pyorea\/","title":{"rendered":"S\u00c4HK\u00d6TERASSIL\u00c4MMITIN MUSTA PY\u00d6RE\u00c4"},"content":{"rendered":"<p><strong>Tuotekoodi:\u00a06001664<\/strong><\/p>\n<p>&nbsp;<\/p>\n<p>Tehokas ja turvallinen terassil\u00e4mmitin sopii sek\u00e4 ulko- ett\u00e4 sis\u00e4k\u00e4ytt\u00f6\u00f6n. L\u00e4mmitin asennetaan kattoon pakkauksessa mukana tulevalla ketjulla. Terassil\u00e4mmittimen ohjaus tapahtuu k\u00e4tev\u00e4sti kaukos\u00e4\u00e4timell\u00e4. Halogeenilamppu \u2013 v\u00e4lit\u00f6n voimakas l\u00e4mp\u00f6, \u200b\u200bturvallinen ja mukava.<\/p>\n<p>&nbsp;<\/p>\n<p><strong>Tuotetiedot:<\/strong><\/p>\n<ul>\n<li>\u00a0Kaukos\u00e4\u00e4din kahdella AAA-paristolla (eiv\u00e4t sis\u00e4lly pakkaukseen)<\/li>\n<li>Sopii k\u00e4ytett\u00e4v\u00e4ksi sek\u00e4 sis\u00e4ll\u00e4 ett\u00e4 ulkona;<\/li>\n<li>IP44-suojattu,<\/li>\n<li>Teho 1500W<\/li>\n<li>Mahdollista kiinnitt\u00e4\u00e4 kattoon.<\/li>\n<li>CE<\/li>\n<li>V\u00e4ri: musta<\/li>\n<li>2.9 kg<\/li>\n<li>Mitat:\u00a0\u00a042.5 \u00d7 42.5 x 24 cm<\/li>\n<\/ul>\n","protected":false},"excerpt":{"rendered":"<p>Halogeenilamppu \u2013 v\u00e4lit\u00f6n voimakas l\u00e4mp\u00f6, turvallinen ja mukava.<\/p>\n<p>Tehokas ja turvallinen terassil\u00e4mmitin sopii sek\u00e4 ulko- ett\u00e4 sis\u00e4k\u00e4ytt\u00f6\u00f6n. L\u00e4mmitin asennetaan kattoon pakkauksessa mukana tulevalla ketjulla. Terassil\u00e4mmittimen ohjaus tapahtuu k\u00e4tev\u00e4sti kaukos\u00e4\u00e4timell\u00e4. Halogeenilamppu \u2013 v\u00e4lit\u00f6n voimakas l\u00e4mp\u00f6, \u200b\u200bturvallinen ja mukava.<\/p>\n","protected":false},"featured_media":12086,"comment_status":"open","ping_status":"closed","template":"","meta":{"_acf_changed":false},"factory":[],"free-shipment":[],"product_brand":[],"product_cat":[997],"product_tag":[1488,1153,1489],"class_list":{"0":"post-16846","1":"product","2":"type-product","3":"status-publish","4":"has-post-thumbnail","6":"product_cat-piha-puutarha-fi","7":"product_tag-garden-fi","8":"product_tag-sahkokiuas","9":"product_tag-yard-fi","11":"first","12":"instock","13":"sale","14":"taxable","15":"shipping-taxable","16":"purchasable","17":"product-type-simple"},"acf":[],"_links":{"self":[{"href":"https:\/\/factory.sale\/fi\/wp-json\/wp\/v2\/product\/16846","targetHints":{"allow":["GET"]}}],"collection":[{"href":"https:\/\/factory.sale\/fi\/wp-json\/wp\/v2\/product"}],"about":[{"href":"https:\/\/factory.sale\/fi\/wp-json\/wp\/v2\/types\/product"}],"replies":[{"embeddable":true,"href":"https:\/\/factory.sale\/fi\/wp-json\/wp\/v2\/comments?post=16846"}],"wp:featuredmedia":[{"embeddable":true,"href":"https:\/\/factory.sale\/fi\/wp-json\/wp\/v2\/media\/12086"}],"wp:attachment":[{"href":"https:\/\/factory.sale\/fi\/wp-json\/wp\/v2\/media?parent=16846"}],"wp:term":[{"taxonomy":"factory","embeddable":true,"href":"https:\/\/factory.sale\/fi\/wp-json\/wp\/v2\/factory?post=16846"},{"taxonomy":"free-shipment","embeddable":true,"href":"https:\/\/factory.sale\/fi\/wp-json\/wp\/v2\/free-shipment?post=16846"},{"taxonomy":"product_brand","embeddable":true,"href":"https:\/\/factory.sale\/fi\/wp-json\/wp\/v2\/product_brand?post=16846"},{"taxonomy":"product_cat","embeddable":true,"href":"https:\/\/factory.sale\/fi\/wp-json\/wp\/v2\/product_cat?post=16846"},{"taxonomy":"product_tag","embeddable":true,"href":"https:\/\/factory.sale\/fi\/wp-json\/wp\/v2\/product_tag?post=16846"}],"curies":[{"name":"wp","href":"https:\/\/api.w.org\/{rel}","templated":true}]}}