{"id":16842,"date":"2022-08-23T10:39:08","date_gmt":"2022-12-11T12:03:16","guid":{"rendered":"https:\/\/factory.sale\/?post_type=product&#038;p=16842"},"modified":"2024-06-25T13:25:35","modified_gmt":"2024-06-25T13:25:35","slug":"tiesuola-25kg","status":"publish","type":"product","link":"https:\/\/factory.sale\/fi\/tuote\/tiesuola-25kg\/","title":{"rendered":"TIESUOLA 25KG"},"content":{"rendered":"<ul>\n<li>\u00a0Natriumkloridi tiesuola liukastumista vastaan s\u00e4kiss\u00e4.<\/li>\n<li>\u00a0K\u00e4ytt\u00f6: Tuote sis\u00e4lt\u00e4\u00e4 erikokoisia rakeita, mik\u00e4 varmistaa nopean ja pitk\u00e4kestoisen\u00a0sulamisprosessin. Tuote on tehokkain 0-22 C:n l\u00e4mp\u00f6tiloissa. Matalissa l\u00e4mp\u00f6tiloissa se tarjoaa\u00a0hyv\u00e4n liukastumiseneston sekoitettuna hiekkaan.<\/li>\n<\/ul>\n<p>&nbsp;<\/p>\n<p><strong>Varoitus:<\/strong><\/p>\n<p>* Tuotetta ei suositella k\u00e4ytett\u00e4v\u00e4ksi kalkkikive\u00e4 sis\u00e4lt\u00e4vill\u00e4 tienpinnoilla.<\/p>\n<p>* V\u00e4lt\u00e4 tuotteen joutumista puille ja kasveille.<\/p>\n<p>* V\u00e4lt\u00e4 tuotteen joutumista silmiin ja iholle.<\/p>\n","protected":false},"excerpt":{"rendered":"<p>Natriumkloridi tiesuola liukastumista vastaan \u200b\u200b25 kg s\u00e4kiss\u00e4.<\/p>\n","protected":false},"featured_media":11895,"comment_status":"open","ping_status":"closed","template":"","meta":{"_acf_changed":false},"factory":[],"free-shipment":[],"product_brand":[],"product_cat":[997,2797],"product_tag":[],"class_list":{"0":"post-16842","1":"product","2":"type-product","3":"status-publish","4":"has-post-thumbnail","6":"product_cat-piha-puutarha-fi","7":"product_cat-tiesuola-ja-hiekoitus","9":"first","10":"instock","11":"sale","12":"taxable","13":"shipping-taxable","14":"purchasable","15":"product-type-simple"},"acf":[],"_links":{"self":[{"href":"https:\/\/factory.sale\/fi\/wp-json\/wp\/v2\/product\/16842","targetHints":{"allow":["GET"]}}],"collection":[{"href":"https:\/\/factory.sale\/fi\/wp-json\/wp\/v2\/product"}],"about":[{"href":"https:\/\/factory.sale\/fi\/wp-json\/wp\/v2\/types\/product"}],"replies":[{"embeddable":true,"href":"https:\/\/factory.sale\/fi\/wp-json\/wp\/v2\/comments?post=16842"}],"wp:featuredmedia":[{"embeddable":true,"href":"https:\/\/factory.sale\/fi\/wp-json\/wp\/v2\/media\/11895"}],"wp:attachment":[{"href":"https:\/\/factory.sale\/fi\/wp-json\/wp\/v2\/media?parent=16842"}],"wp:term":[{"taxonomy":"factory","embeddable":true,"href":"https:\/\/factory.sale\/fi\/wp-json\/wp\/v2\/factory?post=16842"},{"taxonomy":"free-shipment","embeddable":true,"href":"https:\/\/factory.sale\/fi\/wp-json\/wp\/v2\/free-shipment?post=16842"},{"taxonomy":"product_brand","embeddable":true,"href":"https:\/\/factory.sale\/fi\/wp-json\/wp\/v2\/product_brand?post=16842"},{"taxonomy":"product_cat","embeddable":true,"href":"https:\/\/factory.sale\/fi\/wp-json\/wp\/v2\/product_cat?post=16842"},{"taxonomy":"product_tag","embeddable":true,"href":"https:\/\/factory.sale\/fi\/wp-json\/wp\/v2\/product_tag?post=16842"}],"curies":[{"name":"wp","href":"https:\/\/api.w.org\/{rel}","templated":true}]}}