{"id":16836,"date":"2022-07-04T10:36:11","date_gmt":"2022-12-11T11:44:41","guid":{"rendered":"https:\/\/factory.sale\/?post_type=product&#038;p=16836"},"modified":"2024-06-27T18:15:58","modified_gmt":"2024-06-27T18:15:58","slug":"kasvutunneli-vetoketjulla","status":"publish","type":"product","link":"https:\/\/factory.sale\/fi\/tuote\/kasvutunneli-vetoketjulla\/","title":{"rendered":"KASVUTUNNELI VETOKETJULLA"},"content":{"rendered":"<p>Kasvutunneli vetoketjulla<\/p>\n<p>&nbsp;<\/p>\n<p><strong>LIS\u00c4TIEDOT:<\/strong><\/p>\n<ul>\n<li>Mitat: 300 x 65 x 40 cm<\/li>\n<li>Metallikaaret: 3,5 mm<\/li>\n<li>PVC-peite 0,11 mm<\/li>\n<li>100 % l\u00e4pin\u00e4kyv\u00e4<\/li>\n<li>P\u00e4\u00e4lt\u00e4 vetoketjulla aukeava kastelu- ja tuuletusaukko tekee kasvutunnelin k\u00e4yt\u00f6st\u00e4 k\u00e4tev\u00e4n.<\/li>\n<\/ul>\n","protected":false},"excerpt":{"rendered":"<p>Kasvutunneli vetoketjulla<\/p>\n","protected":false},"featured_media":9532,"comment_status":"open","ping_status":"closed","template":"","meta":{"_acf_changed":false},"factory":[],"free-shipment":[],"product_brand":[],"product_cat":[997],"product_tag":[1488,1489],"class_list":{"0":"post-16836","1":"product","2":"type-product","3":"status-publish","4":"has-post-thumbnail","6":"product_cat-piha-puutarha-fi","7":"product_tag-garden-fi","8":"product_tag-yard-fi","10":"first","11":"instock","12":"sale","13":"taxable","14":"shipping-taxable","15":"purchasable","16":"product-type-simple"},"acf":[],"_links":{"self":[{"href":"https:\/\/factory.sale\/fi\/wp-json\/wp\/v2\/product\/16836","targetHints":{"allow":["GET"]}}],"collection":[{"href":"https:\/\/factory.sale\/fi\/wp-json\/wp\/v2\/product"}],"about":[{"href":"https:\/\/factory.sale\/fi\/wp-json\/wp\/v2\/types\/product"}],"replies":[{"embeddable":true,"href":"https:\/\/factory.sale\/fi\/wp-json\/wp\/v2\/comments?post=16836"}],"wp:featuredmedia":[{"embeddable":true,"href":"https:\/\/factory.sale\/fi\/wp-json\/wp\/v2\/media\/9532"}],"wp:attachment":[{"href":"https:\/\/factory.sale\/fi\/wp-json\/wp\/v2\/media?parent=16836"}],"wp:term":[{"taxonomy":"factory","embeddable":true,"href":"https:\/\/factory.sale\/fi\/wp-json\/wp\/v2\/factory?post=16836"},{"taxonomy":"free-shipment","embeddable":true,"href":"https:\/\/factory.sale\/fi\/wp-json\/wp\/v2\/free-shipment?post=16836"},{"taxonomy":"product_brand","embeddable":true,"href":"https:\/\/factory.sale\/fi\/wp-json\/wp\/v2\/product_brand?post=16836"},{"taxonomy":"product_cat","embeddable":true,"href":"https:\/\/factory.sale\/fi\/wp-json\/wp\/v2\/product_cat?post=16836"},{"taxonomy":"product_tag","embeddable":true,"href":"https:\/\/factory.sale\/fi\/wp-json\/wp\/v2\/product_tag?post=16836"}],"curies":[{"name":"wp","href":"https:\/\/api.w.org\/{rel}","templated":true}]}}