{"id":16830,"date":"2022-08-24T14:04:42","date_gmt":"2022-12-11T11:02:34","guid":{"rendered":"https:\/\/factory.sale\/?post_type=product&#038;p=16830"},"modified":"2024-06-26T02:12:14","modified_gmt":"2024-06-26T02:12:14","slug":"terassilammittimen-suojapeite","status":"publish","type":"product","link":"https:\/\/factory.sale\/fi\/tuote\/terassilammittimen-suojapeite\/","title":{"rendered":"TERASSIL\u00c4MMITTIMEN SUOJAPEITE"},"content":{"rendered":"<p>Terassil\u00e4mmittimen suojapeite \u2013 korkealaatuinen, vedenpit\u00e4v\u00e4 musta peite, joka sopii k\u00e4ytett\u00e4v\u00e4ksi\u00a0useiden terassil\u00e4mmittimien suojana (mitat kuvassa).\u00a0Suojaa sateelta, lialta, p\u00f6lylt\u00e4 ja ruosteelta.<br \/>\nTuote on helppo pakata.<\/p>\n<p><strong>Materiaali:<\/strong> polyesteri<\/p>\n<p>&nbsp;<\/p>\n<p><strong>Mitat:<\/strong><\/p>\n<ul>\n<li>\u00a0n. 210 cm x 62-114 cm (K * Halkaisija) keskimitta 70 x 70 x 70 cm<\/li>\n<\/ul>\n","protected":false},"excerpt":{"rendered":"<p>Terassil\u00e4mmittimen suojapeite \u2013 korkealaatuinen, vedenpit\u00e4v\u00e4 musta peite, joka sopii k\u00e4ytett\u00e4v\u00e4ksi\u00a0useiden terassil\u00e4mmittimien suojana.<\/p>\n","protected":false},"featured_media":12113,"comment_status":"open","ping_status":"closed","template":"","meta":{"_acf_changed":false},"factory":[],"free-shipment":[],"product_brand":[],"product_cat":[997],"product_tag":[1488,1489],"class_list":{"0":"post-16830","1":"product","2":"type-product","3":"status-publish","4":"has-post-thumbnail","6":"product_cat-piha-puutarha-fi","7":"product_tag-garden-fi","8":"product_tag-yard-fi","10":"first","11":"instock","12":"sale","13":"taxable","14":"shipping-taxable","15":"purchasable","16":"product-type-simple"},"acf":[],"_links":{"self":[{"href":"https:\/\/factory.sale\/fi\/wp-json\/wp\/v2\/product\/16830","targetHints":{"allow":["GET"]}}],"collection":[{"href":"https:\/\/factory.sale\/fi\/wp-json\/wp\/v2\/product"}],"about":[{"href":"https:\/\/factory.sale\/fi\/wp-json\/wp\/v2\/types\/product"}],"replies":[{"embeddable":true,"href":"https:\/\/factory.sale\/fi\/wp-json\/wp\/v2\/comments?post=16830"}],"wp:featuredmedia":[{"embeddable":true,"href":"https:\/\/factory.sale\/fi\/wp-json\/wp\/v2\/media\/12113"}],"wp:attachment":[{"href":"https:\/\/factory.sale\/fi\/wp-json\/wp\/v2\/media?parent=16830"}],"wp:term":[{"taxonomy":"factory","embeddable":true,"href":"https:\/\/factory.sale\/fi\/wp-json\/wp\/v2\/factory?post=16830"},{"taxonomy":"free-shipment","embeddable":true,"href":"https:\/\/factory.sale\/fi\/wp-json\/wp\/v2\/free-shipment?post=16830"},{"taxonomy":"product_brand","embeddable":true,"href":"https:\/\/factory.sale\/fi\/wp-json\/wp\/v2\/product_brand?post=16830"},{"taxonomy":"product_cat","embeddable":true,"href":"https:\/\/factory.sale\/fi\/wp-json\/wp\/v2\/product_cat?post=16830"},{"taxonomy":"product_tag","embeddable":true,"href":"https:\/\/factory.sale\/fi\/wp-json\/wp\/v2\/product_tag?post=16830"}],"curies":[{"name":"wp","href":"https:\/\/api.w.org\/{rel}","templated":true}]}}