{"id":16820,"date":"2022-08-28T20:13:19","date_gmt":"2022-12-11T10:33:22","guid":{"rendered":"https:\/\/factory.sale\/?post_type=product&#038;p=16820"},"modified":"2024-06-25T18:35:35","modified_gmt":"2024-06-25T18:35:35","slug":"postilaatikko-kaareva","status":"publish","type":"product","link":"https:\/\/factory.sale\/fi\/tuote\/postilaatikko-kaareva\/","title":{"rendered":"POSTILAATIKKO KAAREVA"},"content":{"rendered":"<p>Postilaatikko Kaareva on ylh\u00e4\u00e4lt\u00e4 aukeava postilaatikko, joka on valmistettu kiillotetusta ruostumattomasta\u00a0ter\u00e4ksest\u00e4.<\/p>\n<p>Ihanteellinen pohjoiseen ilmastoon!<\/p>\n<p><strong>Lis\u00e4tiedot:<\/strong><\/p>\n<ul>\n<li>Metallin halkaisija: 0,5 mm<\/li>\n<li>Mitat: 320 x 150 x 480 mm.<\/li>\n<li>Aukon koko 295 x 30 mm<\/li>\n<\/ul>\n","protected":false},"excerpt":{"rendered":"<p>Postilaatikko Kaareva on ylh\u00e4\u00e4lt\u00e4 aukeava postilaatikko, joka on valmistettu kiillotetusta ruostumattomasta\u00a0ter\u00e4ksest\u00e4.<\/p>\n","protected":false},"featured_media":12288,"comment_status":"open","ping_status":"closed","template":"","meta":{"_acf_changed":false},"factory":[],"free-shipment":[],"product_brand":[],"product_cat":[997],"product_tag":[2228],"class_list":{"0":"post-16820","1":"product","2":"type-product","3":"status-publish","4":"has-post-thumbnail","6":"product_cat-piha-puutarha-fi","7":"product_tag-stainless-steel-fi","9":"first","10":"instock","11":"sale","12":"taxable","13":"shipping-taxable","14":"purchasable","15":"product-type-simple"},"acf":[],"_links":{"self":[{"href":"https:\/\/factory.sale\/fi\/wp-json\/wp\/v2\/product\/16820","targetHints":{"allow":["GET"]}}],"collection":[{"href":"https:\/\/factory.sale\/fi\/wp-json\/wp\/v2\/product"}],"about":[{"href":"https:\/\/factory.sale\/fi\/wp-json\/wp\/v2\/types\/product"}],"replies":[{"embeddable":true,"href":"https:\/\/factory.sale\/fi\/wp-json\/wp\/v2\/comments?post=16820"}],"wp:featuredmedia":[{"embeddable":true,"href":"https:\/\/factory.sale\/fi\/wp-json\/wp\/v2\/media\/12288"}],"wp:attachment":[{"href":"https:\/\/factory.sale\/fi\/wp-json\/wp\/v2\/media?parent=16820"}],"wp:term":[{"taxonomy":"factory","embeddable":true,"href":"https:\/\/factory.sale\/fi\/wp-json\/wp\/v2\/factory?post=16820"},{"taxonomy":"free-shipment","embeddable":true,"href":"https:\/\/factory.sale\/fi\/wp-json\/wp\/v2\/free-shipment?post=16820"},{"taxonomy":"product_brand","embeddable":true,"href":"https:\/\/factory.sale\/fi\/wp-json\/wp\/v2\/product_brand?post=16820"},{"taxonomy":"product_cat","embeddable":true,"href":"https:\/\/factory.sale\/fi\/wp-json\/wp\/v2\/product_cat?post=16820"},{"taxonomy":"product_tag","embeddable":true,"href":"https:\/\/factory.sale\/fi\/wp-json\/wp\/v2\/product_tag?post=16820"}],"curies":[{"name":"wp","href":"https:\/\/api.w.org\/{rel}","templated":true}]}}