{"id":16818,"date":"2022-07-04T10:41:53","date_gmt":"2022-12-11T10:22:27","guid":{"rendered":"https:\/\/factory.sale\/?post_type=product&#038;p=16818"},"modified":"2024-06-26T09:57:34","modified_gmt":"2024-06-26T09:57:34","slug":"kuusikulmainen-kasvihuone","status":"publish","type":"product","link":"https:\/\/factory.sale\/fi\/tuote\/kuusikulmainen-kasvihuone\/","title":{"rendered":"KUUSIKULMAINEN KASVIHUONE"},"content":{"rendered":"<p>Kuusikulmainen kasvihuone on suunniteltu erilaisten puutarhakasvien viljelyyn.<br \/>\nKasvihuoneen runko on valmistettu alumiinista.<br \/>\nP\u00e4\u00e4llysmateriaali on leikattu valmiiksi 4 mm polykarbonaattilevyist\u00e4, jotta kokoaminen olisi mahdollisimman helppoa ja nopeaa. Pakkaus sis\u00e4lt\u00e4\u00e4 kaiken tarvittavan p\u00e4\u00e4llysmateriaalin kiinnitt\u00e4miseen.<\/p>\n<p>Kasvihuoneessa on ovi ja yksi avattava ikkuna.<br \/>\nKasvihuone kannattaa sijoittaa tuulelta suojattuun paikkaan.<\/p>\n<p>&nbsp;<\/p>\n<p><strong>V\u00c4RI:<\/strong> ruskea<\/p>\n<p>&nbsp;<\/p>\n<p>&nbsp;<\/p>\n<p><strong>MITAT:<\/strong><\/p>\n<p>6 x 120 cm<\/p>\n<p>&nbsp;<\/p>\n<p>&nbsp;<\/p>\n<p><strong>KORKEUS:<\/strong><\/p>\n<p>180 \/ 235 cm<\/p>\n<p>&nbsp;<\/p>\n<p>&nbsp;<\/p>\n<p><a href=\"https:\/\/factory.sale\/wp-content\/uploads\/2022\/07\/Kasvuhoone-Kuuskant-A08121-1_Eesti-k.pdf\" target=\"_blank\" rel=\"noopener\">Ohjeet<\/a><\/p>\n","protected":false},"excerpt":{"rendered":"<p>Kuusikulmainen kasvihuone on suunniteltu erilaisten puutarhakasvien viljelyyn.<\/p>\n","protected":false},"featured_media":7475,"comment_status":"open","ping_status":"closed","template":"","meta":{"_acf_changed":false},"factory":[],"free-shipment":[],"product_brand":[],"product_cat":[452],"product_tag":[506],"class_list":{"0":"post-16818","1":"product","2":"type-product","3":"status-publish","4":"has-post-thumbnail","6":"product_cat-kasvihuoneet","7":"product_tag-greenhouse-fi","9":"first","10":"instock","11":"sale","12":"taxable","13":"shipping-taxable","14":"purchasable","15":"product-type-simple"},"acf":[],"_links":{"self":[{"href":"https:\/\/factory.sale\/fi\/wp-json\/wp\/v2\/product\/16818","targetHints":{"allow":["GET"]}}],"collection":[{"href":"https:\/\/factory.sale\/fi\/wp-json\/wp\/v2\/product"}],"about":[{"href":"https:\/\/factory.sale\/fi\/wp-json\/wp\/v2\/types\/product"}],"replies":[{"embeddable":true,"href":"https:\/\/factory.sale\/fi\/wp-json\/wp\/v2\/comments?post=16818"}],"wp:featuredmedia":[{"embeddable":true,"href":"https:\/\/factory.sale\/fi\/wp-json\/wp\/v2\/media\/7475"}],"wp:attachment":[{"href":"https:\/\/factory.sale\/fi\/wp-json\/wp\/v2\/media?parent=16818"}],"wp:term":[{"taxonomy":"factory","embeddable":true,"href":"https:\/\/factory.sale\/fi\/wp-json\/wp\/v2\/factory?post=16818"},{"taxonomy":"free-shipment","embeddable":true,"href":"https:\/\/factory.sale\/fi\/wp-json\/wp\/v2\/free-shipment?post=16818"},{"taxonomy":"product_brand","embeddable":true,"href":"https:\/\/factory.sale\/fi\/wp-json\/wp\/v2\/product_brand?post=16818"},{"taxonomy":"product_cat","embeddable":true,"href":"https:\/\/factory.sale\/fi\/wp-json\/wp\/v2\/product_cat?post=16818"},{"taxonomy":"product_tag","embeddable":true,"href":"https:\/\/factory.sale\/fi\/wp-json\/wp\/v2\/product_tag?post=16818"}],"curies":[{"name":"wp","href":"https:\/\/api.w.org\/{rel}","templated":true}]}}