{"id":16806,"date":"2022-07-04T11:27:12","date_gmt":"2022-12-10T16:49:25","guid":{"rendered":"https:\/\/factory.sale\/?post_type=product&#038;p=16806"},"modified":"2024-06-25T12:45:44","modified_gmt":"2024-06-25T12:45:44","slug":"kasvihuone-easy-up-polykarbonaatti-4-mm","status":"publish","type":"product","link":"https:\/\/factory.sale\/fi\/tuote\/kasvihuone-easy-up-polykarbonaatti-4-mm\/","title":{"rendered":"KASVIHUONE EASY UP POLYKARBONAATTI 4 MM"},"content":{"rendered":"<p>Kaareva kasvihuone Easy-Up on suunniteltu erilaisten puutarhakasvien kasvattamiseen.<br \/>\nKasvihuoneen runko on tehty vahvoista neli\u00f6m\u00e4isist\u00e4 putkista, jotta kokoaminen olisi mahdollisimman helppoa ja nopeaa. Kasvihuoneen ovi- ja tuuletusikkunoiden karmit ovat valmiit, eiv\u00e4tk\u00e4 vaadi monimutkaisempaa ruuvaamista tai n\u00e4pertely\u00e4. Nosta vain eteenp\u00e4in ja kiinnit\u00e4 nelj\u00e4ll\u00e4 ruuvilla. Kasvihuoneen kokoamiseen menee noin 10 tuntia. Kasvihuone on kiinnitett\u00e4v\u00e4 tuulta vastaan \u200b\u200bpuurunkoon.<\/p>\n<p>&nbsp;<\/p>\n<p><strong>Setti sis\u00e4lt\u00e4\u00e4:<\/strong><\/p>\n<ul>\n<li>4\/6mm polykarbonaattip\u00e4\u00e4llystemateriaali UV-suojalla ja kaikki tarvittava kansimateriaalin kiinnitt\u00e4miseen<\/li>\n<li>Kasvihuoneen toisessa p\u00e4\u00e4ss\u00e4 on sek\u00e4 ovi ett\u00e4 tuuletusikkuna ja toisessa p\u00e4\u00e4ss\u00e4 tuuletusikkuna<\/li>\n<li>Suosittelemme kasvihuoneeseen vahvikkeiden asentamista tai lis\u00e4tukien asentamista talveksi kasvihuoneen rakenteen tukemiseksi lumikuormaa vastaan.<\/li>\n<\/ul>\n<p><strong>Tekniset tiedot:<\/strong><\/p>\n<ul>\n<li>korkeus 2,1m<\/li>\n<li>galvanoitu ter\u00e4srunko<\/li>\n<li>kaksikerroksinen UV-kest\u00e4v\u00e4 polykarbonaattipinnoite<\/li>\n<li>kiinnikkeet ja asennusohjeet mukana<\/li>\n<li>Lumikuorma 40\/50kg\/m2<\/li>\n<\/ul>\n<p><em><strong>HUOM!<\/strong> <\/em>Lumen poistaminen katolta on omistajan vastuulla. Jos huolellisuusvelvollisuutta ei noudateta, katolle kertyneen lumen painon aiheuttamat vahingot eiv\u00e4t yleens\u00e4 kuulu vakuutuksen piiriin eik\u00e4 takuun piiriin. Jos mahdollista, suosittelemme kasvihuoneen peitteen poistamista talveksi ja\/tai kasvihuoneen tukemista sis\u00e4puolelta lis\u00e4tuilla.<\/p>\n<p>&nbsp;<\/p>\n<p><strong>SAATAVILLA KOOT HINTOILLA 4 mm, (ilman ALV):<\/strong><\/p>\n<ul>\n<li>2 x 3 m (6000098) &#8211; 354,17 EUR<\/li>\n<li>2 x 4 m, (6000099) &#8211; 395,83 EUR<\/li>\n<li>2 x 6 m, (6000097) -620,83 EUR<\/li>\n<li>3 x 4 m, (6000096) &#8211; 450 EUR &#8211; 05.04.2023 &#8211; 25.04.2023 (670.- EUR)<\/li>\n<li>3 x 6 m, \u00a0(6000102) &#8211; 666,67 EUR<\/li>\n<li>3 x 8 m, (6000100) &#8211; 770,83 EUR<\/li>\n<li>3 x 10 m, (6000101) -866,67 EUR<\/li>\n<\/ul>\n<p><strong>SAATAVILLA KOOT HINTOILLA 6 mm, (ilman ALV):<\/strong><\/p>\n<ul>\n<li>3 x 4 m (6007118) &#8211; 583,33 EUR<\/li>\n<li>3 x 6 m (6007119) &#8211; 737,50 EUR<\/li>\n<li>3 x 8 m (6007120) &#8211; 916,67 EUR<\/li>\n<li>3 x 10 m (6007121) &#8211; 1000 EUR<\/li>\n<\/ul>\n<p>&nbsp;<\/p>\n<p><strong>LIS\u00c4KSI ON MAHDOLLINEN OSTA:<\/strong><\/p>\n<ul>\n<li>Tuuletusikkuna 2 m leve\u00e4\u00e4n kasvihuoneeseen (sis. saranat, kiinnikkeet, laminoitu muovi)<\/li>\n<li>Tuuletusikkuna 3 m leve\u00e4\u00e4n kasvihuoneeseen (sis. saranat, kiinnikkeet, laminoitu muovi)<\/li>\n<li>Greenhouse Easy-UP -vahvike 2 kpl setiss\u00e4<\/li>\n<\/ul>\n<p>&nbsp;<\/p>\n<p>&nbsp;<\/p>\n<p><a href=\"https:\/\/factory.sale\/wp-content\/uploads\/2022\/07\/Easy-Up-KASUTUSJUHEND-koik-suurused.pdf\" target=\"_blank\" rel=\"noopener\">Ohjeet<\/a><\/p>\n","protected":false},"excerpt":{"rendered":"<p>Easy-Up kaarikasvihuone on tarkoitettu erilaisten puutarhakasvien viljelyyn.<\/p>\n<p>Kasvihuoneen kokoamiseen menee vain noin 2-3 tuntia.<\/p>\n<p><strong>KOKOAMINEN ON HELPPOA JA NOPEAA!<\/strong><\/p>\n","protected":false},"featured_media":7357,"comment_status":"open","ping_status":"closed","template":"","meta":{"_acf_changed":false},"factory":[],"free-shipment":[],"product_brand":[],"product_cat":[452],"product_tag":[506],"class_list":{"0":"post-16806","1":"product","2":"type-product","3":"status-publish","4":"has-post-thumbnail","6":"product_cat-kasvihuoneet","7":"product_tag-greenhouse-fi","9":"first","10":"instock","11":"sale","12":"taxable","13":"shipping-taxable","14":"purchasable","15":"product-type-simple"},"acf":[],"_links":{"self":[{"href":"https:\/\/factory.sale\/fi\/wp-json\/wp\/v2\/product\/16806","targetHints":{"allow":["GET"]}}],"collection":[{"href":"https:\/\/factory.sale\/fi\/wp-json\/wp\/v2\/product"}],"about":[{"href":"https:\/\/factory.sale\/fi\/wp-json\/wp\/v2\/types\/product"}],"replies":[{"embeddable":true,"href":"https:\/\/factory.sale\/fi\/wp-json\/wp\/v2\/comments?post=16806"}],"wp:featuredmedia":[{"embeddable":true,"href":"https:\/\/factory.sale\/fi\/wp-json\/wp\/v2\/media\/7357"}],"wp:attachment":[{"href":"https:\/\/factory.sale\/fi\/wp-json\/wp\/v2\/media?parent=16806"}],"wp:term":[{"taxonomy":"factory","embeddable":true,"href":"https:\/\/factory.sale\/fi\/wp-json\/wp\/v2\/factory?post=16806"},{"taxonomy":"free-shipment","embeddable":true,"href":"https:\/\/factory.sale\/fi\/wp-json\/wp\/v2\/free-shipment?post=16806"},{"taxonomy":"product_brand","embeddable":true,"href":"https:\/\/factory.sale\/fi\/wp-json\/wp\/v2\/product_brand?post=16806"},{"taxonomy":"product_cat","embeddable":true,"href":"https:\/\/factory.sale\/fi\/wp-json\/wp\/v2\/product_cat?post=16806"},{"taxonomy":"product_tag","embeddable":true,"href":"https:\/\/factory.sale\/fi\/wp-json\/wp\/v2\/product_tag?post=16806"}],"curies":[{"name":"wp","href":"https:\/\/api.w.org\/{rel}","templated":true}]}}