{"id":16801,"date":"2022-08-25T05:16:23","date_gmt":"2022-12-10T16:14:04","guid":{"rendered":"https:\/\/factory.sale\/?post_type=product&#038;p=16801"},"modified":"2024-06-28T14:44:32","modified_gmt":"2024-06-28T14:44:32","slug":"puutarhakeinu","status":"publish","type":"product","link":"https:\/\/factory.sale\/fi\/tuote\/puutarhakeinu\/","title":{"rendered":"PUUTARHAKEINU"},"content":{"rendered":"<p>The garden swing is three-seater and has a canopy. The body of the swing is made of painted steel.<br \/>\nKolmen istuttava katollinen puutarhakeinu. Keinun runko on maalattua ter\u00e4st\u00e4.<br \/>\nKatos on p\u00e4\u00e4llystetty s\u00e4\u00e4nkest\u00e4v\u00e4ll\u00e4 polyesterikankaalla.<\/p>\n<p><strong>Lis\u00e4tiedot:<\/strong><\/p>\n<ul>\n<li>Mitat: 165 x 110 x 153 cm<\/li>\n<li>Istuimen koko: 130 x 50 cm<\/li>\n<\/ul>\n","protected":false},"excerpt":{"rendered":"<p>Puutarhakeinu on kolmen hengen keinu, jossa on katos.<\/p>\n","protected":false},"featured_media":12168,"comment_status":"open","ping_status":"closed","template":"","meta":{"_acf_changed":false},"factory":[],"free-shipment":[],"product_brand":[],"product_cat":[997],"product_tag":[1488,1489],"class_list":{"0":"post-16801","1":"product","2":"type-product","3":"status-publish","4":"has-post-thumbnail","6":"product_cat-piha-puutarha-fi","7":"product_tag-garden-fi","8":"product_tag-yard-fi","10":"first","11":"instock","12":"sale","13":"taxable","14":"shipping-taxable","15":"purchasable","16":"product-type-simple"},"acf":[],"_links":{"self":[{"href":"https:\/\/factory.sale\/fi\/wp-json\/wp\/v2\/product\/16801","targetHints":{"allow":["GET"]}}],"collection":[{"href":"https:\/\/factory.sale\/fi\/wp-json\/wp\/v2\/product"}],"about":[{"href":"https:\/\/factory.sale\/fi\/wp-json\/wp\/v2\/types\/product"}],"replies":[{"embeddable":true,"href":"https:\/\/factory.sale\/fi\/wp-json\/wp\/v2\/comments?post=16801"}],"wp:featuredmedia":[{"embeddable":true,"href":"https:\/\/factory.sale\/fi\/wp-json\/wp\/v2\/media\/12168"}],"wp:attachment":[{"href":"https:\/\/factory.sale\/fi\/wp-json\/wp\/v2\/media?parent=16801"}],"wp:term":[{"taxonomy":"factory","embeddable":true,"href":"https:\/\/factory.sale\/fi\/wp-json\/wp\/v2\/factory?post=16801"},{"taxonomy":"free-shipment","embeddable":true,"href":"https:\/\/factory.sale\/fi\/wp-json\/wp\/v2\/free-shipment?post=16801"},{"taxonomy":"product_brand","embeddable":true,"href":"https:\/\/factory.sale\/fi\/wp-json\/wp\/v2\/product_brand?post=16801"},{"taxonomy":"product_cat","embeddable":true,"href":"https:\/\/factory.sale\/fi\/wp-json\/wp\/v2\/product_cat?post=16801"},{"taxonomy":"product_tag","embeddable":true,"href":"https:\/\/factory.sale\/fi\/wp-json\/wp\/v2\/product_tag?post=16801"}],"curies":[{"name":"wp","href":"https:\/\/api.w.org\/{rel}","templated":true}]}}