{"id":16799,"date":"2022-07-04T09:56:58","date_gmt":"2022-12-10T16:12:41","guid":{"rendered":"https:\/\/factory.sale\/?post_type=product&#038;p=16799"},"modified":"2024-06-25T17:24:42","modified_gmt":"2024-06-25T17:24:42","slug":"pihavaja-66m2","status":"publish","type":"product","link":"https:\/\/factory.sale\/fi\/tuote\/pihavaja-66m2\/","title":{"rendered":"PIHAVAJA 6,6M2"},"content":{"rendered":"<p>Pihavajan sein\u00e4t ja katto on tehty galvanoidusta ter\u00e4slevyst\u00e4 ja sen kest\u00e4v\u00e4 runko on galvanoitua ter\u00e4st\u00e4.<br \/>\nVajassa on 4 tuuletusaukkoa.<\/p>\n<p><strong>LIS\u00c4TIEDOT:<\/strong><\/p>\n<p>\u25cf Mitat: 291x226x194cm (PxLxK)<br \/>\n\u25cf Oviaukko: 158 x 105 cm (K x L)<br \/>\n\u25cf Lumikuorma 15kg\/m2<br \/>\n\u25cf Materiaali: sein\u00e4t ja katto 0,25 mm galvanoitu ter\u00e4slevy, runko 0,6 mm galvanoitu ter\u00e4s<br \/>\n\u25cf Pakattu kahteen pakkaukseen: 116 x 72 x 12 \u2013 67 kg, 23 x 153 x 15 \u2013 18 kg<\/p>\n","protected":false},"excerpt":{"rendered":"<p>Pihavaja 6,6 m2 \u2013 Pihavajan sein\u00e4t ja katto on tehty galvanoidusta ter\u00e4slevyst\u00e4 ja sen kest\u00e4v\u00e4 runko on\u00a0galvanoitua ter\u00e4st\u00e4. Vajassa on 4 tuuletusaukkoa.<\/p>\n","protected":false},"featured_media":85244,"comment_status":"open","ping_status":"closed","template":"","meta":{"_acf_changed":false},"factory":[],"free-shipment":[],"product_brand":[],"product_cat":[997,4242],"product_tag":[],"class_list":{"0":"post-16799","1":"product","2":"type-product","3":"status-publish","4":"has-post-thumbnail","6":"product_cat-piha-puutarha-fi","7":"product_cat-puutarharakennukset","9":"first","10":"instock","11":"sale","12":"taxable","13":"shipping-taxable","14":"purchasable","15":"product-type-simple"},"acf":[],"_links":{"self":[{"href":"https:\/\/factory.sale\/fi\/wp-json\/wp\/v2\/product\/16799","targetHints":{"allow":["GET"]}}],"collection":[{"href":"https:\/\/factory.sale\/fi\/wp-json\/wp\/v2\/product"}],"about":[{"href":"https:\/\/factory.sale\/fi\/wp-json\/wp\/v2\/types\/product"}],"replies":[{"embeddable":true,"href":"https:\/\/factory.sale\/fi\/wp-json\/wp\/v2\/comments?post=16799"}],"wp:featuredmedia":[{"embeddable":true,"href":"https:\/\/factory.sale\/fi\/wp-json\/wp\/v2\/media\/85244"}],"wp:attachment":[{"href":"https:\/\/factory.sale\/fi\/wp-json\/wp\/v2\/media?parent=16799"}],"wp:term":[{"taxonomy":"factory","embeddable":true,"href":"https:\/\/factory.sale\/fi\/wp-json\/wp\/v2\/factory?post=16799"},{"taxonomy":"free-shipment","embeddable":true,"href":"https:\/\/factory.sale\/fi\/wp-json\/wp\/v2\/free-shipment?post=16799"},{"taxonomy":"product_brand","embeddable":true,"href":"https:\/\/factory.sale\/fi\/wp-json\/wp\/v2\/product_brand?post=16799"},{"taxonomy":"product_cat","embeddable":true,"href":"https:\/\/factory.sale\/fi\/wp-json\/wp\/v2\/product_cat?post=16799"},{"taxonomy":"product_tag","embeddable":true,"href":"https:\/\/factory.sale\/fi\/wp-json\/wp\/v2\/product_tag?post=16799"}],"curies":[{"name":"wp","href":"https:\/\/api.w.org\/{rel}","templated":true}]}}