{"id":16797,"date":"2022-07-04T10:19:12","date_gmt":"2022-12-10T16:10:24","guid":{"rendered":"https:\/\/factory.sale\/?post_type=product&#038;p=16797"},"modified":"2024-06-26T14:12:37","modified_gmt":"2024-06-26T14:12:37","slug":"pihavaja-4-63-m2","status":"publish","type":"product","link":"https:\/\/factory.sale\/fi\/tuote\/pihavaja-4-63-m2\/","title":{"rendered":"PIHAVAJA 4.63 M2"},"content":{"rendered":"<p>Pihavajan sein\u00e4t ja katto on tehty galvanoidusta ter\u00e4slevyst\u00e4 ja sen kest\u00e4v\u00e4 runko on galvanoitua ter\u00e4st\u00e4.<br \/>\nVajassa on <strong>4<\/strong> tuuletusaukkoa.<\/p>\n<p>&nbsp;<\/p>\n<p><strong>LIS\u00c4TIEDOT:<\/strong><\/p>\n<ul>\n<li>Mitat: 205 x 226 x 194 cm<\/li>\n<li>Oviaukko: 158 x 105 cm<\/li>\n<li>Lumikuorma 15k g\/m2<\/li>\n<li>Sein\u00e4t ja katto: 0,25 mm galvanoitu ter\u00e4slevy<\/li>\n<li>Runko: 0,6 mm galvanoitu ter\u00e4s<\/li>\n<\/ul>\n<p>&nbsp;<\/p>\n<p>&nbsp;<\/p>\n<p><strong>Pakattu kahteen pakkaukseen:<\/strong><\/p>\n<ul>\n<li>120 x 22 x 16 cm \u2013 17 kg<\/li>\n<li>166 x 72 x 11 cm \u2013 53 kg<\/li>\n<\/ul>\n","protected":false},"excerpt":{"rendered":"<p><strong>Pihavaja 4.63 m2<\/strong> \u2013 Pihavajan sein\u00e4t ja katto on tehty galvanoidusta ter\u00e4slevyst\u00e4 ja sen kest\u00e4v\u00e4 runko on\u00a0galvanoitua ter\u00e4st\u00e4. Vajassa on 4 tuuletusaukkoa.<\/p>\n","protected":false},"featured_media":85253,"comment_status":"open","ping_status":"closed","template":"","meta":{"_acf_changed":false},"factory":[],"free-shipment":[],"product_brand":[],"product_cat":[997,4242],"product_tag":[1488,1489],"class_list":{"0":"post-16797","1":"product","2":"type-product","3":"status-publish","4":"has-post-thumbnail","6":"product_cat-piha-puutarha-fi","7":"product_cat-puutarharakennukset","8":"product_tag-garden-fi","9":"product_tag-yard-fi","11":"first","12":"instock","13":"sale","14":"taxable","15":"shipping-taxable","16":"purchasable","17":"product-type-simple"},"acf":[],"_links":{"self":[{"href":"https:\/\/factory.sale\/fi\/wp-json\/wp\/v2\/product\/16797","targetHints":{"allow":["GET"]}}],"collection":[{"href":"https:\/\/factory.sale\/fi\/wp-json\/wp\/v2\/product"}],"about":[{"href":"https:\/\/factory.sale\/fi\/wp-json\/wp\/v2\/types\/product"}],"replies":[{"embeddable":true,"href":"https:\/\/factory.sale\/fi\/wp-json\/wp\/v2\/comments?post=16797"}],"wp:featuredmedia":[{"embeddable":true,"href":"https:\/\/factory.sale\/fi\/wp-json\/wp\/v2\/media\/85253"}],"wp:attachment":[{"href":"https:\/\/factory.sale\/fi\/wp-json\/wp\/v2\/media?parent=16797"}],"wp:term":[{"taxonomy":"factory","embeddable":true,"href":"https:\/\/factory.sale\/fi\/wp-json\/wp\/v2\/factory?post=16797"},{"taxonomy":"free-shipment","embeddable":true,"href":"https:\/\/factory.sale\/fi\/wp-json\/wp\/v2\/free-shipment?post=16797"},{"taxonomy":"product_brand","embeddable":true,"href":"https:\/\/factory.sale\/fi\/wp-json\/wp\/v2\/product_brand?post=16797"},{"taxonomy":"product_cat","embeddable":true,"href":"https:\/\/factory.sale\/fi\/wp-json\/wp\/v2\/product_cat?post=16797"},{"taxonomy":"product_tag","embeddable":true,"href":"https:\/\/factory.sale\/fi\/wp-json\/wp\/v2\/product_tag?post=16797"}],"curies":[{"name":"wp","href":"https:\/\/api.w.org\/{rel}","templated":true}]}}