{"id":16795,"date":"2022-07-04T10:08:30","date_gmt":"2022-12-10T16:06:47","guid":{"rendered":"https:\/\/factory.sale\/?post_type=product&#038;p=16795"},"modified":"2024-06-26T20:06:18","modified_gmt":"2024-06-26T20:06:18","slug":"pihavaja-102-m2","status":"publish","type":"product","link":"https:\/\/factory.sale\/fi\/tuote\/pihavaja-102-m2\/","title":{"rendered":"PIHAVAJA 10,2 M2"},"content":{"rendered":"<p>Pihavajan sein\u00e4t ja katto on tehty galvanoidusta ter\u00e4slevyst\u00e4 ja sen kest\u00e4v\u00e4 runko on galvanoitua ter\u00e4st\u00e4.<br \/>\nVajassa on 4 tuuletusaukkoa.<\/p>\n<p>&nbsp;<\/p>\n<p><strong>LIS\u00c4TIEDOT:<\/strong><\/p>\n<p>\u25cf Mitat: leveys 330 cm x syvyys 309 cm x harjakorkeus 208 cm<br \/>\n\u25cf Oviaukko (LxK) 138 x 162 cm<br \/>\n\u25cf Pinta-ala 10,2m\u00b2<br \/>\n\u25cf Lumikuorma 15kg\/m2<br \/>\n\u25cf Materiaali: sein\u00e4t ja katto 0,25 mm galvanoitu ter\u00e4slevy, runko 0,6 mm galvanoitu ter\u00e4s<br \/>\n\u25cf Pakattu kahteen pakkaukseen: 200 x 100 x 60 cm 68 kg ja 220 x 26 x 14 cm 45 kg<\/p>\n","protected":false},"excerpt":{"rendered":"<p>Pihavaja 10,2 m2 \u2013 Pihavajan sein\u00e4t ja katto on tehty galvanoidusta ter\u00e4slevyst\u00e4 ja sen kest\u00e4v\u00e4 runko on\u00a0galvanoitua ter\u00e4st\u00e4. Vajassa on 4 tuuletusaukkoa.<\/p>\n","protected":false},"featured_media":85262,"comment_status":"open","ping_status":"closed","template":"","meta":{"_acf_changed":false},"factory":[],"free-shipment":[],"product_brand":[],"product_cat":[997,4242],"product_tag":[1488,1489],"class_list":{"0":"post-16795","1":"product","2":"type-product","3":"status-publish","4":"has-post-thumbnail","6":"product_cat-piha-puutarha-fi","7":"product_cat-puutarharakennukset","8":"product_tag-garden-fi","9":"product_tag-yard-fi","11":"first","12":"instock","13":"sale","14":"taxable","15":"shipping-taxable","16":"purchasable","17":"product-type-simple"},"acf":[],"_links":{"self":[{"href":"https:\/\/factory.sale\/fi\/wp-json\/wp\/v2\/product\/16795","targetHints":{"allow":["GET"]}}],"collection":[{"href":"https:\/\/factory.sale\/fi\/wp-json\/wp\/v2\/product"}],"about":[{"href":"https:\/\/factory.sale\/fi\/wp-json\/wp\/v2\/types\/product"}],"replies":[{"embeddable":true,"href":"https:\/\/factory.sale\/fi\/wp-json\/wp\/v2\/comments?post=16795"}],"wp:featuredmedia":[{"embeddable":true,"href":"https:\/\/factory.sale\/fi\/wp-json\/wp\/v2\/media\/85262"}],"wp:attachment":[{"href":"https:\/\/factory.sale\/fi\/wp-json\/wp\/v2\/media?parent=16795"}],"wp:term":[{"taxonomy":"factory","embeddable":true,"href":"https:\/\/factory.sale\/fi\/wp-json\/wp\/v2\/factory?post=16795"},{"taxonomy":"free-shipment","embeddable":true,"href":"https:\/\/factory.sale\/fi\/wp-json\/wp\/v2\/free-shipment?post=16795"},{"taxonomy":"product_brand","embeddable":true,"href":"https:\/\/factory.sale\/fi\/wp-json\/wp\/v2\/product_brand?post=16795"},{"taxonomy":"product_cat","embeddable":true,"href":"https:\/\/factory.sale\/fi\/wp-json\/wp\/v2\/product_cat?post=16795"},{"taxonomy":"product_tag","embeddable":true,"href":"https:\/\/factory.sale\/fi\/wp-json\/wp\/v2\/product_tag?post=16795"}],"curies":[{"name":"wp","href":"https:\/\/api.w.org\/{rel}","templated":true}]}}