{"id":16793,"date":"2022-08-14T09:55:06","date_gmt":"2022-12-10T16:03:51","guid":{"rendered":"https:\/\/factory.sale\/?post_type=product&#038;p=16793"},"modified":"2024-06-27T19:52:30","modified_gmt":"2024-06-27T19:52:30","slug":"puutarhaverkko-10-m-rulla","status":"publish","type":"product","link":"https:\/\/factory.sale\/fi\/tuote\/puutarhaverkko-10-m-rulla\/","title":{"rendered":"PUUTARHAVERKKO 10 M RULLA"},"content":{"rendered":"<p>Puutarhaverkko 10m rulla on PVC-p\u00e4\u00e4llysteinen puutarhaverkko, joka sopii k\u00e4ytett\u00e4v\u00e4ksi kotipuutarhoissa\u00a0kasvimaan reunukseksi.<\/p>\n<p><strong>PINTAK\u00c4SITTELY<\/strong>: hitsattu metalliverkko + galvanoitu + pinnoitettu PVC:ll\u00e4<\/p>\n<p>&nbsp;<\/p>\n<p><strong>MITAT:<\/strong><\/p>\n<table dir=\"ltr\" border=\"1\" cellspacing=\"0\" cellpadding=\"0\">\n<colgroup>\n<col width=\"151\" \/>\n<col width=\"119\" \/>\n<col width=\"132\" \/>\n<col width=\"104\" \/>\n<col width=\"110\" \/>\n<col width=\"130\" \/><\/colgroup>\n<tbody>\n<tr>\n<td data-sheets-value=\"{&quot;1&quot;:2,&quot;2&quot;:&quot; PVC &quot;}\" data-sheets-numberformat=\"{&quot;1&quot;:1}\">PVC<\/td>\n<td><\/td>\n<td data-sheets-value=\"{&quot;1&quot;:2,&quot;2&quot;:&quot;80X150mm&quot;}\">80X150mm<\/td>\n<td data-sheets-value=\"{&quot;1&quot;:2,&quot;2&quot;:&quot;1,5\/1,9mm&quot;}\">1,5\/1,9mm<\/td>\n<td data-sheets-value=\"{&quot;1&quot;:2,&quot;2&quot;:&quot;2,4\/3,0mm&quot;}\" data-sheets-numberformat=\"{&quot;1&quot;:1}\">2,4\/3,0mm<\/td>\n<td data-sheets-value=\"{&quot;1&quot;:2,&quot;2&quot;:&quot;\u21a8 0,4m*10m \u2194&quot;}\" data-sheets-numberformat=\"{&quot;1&quot;:2,&quot;2&quot;:&quot;0.00&quot;,&quot;3&quot;:1}\">\u21a8 0,4m*10m \u2194<\/td>\n<\/tr>\n<tr>\n<td data-sheets-value=\"{&quot;1&quot;:2,&quot;2&quot;:&quot; PVC &quot;}\" data-sheets-numberformat=\"{&quot;1&quot;:1}\">PVC<\/td>\n<td><\/td>\n<td data-sheets-value=\"{&quot;1&quot;:2,&quot;2&quot;:&quot;80X150mm&quot;}\">80X150mm<\/td>\n<td data-sheets-value=\"{&quot;1&quot;:2,&quot;2&quot;:&quot;1,5\/1,9mm&quot;}\">1,5\/1,9mm<\/td>\n<td data-sheets-value=\"{&quot;1&quot;:2,&quot;2&quot;:&quot;2,4\/3,0mm&quot;}\" data-sheets-numberformat=\"{&quot;1&quot;:1}\">2,4\/3,0mm<\/td>\n<td data-sheets-value=\"{&quot;1&quot;:2,&quot;2&quot;:&quot;0,65m*10m&quot;}\" data-sheets-numberformat=\"{&quot;1&quot;:2,&quot;2&quot;:&quot;0.00&quot;,&quot;3&quot;:1}\">0,65m*10m<\/td>\n<\/tr>\n<\/tbody>\n<\/table>\n","protected":false},"excerpt":{"rendered":"<p>Puutarhaverkko 10m rulla on PVC-p\u00e4\u00e4llysteinen puutarhaverkko, joka sopii k\u00e4ytett\u00e4v\u00e4ksi kotipuutarhoissa\u00a0kasvimaan reunukseksi.<\/p>\n","protected":false},"featured_media":7661,"comment_status":"open","ping_status":"closed","template":"","meta":{"_acf_changed":false},"factory":[],"free-shipment":[],"product_brand":[],"product_cat":[997],"product_tag":[1488,1489],"class_list":{"0":"post-16793","1":"product","2":"type-product","3":"status-publish","4":"has-post-thumbnail","6":"product_cat-piha-puutarha-fi","7":"product_tag-garden-fi","8":"product_tag-yard-fi","10":"first","11":"instock","12":"sale","13":"taxable","14":"shipping-taxable","15":"purchasable","16":"product-type-simple"},"acf":[],"_links":{"self":[{"href":"https:\/\/factory.sale\/fi\/wp-json\/wp\/v2\/product\/16793","targetHints":{"allow":["GET"]}}],"collection":[{"href":"https:\/\/factory.sale\/fi\/wp-json\/wp\/v2\/product"}],"about":[{"href":"https:\/\/factory.sale\/fi\/wp-json\/wp\/v2\/types\/product"}],"replies":[{"embeddable":true,"href":"https:\/\/factory.sale\/fi\/wp-json\/wp\/v2\/comments?post=16793"}],"wp:featuredmedia":[{"embeddable":true,"href":"https:\/\/factory.sale\/fi\/wp-json\/wp\/v2\/media\/7661"}],"wp:attachment":[{"href":"https:\/\/factory.sale\/fi\/wp-json\/wp\/v2\/media?parent=16793"}],"wp:term":[{"taxonomy":"factory","embeddable":true,"href":"https:\/\/factory.sale\/fi\/wp-json\/wp\/v2\/factory?post=16793"},{"taxonomy":"free-shipment","embeddable":true,"href":"https:\/\/factory.sale\/fi\/wp-json\/wp\/v2\/free-shipment?post=16793"},{"taxonomy":"product_brand","embeddable":true,"href":"https:\/\/factory.sale\/fi\/wp-json\/wp\/v2\/product_brand?post=16793"},{"taxonomy":"product_cat","embeddable":true,"href":"https:\/\/factory.sale\/fi\/wp-json\/wp\/v2\/product_cat?post=16793"},{"taxonomy":"product_tag","embeddable":true,"href":"https:\/\/factory.sale\/fi\/wp-json\/wp\/v2\/product_tag?post=16793"}],"curies":[{"name":"wp","href":"https:\/\/api.w.org\/{rel}","templated":true}]}}