{"id":16770,"date":"2022-07-18T13:56:13","date_gmt":"2022-12-10T14:45:19","guid":{"rendered":"https:\/\/factory.sale\/?post_type=product&#038;p=16770"},"modified":"2024-06-27T17:44:38","modified_gmt":"2024-06-27T17:44:38","slug":"pihamokki-teehuone-13-3m%c2%b2","status":"publish","type":"product","link":"https:\/\/factory.sale\/fi\/tuote\/pihamokki-teehuone-13-3m%c2%b2\/","title":{"rendered":"PIHAM\u00d6KKI\/TEEHUONE (13.3M\u00b2)"},"content":{"rendered":"<p>Kaikki tarvittavat osat ja tarvikkeet sis\u00e4ltyv\u00e4t pakkaukseen. Sinun tarvitsee vain valita sopiva paikka ja\u00a0valmistella alusta asennusta varten. Pakkaus sis\u00e4lt\u00e4\u00e4 ovet, ikkunat ja asennusta yksinkertaistavat\u00a0piirustukset. Laadukkaat materiaalit, huolellinen ty\u00f6 ja oikea viimeistely varmistavat talon kest\u00e4vyyden ja\u00a0takaavat sinulle viihtyis\u00e4t kes\u00e4illat moniksi vuosiksi.<\/p>\n<p><strong>Lis\u00e4tiedot:<\/strong><\/p>\n<p>\u25cf Pinta-ala: 13.3 m\u00b2<br \/>\n\u25cf Sein\u00e4n ulkomitat: 364 x 364 cm<br \/>\n\u25cf Sis\u00e4mitat: 351 x 351 cm<\/p>\n<p>\u25cf Lattian pinta-ala: 12.3 m\u00b2<br \/>\n\u25cf Sein\u00e4n paksuus: 19 mm<br \/>\n\u25cf Etusein\u00e4n korkeus: 203 cm<br \/>\n\u25cf Sivuseinien korkeus: 203 cm<br \/>\n\u25cf Takasein\u00e4n korkeus: 203 cm<br \/>\n\u25cf Katon rakenne: 19 mm<br \/>\n\u25cf Katon pinta-ala: 17.2 m\u00b2<br \/>\n\u25cf Katon kaltevuus: 15 \u00b0<br \/>\n\u25cf Harjakorkeus: 266 cm<br \/>\n\u25cf R\u00e4yst\u00e4iden leveys (edess\u00e4): 20 cm<br \/>\n\u25cf R\u00e4yst\u00e4iden leveys (sivuilla): 20 cm<br \/>\n\u25cf R\u00e4yst\u00e4iden leveys (takana): 20 cm<br \/>\n\u25cf Kattoristikko: 44 x 70 mm<br \/>\n\u25cf Lattiapalkit: 44 x 94 mm<br \/>\n\u25cf Lattiamateriaali: 19 mm<br \/>\n\u25cf Viimeistely: luonnonpuuta<\/p>\n<p>Tuotteen mukana ei tule kattop\u00e4\u00e4llystett\u00e4!<br \/>\nPiham\u00f6kit, vajat ja paviljongit sijaitsevat ulkona alttiina joka s\u00e4\u00e4lle, sateelle ja auringolle. Puu imee vett\u00e4 ja\u00a0sen kosteuspitoisuus muuttuu ymp\u00e4r\u00f6iv\u00e4n ymp\u00e4rist\u00f6n kosteuspitoisuuden muutosten mukaan. Kosteuden\u00a0kasvaessa puu laajenee ja kosteuden laskiessa se kutistuu. Kosteassa ja l\u00e4mpim\u00e4ss\u00e4 puutarhassa\u00a0k\u00e4sittelem\u00e4t\u00f6n puu alkaa v\u00e4hitellen pehmet\u00e4. Puun tuhoutumista voidaan est\u00e4\u00e4 tai ainakin hidastaa puuta\u00a0k\u00e4sittelem\u00e4ll\u00e4, jolloin puumateriaali kest\u00e4\u00e4 paljon pidemp\u00e4\u00e4n. Oikein k\u00e4siteltyn\u00e4 puu on suojattu\u00a0laajenemisesta, UV-s\u00e4teilylt\u00e4, homeelta ja lahoamisesta.<\/p>\n","protected":false},"excerpt":{"rendered":"<p>K\u00e4yt\u00e4nn\u00f6llinen ja mielenkiintoisen n\u00e4k\u00f6inen piham\u00f6kki\/teehuone sopii joka puutarhaan.<br \/>\nVoit is\u00e4nn\u00f6id\u00e4 vieraita piham\u00f6kiss\u00e4\/teehuoneessa tai tehd\u00e4 siit\u00e4 oman rauhallisen rentoutumisnurkan.<\/p>\n","protected":false},"featured_media":10622,"comment_status":"open","ping_status":"closed","template":"","meta":{"_acf_changed":false},"factory":[],"free-shipment":[],"product_brand":[],"product_cat":[997,4242],"product_tag":[1488,1489],"class_list":{"0":"post-16770","1":"product","2":"type-product","3":"status-publish","4":"has-post-thumbnail","6":"product_cat-piha-puutarha-fi","7":"product_cat-puutarharakennukset","8":"product_tag-garden-fi","9":"product_tag-yard-fi","11":"first","12":"instock","13":"sale","14":"taxable","15":"shipping-taxable","16":"purchasable","17":"product-type-simple"},"acf":[],"_links":{"self":[{"href":"https:\/\/factory.sale\/fi\/wp-json\/wp\/v2\/product\/16770","targetHints":{"allow":["GET"]}}],"collection":[{"href":"https:\/\/factory.sale\/fi\/wp-json\/wp\/v2\/product"}],"about":[{"href":"https:\/\/factory.sale\/fi\/wp-json\/wp\/v2\/types\/product"}],"replies":[{"embeddable":true,"href":"https:\/\/factory.sale\/fi\/wp-json\/wp\/v2\/comments?post=16770"}],"wp:featuredmedia":[{"embeddable":true,"href":"https:\/\/factory.sale\/fi\/wp-json\/wp\/v2\/media\/10622"}],"wp:attachment":[{"href":"https:\/\/factory.sale\/fi\/wp-json\/wp\/v2\/media?parent=16770"}],"wp:term":[{"taxonomy":"factory","embeddable":true,"href":"https:\/\/factory.sale\/fi\/wp-json\/wp\/v2\/factory?post=16770"},{"taxonomy":"free-shipment","embeddable":true,"href":"https:\/\/factory.sale\/fi\/wp-json\/wp\/v2\/free-shipment?post=16770"},{"taxonomy":"product_brand","embeddable":true,"href":"https:\/\/factory.sale\/fi\/wp-json\/wp\/v2\/product_brand?post=16770"},{"taxonomy":"product_cat","embeddable":true,"href":"https:\/\/factory.sale\/fi\/wp-json\/wp\/v2\/product_cat?post=16770"},{"taxonomy":"product_tag","embeddable":true,"href":"https:\/\/factory.sale\/fi\/wp-json\/wp\/v2\/product_tag?post=16770"}],"curies":[{"name":"wp","href":"https:\/\/api.w.org\/{rel}","templated":true}]}}