{"id":16760,"date":"2022-07-19T09:01:22","date_gmt":"2022-12-09T13:00:18","guid":{"rendered":"https:\/\/factory.sale\/?post_type=product&#038;p=16760"},"modified":"2024-06-27T08:39:08","modified_gmt":"2024-06-27T08:39:08","slug":"pihamokki-cubo-2-5-3-m%c2%b2","status":"publish","type":"product","link":"https:\/\/factory.sale\/fi\/tuote\/pihamokki-cubo-2-5-3-m%c2%b2\/","title":{"rendered":"PIHAM\u00d6KKI CUBO 2 (5.3 M\u00b2)"},"content":{"rendered":"<p>K\u00e4yt\u00e4nn\u00f6llisen ja yleismaailmallisen ilmeen omaava CUBO 2 -pihavaja sopii joka puutarhaan.\u00a0L\u00f6ytyyk\u00f6 puutarhassasi polkupy\u00f6ri\u00e4, lasten ulkoleluja, ruohonleikkuri tai muita puutarhatarvikkeita ja\u00a0ty\u00f6kaluja?<\/p>\n<p>Ostaessasi piham\u00f6kin, piha pysyy siistin\u00e4!<br \/>\nPiham\u00f6kki CUBO 2 tarjoaa s\u00e4ilytystilan tavaroille ja suojaa omaisuuttasi kaikilta s\u00e4\u00e4olosuhteilta.<\/p>\n<p>&nbsp;<\/p>\n<p><strong>Lis\u00e4tiedot:<\/strong><br \/>\n\u25cf Sein\u00e4n mitat: 226\/234 cm<br \/>\n\u25cf Ikkunalasi: karkaistu<br \/>\n\u25cf Pinta-ala: 5.3 m2<br \/>\n\u25cf Harjakorkeus: 232 cm<br \/>\n\u25cf Kattomateriaali: tervapahvi<br \/>\n\u25cf Sein\u00e4n paksuus: 19mm<br \/>\n\u25cf Tuote kuljetetaan osissa pakattuna yhteen isoon pakkaukseen<br \/>\n\u25cf Pakkauksen mitat: pituus 230 cm, leveys 111 cm, korkeus 76 cm<br \/>\n\u25cf Paino: 376 kg<\/p>\n<p>Pakkaus sis\u00e4lt\u00e4\u00e4 ovet, ikkunat ja asennusta yksinkertaistavat piirustukset. Halutessasi asennamme ja\u00a0k\u00e4sittelemme tuotteen, jotta piham\u00f6kki olisi viel\u00e4kin kest\u00e4v\u00e4mpi. Tarjoamamme palvelut ovat\u00a0kosteussulkuk\u00e4sittely, v\u00e4liaikais materiaalin vaihto merkitt\u00e4v\u00e4sti vahvempaan, maalaus asiakkaan toiveen\u00a0mukaan, vahvempi pohja, r\u00e4nnin asennus jne. Ty\u00f6mme perustuu asiakkaan toiveisiin. Laadukkaat\u00a0materiaalit, huolellinen ty\u00f6 ja oikea viimeistely varmistavat talon kest\u00e4vyyden ja takaavat sinulle viihtyis\u00e4t\u00a0kes\u00e4illat moniksi vuosiksi.<\/p>\n<p>&nbsp;<\/p>\n<p><strong>Luonnollisen k\u00e4sittelem\u00e4tt\u00f6m\u00e4n puun tapauksessa on hyv\u00e4 tiet\u00e4\u00e4:<\/strong><\/p>\n<p>Piham\u00f6kit, vajat ja paviljongit sijaitsevat ulkona alttiina joka s\u00e4\u00e4lle, sateelle ja auringolle. Puu imee vett\u00e4 ja\u00a0sen kosteuspitoisuus muuttuu ymp\u00e4r\u00f6iv\u00e4n ymp\u00e4rist\u00f6n kosteuspitoisuuden muutosten mukaan. Kosteuden\u00a0kasvaessa puu laajenee ja kosteuden laskiessa se kutistuu. Kosteassa ja l\u00e4mpim\u00e4ss\u00e4 puutarhassa\u00a0k\u00e4sittelem\u00e4t\u00f6n puu alkaa v\u00e4hitellen pehmet\u00e4. Puun tuhoutumista voidaan est\u00e4\u00e4 tai ainakin hidastaa puuta\u00a0k\u00e4sittelem\u00e4ll\u00e4, jolloin puumateriaali kest\u00e4\u00e4 paljon pidemp\u00e4\u00e4n. Oikein k\u00e4siteltyn\u00e4 puu on suojattu\u00a0laajenemisesta, UV-s\u00e4teilylt\u00e4, homeelta ja lahoamisesta.<br \/>\nSuosittelemme luonnonpuusta valmistetun piham\u00f6kin ostettaessa sen sis\u00e4lt\u00e4 ja ulkoa k\u00e4sittely\u00e4\u00a0tuhoutumisen est\u00e4miseksi<br \/>\nUlkopuolelta maalatut piham\u00f6kit ovat sis\u00e4lt\u00e4 luonnollista k\u00e4sittelem\u00e4t\u00f6nt\u00e4 puuta, suosittelemme niiden\u00a0k\u00e4sittely\u00e4 kosteussululla<br \/>\nPiham\u00f6kkien kokoonpanon lis\u00e4ksi tarjoamme my\u00f6s niiden k\u00e4sittely\u00e4<\/p>\n<p>&nbsp;<\/p>\n<p><em>Toimitusaika: 2-4 viikkoa<\/em><br \/>\n<em>Tarjoamme tuotteiden kokoonpanoa ja k\u00e4sittely\u00e4<\/em><\/p>\n","protected":false},"excerpt":{"rendered":"<p>K\u00e4yt\u00e4nn\u00f6llisen ja yleismaailmallisen ilmeen omaava CUBO 2 -pihavaja sopii joka puutarhaan.<\/p>\n","protected":false},"featured_media":10717,"comment_status":"open","ping_status":"closed","template":"","meta":{"_acf_changed":false},"factory":[],"free-shipment":[],"product_brand":[],"product_cat":[997,4242],"product_tag":[1488,1489],"class_list":{"0":"post-16760","1":"product","2":"type-product","3":"status-publish","4":"has-post-thumbnail","6":"product_cat-piha-puutarha-fi","7":"product_cat-puutarharakennukset","8":"product_tag-garden-fi","9":"product_tag-yard-fi","11":"first","12":"instock","13":"sale","14":"taxable","15":"shipping-taxable","16":"purchasable","17":"product-type-simple"},"acf":[],"_links":{"self":[{"href":"https:\/\/factory.sale\/fi\/wp-json\/wp\/v2\/product\/16760","targetHints":{"allow":["GET"]}}],"collection":[{"href":"https:\/\/factory.sale\/fi\/wp-json\/wp\/v2\/product"}],"about":[{"href":"https:\/\/factory.sale\/fi\/wp-json\/wp\/v2\/types\/product"}],"replies":[{"embeddable":true,"href":"https:\/\/factory.sale\/fi\/wp-json\/wp\/v2\/comments?post=16760"}],"wp:featuredmedia":[{"embeddable":true,"href":"https:\/\/factory.sale\/fi\/wp-json\/wp\/v2\/media\/10717"}],"wp:attachment":[{"href":"https:\/\/factory.sale\/fi\/wp-json\/wp\/v2\/media?parent=16760"}],"wp:term":[{"taxonomy":"factory","embeddable":true,"href":"https:\/\/factory.sale\/fi\/wp-json\/wp\/v2\/factory?post=16760"},{"taxonomy":"free-shipment","embeddable":true,"href":"https:\/\/factory.sale\/fi\/wp-json\/wp\/v2\/free-shipment?post=16760"},{"taxonomy":"product_brand","embeddable":true,"href":"https:\/\/factory.sale\/fi\/wp-json\/wp\/v2\/product_brand?post=16760"},{"taxonomy":"product_cat","embeddable":true,"href":"https:\/\/factory.sale\/fi\/wp-json\/wp\/v2\/product_cat?post=16760"},{"taxonomy":"product_tag","embeddable":true,"href":"https:\/\/factory.sale\/fi\/wp-json\/wp\/v2\/product_tag?post=16760"}],"curies":[{"name":"wp","href":"https:\/\/api.w.org\/{rel}","templated":true}]}}