{"id":16758,"date":"2022-07-19T08:30:02","date_gmt":"2022-12-09T12:57:01","guid":{"rendered":"https:\/\/factory.sale\/?post_type=product&#038;p=16758"},"modified":"2024-06-27T23:18:53","modified_gmt":"2024-06-27T23:18:53","slug":"pihamokki-concept-7-0-m%c2%b2","status":"publish","type":"product","link":"https:\/\/factory.sale\/fi\/tuote\/pihamokki-concept-7-0-m%c2%b2\/","title":{"rendered":"PIHAM\u00d6KKI CONCEPT (7.0 M\u00b2)"},"content":{"rendered":"<p>L\u00f6ytyyk\u00f6 puutarhassasi polkupy\u00f6ri\u00e4, lasten ulkoleluja, ruohonleikkuri tai muita puutarhatarvikkeita ja<\/p>\n<p>ty\u00f6kaluja? Ostaessasi piham\u00f6kin, piha pysyy siistin\u00e4!<br \/>\nPiham\u00f6kki CONCEPT tarjoaa s\u00e4ilytystilan tavaroille ja suojaa omaisuuttasi kaikilta s\u00e4\u00e4olosuhteilta.<br \/>\nK\u00e4ytt\u00f6tarkoituksensa lis\u00e4ksi piham\u00f6kki soveltuu viihtyis\u00e4ksi kes\u00e4m\u00f6kiksi, joka tarjoaa paikan, jossa voit\u00a0nauttia mukavista kes\u00e4illoista, mik\u00e4li sijoitat sinne esimerkiksi kes\u00e4kalusteet. Kuvittele perheesi tai\u00a0yst\u00e4v\u00e4si yhdess\u00e4 kauniina kes\u00e4iltana, pit\u00e4m\u00e4ss\u00e4 hauskaa ja grillaamassa, eik\u00e4 pienik\u00e4\u00e4n sadekuuro h\u00e4iritse\u00a0\u2013 t\u00e4ydellist\u00e4!<\/p>\n<p><strong>Lis\u00e4tiedot:<\/strong><\/p>\n<p>\u25cf Sein\u00e4n mitat: 297\/237 cm<br \/>\n\u25cf Ikkunalasi: karkaistu<br \/>\n\u25cf Pinta-ala: 7 m2<br \/>\n\u25cf Harjakorkeus: 233 cm<br \/>\n\u25cf Kattomateriaali: tervapahvi<br \/>\n\u25cf Sein\u00e4n paksuus: 19mm<br \/>\n\u25cf Tuote kuljetetaan osissa pakattuna yhteen isoon pakkaukseen<br \/>\n\u25cf Pakkauksen mitat: pituus 230 cm, leveys 116 cm, korkeus 68 cm<br \/>\n\u25cf Paino: 435 kg<\/p>\n<p><strong>Luonnollisen k\u00e4sittelem\u00e4tt\u00f6m\u00e4n puun tapauksessa on hyv\u00e4 tiet\u00e4\u00e4:<\/strong><\/p>\n<p>Piham\u00f6kit, vajat ja paviljongit sijaitsevat ulkona alttiina joka s\u00e4\u00e4lle, sateelle ja auringolle. Puu imee vett\u00e4 ja\u00a0sen kosteuspitoisuus muuttuu ymp\u00e4r\u00f6iv\u00e4n ymp\u00e4rist\u00f6n kosteuspitoisuuden muutosten mukaan. Kosteuden\u00a0kasvaessa puu laajenee ja kosteuden laskiessa se kutistuu. Kosteassa ja l\u00e4mpim\u00e4ss\u00e4 puutarhassa\u00a0k\u00e4sittelem\u00e4t\u00f6n puu alkaa v\u00e4hitellen pehmet\u00e4. Puun tuhoutumista voidaan est\u00e4\u00e4 tai ainakin hidastaa puuta\u00a0k\u00e4sittelem\u00e4ll\u00e4, jolloin puumateriaali kest\u00e4\u00e4 paljon pidemp\u00e4\u00e4n. Oikein k\u00e4siteltyn\u00e4 puu on suojattu\u00a0laajenemisesta, UV-s\u00e4teilylt\u00e4, homeelta ja lahoamisesta.<br \/>\nSuosittelemme luonnonpuusta valmistetun piham\u00f6kin ostettaessa sen sis\u00e4lt\u00e4 ja ulkoa k\u00e4sittely\u00e4\u00a0tuhoutumisen est\u00e4miseksi<\/p>\n<p>Suosittelemme kattop\u00e4\u00e4llysteen vaihtamista pitk\u00e4ik\u00e4isemp\u00e4\u00e4n, koska mukana tuleva katto on tarkoitettu\u00a0v\u00e4liaikaiseen k\u00e4ytt\u00f6\u00f6n, k\u00e4ytt\u00f6ik\u00e4 6-12 kuukautta<br \/>\nUlkopuolelta maalatut piham\u00f6kit ovat sis\u00e4lt\u00e4 luonnollista k\u00e4sittelem\u00e4t\u00f6nt\u00e4 puuta, suosittelemme niiden\u00a0k\u00e4sittely\u00e4 kosteussululla<br \/>\nPiham\u00f6kkien kokoonpanon lis\u00e4ksi tarjoamme my\u00f6s niiden k\u00e4sittely\u00e4<\/p>\n<p>&nbsp;<\/p>\n<p><em>Toimitusaika: 2-4 viikkoa<\/em><br \/>\n<em>Pyyd\u00e4 kuljetus- ja asennustarjous!<\/em><\/p>\n","protected":false},"excerpt":{"rendered":"<p>CONCEPTia voidaan k\u00e4ytt\u00e4\u00e4 sek\u00e4 varastopaikkana ett\u00e4 kes\u00e4m\u00f6kkin\u00e4, jossa voi viett\u00e4\u00e4 mukavaa aikaa\u00a0miellytt\u00e4vin\u00e4 kes\u00e4p\u00e4ivin\u00e4.<br \/>\nTyylikk\u00e4\u00e4n n\u00e4k\u00f6inen piham\u00f6kki sopii sek\u00e4 varastoksi ett\u00e4 kes\u00e4m\u00f6kiksi joka puutarhaan.<\/p>\n<p>&nbsp;<\/p>\n","protected":false},"featured_media":10697,"comment_status":"open","ping_status":"closed","template":"","meta":{"_acf_changed":false},"factory":[],"free-shipment":[],"product_brand":[],"product_cat":[997,4242],"product_tag":[1488,1489],"class_list":{"0":"post-16758","1":"product","2":"type-product","3":"status-publish","4":"has-post-thumbnail","6":"product_cat-piha-puutarha-fi","7":"product_cat-puutarharakennukset","8":"product_tag-garden-fi","9":"product_tag-yard-fi","11":"first","12":"instock","13":"sale","14":"taxable","15":"shipping-taxable","16":"purchasable","17":"product-type-simple"},"acf":[],"_links":{"self":[{"href":"https:\/\/factory.sale\/fi\/wp-json\/wp\/v2\/product\/16758","targetHints":{"allow":["GET"]}}],"collection":[{"href":"https:\/\/factory.sale\/fi\/wp-json\/wp\/v2\/product"}],"about":[{"href":"https:\/\/factory.sale\/fi\/wp-json\/wp\/v2\/types\/product"}],"replies":[{"embeddable":true,"href":"https:\/\/factory.sale\/fi\/wp-json\/wp\/v2\/comments?post=16758"}],"wp:featuredmedia":[{"embeddable":true,"href":"https:\/\/factory.sale\/fi\/wp-json\/wp\/v2\/media\/10697"}],"wp:attachment":[{"href":"https:\/\/factory.sale\/fi\/wp-json\/wp\/v2\/media?parent=16758"}],"wp:term":[{"taxonomy":"factory","embeddable":true,"href":"https:\/\/factory.sale\/fi\/wp-json\/wp\/v2\/factory?post=16758"},{"taxonomy":"free-shipment","embeddable":true,"href":"https:\/\/factory.sale\/fi\/wp-json\/wp\/v2\/free-shipment?post=16758"},{"taxonomy":"product_brand","embeddable":true,"href":"https:\/\/factory.sale\/fi\/wp-json\/wp\/v2\/product_brand?post=16758"},{"taxonomy":"product_cat","embeddable":true,"href":"https:\/\/factory.sale\/fi\/wp-json\/wp\/v2\/product_cat?post=16758"},{"taxonomy":"product_tag","embeddable":true,"href":"https:\/\/factory.sale\/fi\/wp-json\/wp\/v2\/product_tag?post=16758"}],"curies":[{"name":"wp","href":"https:\/\/api.w.org\/{rel}","templated":true}]}}