{"id":16749,"date":"2022-06-30T14:23:25","date_gmt":"2022-12-08T20:57:16","guid":{"rendered":"https:\/\/factory.sale\/?post_type=product&#038;p=16749"},"modified":"2024-06-30T19:27:08","modified_gmt":"2024-06-30T19:27:08","slug":"autotalli-pihavaja-normaaliovilla-171-m2","status":"publish","type":"product","link":"https:\/\/factory.sale\/fi\/tuote\/autotalli-pihavaja-normaaliovilla-171-m2\/","title":{"rendered":"AUTOTALLI\/ PIHAVAJA NORMAALIOVILLA 17,1 M2"},"content":{"rendered":"<p>Autotalli\/pihavaja normaaliovilla on helppo asentaa. Sein\u00e4t ja katto ovat galvanoitua ter\u00e4slevy\u00e4 ja runko\u00a0galvanoitua ter\u00e4st\u00e4.<\/p>\n<p><strong>LIS\u00c4TIEDOT:<\/strong><\/p>\n<p>\u25cf Kaksi ovea (p\u00e4\u00e4ovi ja sivuovi)<br \/>\n\u25cf 4 tuuletusaukkoa<br \/>\n\u25cf Materiaali: galvanoitu + maalatut ter\u00e4slevyt galvanoitu ter\u00e4srunko<br \/>\n\u25cf Mitat (P x L x K): 590 x 289 x 232 cm<br \/>\n\u25cf P\u00e4\u00e4oven mitat: (L x K) 212 x 186 cm<br \/>\n\u25cf Sivuoven mitat 78 x 187 cm, lukittava<br \/>\n\u25cf V\u00e4ri: harmaa<br \/>\n\u25cf Ruostetakuu 15 vuotta<br \/>\n\u25cf Lumikuorma 15kg\/m2<\/p>\n","protected":false},"excerpt":{"rendered":"<p>Autotalli\/pihavaja normaaliovilla on helppo asentaa. Sein\u00e4t ja katto ovat galvanoitua ter\u00e4slevy\u00e4 ja\u00a0runko galvanoitua ter\u00e4st\u00e4.<\/p>\n<p>&nbsp;<\/p>\n","protected":false},"featured_media":9497,"comment_status":"open","ping_status":"closed","template":"","meta":{"_acf_changed":false},"factory":[],"free-shipment":[],"product_brand":[],"product_cat":[997],"product_tag":[1488,1489],"class_list":{"0":"post-16749","1":"product","2":"type-product","3":"status-publish","4":"has-post-thumbnail","6":"product_cat-piha-puutarha-fi","7":"product_tag-garden-fi","8":"product_tag-yard-fi","10":"first","11":"instock","12":"sale","13":"taxable","14":"shipping-taxable","15":"purchasable","16":"product-type-simple"},"acf":[],"_links":{"self":[{"href":"https:\/\/factory.sale\/fi\/wp-json\/wp\/v2\/product\/16749","targetHints":{"allow":["GET"]}}],"collection":[{"href":"https:\/\/factory.sale\/fi\/wp-json\/wp\/v2\/product"}],"about":[{"href":"https:\/\/factory.sale\/fi\/wp-json\/wp\/v2\/types\/product"}],"replies":[{"embeddable":true,"href":"https:\/\/factory.sale\/fi\/wp-json\/wp\/v2\/comments?post=16749"}],"wp:featuredmedia":[{"embeddable":true,"href":"https:\/\/factory.sale\/fi\/wp-json\/wp\/v2\/media\/9497"}],"wp:attachment":[{"href":"https:\/\/factory.sale\/fi\/wp-json\/wp\/v2\/media?parent=16749"}],"wp:term":[{"taxonomy":"factory","embeddable":true,"href":"https:\/\/factory.sale\/fi\/wp-json\/wp\/v2\/factory?post=16749"},{"taxonomy":"free-shipment","embeddable":true,"href":"https:\/\/factory.sale\/fi\/wp-json\/wp\/v2\/free-shipment?post=16749"},{"taxonomy":"product_brand","embeddable":true,"href":"https:\/\/factory.sale\/fi\/wp-json\/wp\/v2\/product_brand?post=16749"},{"taxonomy":"product_cat","embeddable":true,"href":"https:\/\/factory.sale\/fi\/wp-json\/wp\/v2\/product_cat?post=16749"},{"taxonomy":"product_tag","embeddable":true,"href":"https:\/\/factory.sale\/fi\/wp-json\/wp\/v2\/product_tag?post=16749"}],"curies":[{"name":"wp","href":"https:\/\/api.w.org\/{rel}","templated":true}]}}