{"id":16747,"date":"2022-08-28T20:50:12","date_gmt":"2022-12-08T20:54:43","guid":{"rendered":"https:\/\/factory.sale\/?post_type=product&#038;p=16747"},"modified":"2024-06-26T13:15:38","modified_gmt":"2024-06-26T13:15:38","slug":"kivikorit-30x30x100-cm","status":"publish","type":"product","link":"https:\/\/factory.sale\/fi\/tuote\/kivikorit-30x30x100-cm\/","title":{"rendered":"KIVIKORIT 30x30x100 cm"},"content":{"rendered":"<p>Kivikori on kivill\u00e4, betonilla ja joskus hiekalla tai mullalla t\u00e4ytetty kuution\/py\u00f6re\u00e4n muotoinen kori tai\u00a0laatikko, joka sopii t\u00e4ydellisesti pohjoisen ilmaston puutarhoihin!<\/p>\n<p>Galvanoitu ter\u00e4slanka auttaa pys\u00e4ytt\u00e4m\u00e4\u00e4n eroosion synnyn.<\/p>\n<p>&nbsp;<\/p>\n<p><strong>Lis\u00e4tiedot:<\/strong><\/p>\n<ul>\n<li>Silm\u00e4koko: 50 x 50 mm<\/li>\n<li>Mitat: 30 x 30 x 100 cm\/6 puolta<\/li>\n<\/ul>\n<p>&nbsp;<\/p>\n<p>&nbsp;<\/p>\n<p>&nbsp;<\/p>\n<p><em>Kivet eiv\u00e4t kuulu sarjaan!<\/em><\/p>\n","protected":false},"excerpt":{"rendered":"<p>Kivikori on kivill\u00e4, betonilla ja joskus hiekalla tai mullalla t\u00e4ytetty kuution\/py\u00f6re\u00e4n muotoinen kori tai\u00a0laatikko, joka sopii t\u00e4ydellisesti pohjoisen ilmaston puutarhoihin!<\/p>\n<p>&nbsp;<\/p>\n","protected":false},"featured_media":12336,"comment_status":"open","ping_status":"closed","template":"","meta":{"_acf_changed":false},"factory":[],"free-shipment":[],"product_brand":[],"product_cat":[997],"product_tag":[1488,872,1489],"class_list":{"0":"post-16747","1":"product","2":"type-product","3":"status-publish","4":"has-post-thumbnail","6":"product_cat-piha-puutarha-fi","7":"product_tag-garden-fi","8":"product_tag-steel-fi","9":"product_tag-yard-fi","11":"first","12":"instock","13":"sale","14":"taxable","15":"shipping-taxable","16":"purchasable","17":"product-type-simple"},"acf":[],"_links":{"self":[{"href":"https:\/\/factory.sale\/fi\/wp-json\/wp\/v2\/product\/16747","targetHints":{"allow":["GET"]}}],"collection":[{"href":"https:\/\/factory.sale\/fi\/wp-json\/wp\/v2\/product"}],"about":[{"href":"https:\/\/factory.sale\/fi\/wp-json\/wp\/v2\/types\/product"}],"replies":[{"embeddable":true,"href":"https:\/\/factory.sale\/fi\/wp-json\/wp\/v2\/comments?post=16747"}],"wp:featuredmedia":[{"embeddable":true,"href":"https:\/\/factory.sale\/fi\/wp-json\/wp\/v2\/media\/12336"}],"wp:attachment":[{"href":"https:\/\/factory.sale\/fi\/wp-json\/wp\/v2\/media?parent=16747"}],"wp:term":[{"taxonomy":"factory","embeddable":true,"href":"https:\/\/factory.sale\/fi\/wp-json\/wp\/v2\/factory?post=16747"},{"taxonomy":"free-shipment","embeddable":true,"href":"https:\/\/factory.sale\/fi\/wp-json\/wp\/v2\/free-shipment?post=16747"},{"taxonomy":"product_brand","embeddable":true,"href":"https:\/\/factory.sale\/fi\/wp-json\/wp\/v2\/product_brand?post=16747"},{"taxonomy":"product_cat","embeddable":true,"href":"https:\/\/factory.sale\/fi\/wp-json\/wp\/v2\/product_cat?post=16747"},{"taxonomy":"product_tag","embeddable":true,"href":"https:\/\/factory.sale\/fi\/wp-json\/wp\/v2\/product_tag?post=16747"}],"curies":[{"name":"wp","href":"https:\/\/api.w.org\/{rel}","templated":true}]}}