{"id":16739,"date":"2022-08-11T07:02:03","date_gmt":"2022-12-08T20:37:24","guid":{"rendered":"https:\/\/factory.sale\/?post_type=product&#038;p=16739"},"modified":"2024-06-27T01:08:53","modified_gmt":"2024-06-27T01:08:53","slug":"polttopuukatos","status":"publish","type":"product","link":"https:\/\/factory.sale\/fi\/tuote\/polttopuukatos\/","title":{"rendered":"POLTTOPUUKATOS"},"content":{"rendered":"<p>Katos on valmistettu galvanoidusta ter\u00e4slevyst\u00e4. Kest\u00e4v\u00e4 runko on valmistettu galvanoidusta ter\u00e4ksest\u00e4.<\/p>\n<p>\u25cf Mitat: 216 x 102 x 194 cm<br \/>\n\u25cf V\u00e4ri: vihre\u00e4<br \/>\n\u25cf Mahduttaa noin 4 m3 polttopuita.<\/p>\n","protected":false},"excerpt":{"rendered":"<p>Galvanoitu ja maalattu metallinen polttopuukatos.<\/p>\n","protected":false},"featured_media":9222,"comment_status":"open","ping_status":"closed","template":"","meta":{"_acf_changed":false},"factory":[],"free-shipment":[],"product_brand":[],"product_cat":[997],"product_tag":[],"class_list":{"0":"post-16739","1":"product","2":"type-product","3":"status-publish","4":"has-post-thumbnail","6":"product_cat-piha-puutarha-fi","8":"first","9":"instock","10":"sale","11":"taxable","12":"shipping-taxable","13":"purchasable","14":"product-type-simple"},"acf":[],"_links":{"self":[{"href":"https:\/\/factory.sale\/fi\/wp-json\/wp\/v2\/product\/16739","targetHints":{"allow":["GET"]}}],"collection":[{"href":"https:\/\/factory.sale\/fi\/wp-json\/wp\/v2\/product"}],"about":[{"href":"https:\/\/factory.sale\/fi\/wp-json\/wp\/v2\/types\/product"}],"replies":[{"embeddable":true,"href":"https:\/\/factory.sale\/fi\/wp-json\/wp\/v2\/comments?post=16739"}],"wp:featuredmedia":[{"embeddable":true,"href":"https:\/\/factory.sale\/fi\/wp-json\/wp\/v2\/media\/9222"}],"wp:attachment":[{"href":"https:\/\/factory.sale\/fi\/wp-json\/wp\/v2\/media?parent=16739"}],"wp:term":[{"taxonomy":"factory","embeddable":true,"href":"https:\/\/factory.sale\/fi\/wp-json\/wp\/v2\/factory?post=16739"},{"taxonomy":"free-shipment","embeddable":true,"href":"https:\/\/factory.sale\/fi\/wp-json\/wp\/v2\/free-shipment?post=16739"},{"taxonomy":"product_brand","embeddable":true,"href":"https:\/\/factory.sale\/fi\/wp-json\/wp\/v2\/product_brand?post=16739"},{"taxonomy":"product_cat","embeddable":true,"href":"https:\/\/factory.sale\/fi\/wp-json\/wp\/v2\/product_cat?post=16739"},{"taxonomy":"product_tag","embeddable":true,"href":"https:\/\/factory.sale\/fi\/wp-json\/wp\/v2\/product_tag?post=16739"}],"curies":[{"name":"wp","href":"https:\/\/api.w.org\/{rel}","templated":true}]}}