{"id":16737,"date":"2022-07-11T05:42:54","date_gmt":"2022-12-08T20:35:28","guid":{"rendered":"https:\/\/factory.sale\/?post_type=product&#038;p=16737"},"modified":"2024-06-25T18:13:11","modified_gmt":"2024-06-25T18:13:11","slug":"muovikasvihuone-pro","status":"publish","type":"product","link":"https:\/\/factory.sale\/fi\/tuote\/muovikasvihuone-pro\/","title":{"rendered":"MUOVIKASVIHUONE PRO"},"content":{"rendered":"<p>Muovikasvihuoneet ovat kest\u00e4vi\u00e4 kasvihuoneita, joissa on vahva muovipeite ja ter\u00e4srunko!<br \/>\nKokoaminen on helppoa, 1-2 tunnissa pystyt\u00e4t puutarhaan upean kasvihuoneen.<br \/>\nLumivaurioiden v\u00e4ltt\u00e4miseksi suosittelemme kasvihuoneen muovin poistamista talveksi.<br \/>\nEi k\u00e4ytetty muoviosia!<\/p>\n<p>&nbsp;<\/p>\n<p><strong>MUOVIKASVIHUONE PRO 6 m2 ja 8 m2:<\/strong><\/p>\n<p>\u25cf Mitat: 300 x 200 x 200 cm<br \/>\n\u25cf Vahvistettu ter\u00e4srunko: jauhemaalatut putket 24 x 24 x 0,6 mm + lis\u00e4tyt diagonaali putket\u00a0kulmien vahvistamista varten<br \/>\n\u25cf Vahvistettu peite: PE 140G \/ m2,<\/p>\n<p>&nbsp;<\/p>\n<p>&nbsp;<\/p>\n<p><strong>MUOVIKASVIHUONE PRO 18 m2:<\/strong><\/p>\n<p>\u25cf Mitat: 300 x 600 x 200 cm<br \/>\n\u25cf Galvanoitu ter\u00e4srunko: 25 x 0,8mm + lis\u00e4tyt diagonaali putket kulmien vahvistamista varten,\u00a0pulttiliitokset<br \/>\n\u25cf Vahva vahvistettu peite: PE 140G \/ m2<br \/>\n\u25cf Ovi kaksoislukolla + 12 tuuletusaukkoa.<\/p>\n","protected":false},"excerpt":{"rendered":"<p>Muovikasvihuoneet ovat kest\u00e4vi\u00e4 kasvihuoneita, joissa on vahva muovipeite ja ter\u00e4srunko!<br \/>\nKokoaminen on helppoa, 1-2 tunnissa pystyt\u00e4t puutarhaan upean kasvihuoneen.<\/p>\n","protected":false},"featured_media":10006,"comment_status":"open","ping_status":"closed","template":"","meta":{"_acf_changed":false},"factory":[],"free-shipment":[],"product_brand":[],"product_cat":[997,452],"product_tag":[1488,506,1489],"class_list":{"0":"post-16737","1":"product","2":"type-product","3":"status-publish","4":"has-post-thumbnail","6":"product_cat-piha-puutarha-fi","7":"product_cat-kasvihuoneet","8":"product_tag-garden-fi","9":"product_tag-greenhouse-fi","10":"product_tag-yard-fi","12":"first","13":"instock","14":"sale","15":"taxable","16":"shipping-taxable","17":"purchasable","18":"product-type-simple"},"acf":[],"_links":{"self":[{"href":"https:\/\/factory.sale\/fi\/wp-json\/wp\/v2\/product\/16737","targetHints":{"allow":["GET"]}}],"collection":[{"href":"https:\/\/factory.sale\/fi\/wp-json\/wp\/v2\/product"}],"about":[{"href":"https:\/\/factory.sale\/fi\/wp-json\/wp\/v2\/types\/product"}],"replies":[{"embeddable":true,"href":"https:\/\/factory.sale\/fi\/wp-json\/wp\/v2\/comments?post=16737"}],"wp:featuredmedia":[{"embeddable":true,"href":"https:\/\/factory.sale\/fi\/wp-json\/wp\/v2\/media\/10006"}],"wp:attachment":[{"href":"https:\/\/factory.sale\/fi\/wp-json\/wp\/v2\/media?parent=16737"}],"wp:term":[{"taxonomy":"factory","embeddable":true,"href":"https:\/\/factory.sale\/fi\/wp-json\/wp\/v2\/factory?post=16737"},{"taxonomy":"free-shipment","embeddable":true,"href":"https:\/\/factory.sale\/fi\/wp-json\/wp\/v2\/free-shipment?post=16737"},{"taxonomy":"product_brand","embeddable":true,"href":"https:\/\/factory.sale\/fi\/wp-json\/wp\/v2\/product_brand?post=16737"},{"taxonomy":"product_cat","embeddable":true,"href":"https:\/\/factory.sale\/fi\/wp-json\/wp\/v2\/product_cat?post=16737"},{"taxonomy":"product_tag","embeddable":true,"href":"https:\/\/factory.sale\/fi\/wp-json\/wp\/v2\/product_tag?post=16737"}],"curies":[{"name":"wp","href":"https:\/\/api.w.org\/{rel}","templated":true}]}}