{"id":16731,"date":"2022-08-24T13:48:07","date_gmt":"2022-12-08T20:17:51","guid":{"rendered":"https:\/\/factory.sale\/?post_type=product&#038;p=16731"},"modified":"2024-06-27T13:46:21","modified_gmt":"2024-06-27T13:46:21","slug":"sahkoterassilammitin","status":"publish","type":"product","link":"https:\/\/factory.sale\/fi\/tuote\/sahkoterassilammitin\/","title":{"rendered":"S\u00c4HK\u00d6TERASSIL\u00c4MMITIN"},"content":{"rendered":"<p>S\u00e4hk\u00f6l\u00e4mmitin soveltuu k\u00e4ytett\u00e4v\u00e4ksi ulkona kotiterassilla, kuistilla ja ravintoloiden, kahviloiden terasseilla\u00a0r\u00e4yst\u00e4\u00e4n alle tai p\u00f6yd\u00e4n yl\u00e4puolella. Sopii my\u00f6s sis\u00e4k\u00e4ytt\u00f6\u00f6n.<\/p>\n<p>&nbsp;<\/p>\n<p><strong>L\u00e4mmittimess\u00e4 on:<\/strong><\/p>\n<p>\u25cf infrapuna &amp;quot;kulta&amp;quot; halogeenielementit<\/p>\n<p>\u25cf alumiininen suojaritil\u00e4 ja runko<br \/>\n\u25cf kaukos\u00e4\u00e4din; 2 tehotasoa, IP65,<br \/>\n\u25cf Pysyv\u00e4 l\u00e4mmitys<br \/>\n\u25cf l\u00e4mmitysala 16 m2<\/p>\n<p>&nbsp;<\/p>\n<p><strong>Pakkaus sis\u00e4lt\u00e4\u00e4:<\/strong><\/p>\n<p>\u25cf sein\u00e4kiinnikkeet ja ketjut kattoon ripustamista varten<br \/>\n\u25cf Mitat: 67 x 10 x 7 cm<\/p>\n","protected":false},"excerpt":{"rendered":"<p>S\u00e4hk\u00f6l\u00e4mmitin soveltuu k\u00e4ytett\u00e4v\u00e4ksi ulkona kotiterassilla, kuistilla ja ravintoloiden, kahviloiden terasseilla\u00a0r\u00e4yst\u00e4\u00e4n alla tai p\u00f6yd\u00e4n yl\u00e4puolella.<\/p>\n","protected":false},"featured_media":12103,"comment_status":"open","ping_status":"closed","template":"","meta":{"_acf_changed":false},"factory":[],"free-shipment":[],"product_brand":[],"product_cat":[997],"product_tag":[1488,1489],"class_list":{"0":"post-16731","1":"product","2":"type-product","3":"status-publish","4":"has-post-thumbnail","6":"product_cat-piha-puutarha-fi","7":"product_tag-garden-fi","8":"product_tag-yard-fi","10":"first","11":"instock","12":"sale","13":"taxable","14":"shipping-taxable","15":"purchasable","16":"product-type-simple"},"acf":[],"_links":{"self":[{"href":"https:\/\/factory.sale\/fi\/wp-json\/wp\/v2\/product\/16731","targetHints":{"allow":["GET"]}}],"collection":[{"href":"https:\/\/factory.sale\/fi\/wp-json\/wp\/v2\/product"}],"about":[{"href":"https:\/\/factory.sale\/fi\/wp-json\/wp\/v2\/types\/product"}],"replies":[{"embeddable":true,"href":"https:\/\/factory.sale\/fi\/wp-json\/wp\/v2\/comments?post=16731"}],"wp:featuredmedia":[{"embeddable":true,"href":"https:\/\/factory.sale\/fi\/wp-json\/wp\/v2\/media\/12103"}],"wp:attachment":[{"href":"https:\/\/factory.sale\/fi\/wp-json\/wp\/v2\/media?parent=16731"}],"wp:term":[{"taxonomy":"factory","embeddable":true,"href":"https:\/\/factory.sale\/fi\/wp-json\/wp\/v2\/factory?post=16731"},{"taxonomy":"free-shipment","embeddable":true,"href":"https:\/\/factory.sale\/fi\/wp-json\/wp\/v2\/free-shipment?post=16731"},{"taxonomy":"product_brand","embeddable":true,"href":"https:\/\/factory.sale\/fi\/wp-json\/wp\/v2\/product_brand?post=16731"},{"taxonomy":"product_cat","embeddable":true,"href":"https:\/\/factory.sale\/fi\/wp-json\/wp\/v2\/product_cat?post=16731"},{"taxonomy":"product_tag","embeddable":true,"href":"https:\/\/factory.sale\/fi\/wp-json\/wp\/v2\/product_tag?post=16731"}],"curies":[{"name":"wp","href":"https:\/\/api.w.org\/{rel}","templated":true}]}}