{"id":16723,"date":"2022-08-29T07:25:09","date_gmt":"2022-12-08T19:59:14","guid":{"rendered":"https:\/\/factory.sale\/?post_type=product&#038;p=16723"},"modified":"2024-06-26T18:42:47","modified_gmt":"2024-06-26T18:42:47","slug":"koira-aitaus","status":"publish","type":"product","link":"https:\/\/factory.sale\/fi\/tuote\/koira-aitaus\/","title":{"rendered":"KOIRA-AITAUS"},"content":{"rendered":"<p>Koira-aitaus on valmistettu kuumasinkityst\u00e4 metallista ja on siksi kest\u00e4v\u00e4.<br \/>\nKoiran h\u00e4kin on oltava korkeudeltaan v\u00e4hint\u00e4\u00e4n koiran pituus rintalastasta h\u00e4nn\u00e4n juureen kerrottuna\u00a0kahdella. Mik\u00e4li samassa h\u00e4kiss\u00e4 pidet\u00e4\u00e4n useita koiria, h\u00e4kin korkeus m\u00e4\u00e4r\u00e4ytyy suurimman koiran\u00a0mukaan.<br \/>\nKun rakennat koiran aitausta, mieti my\u00f6s, viett\u00e4\u00e4k\u00f6 koira siell\u00e4 aikaa vain pienen osan p\u00e4iv\u00e4st\u00e4 vai onko\u00a0koira aitauksessa jatkuvasti. Jatkuvasti aitauksessa olevalla koiralla tulee olla my\u00f6s s\u00e4nky ja ruokapaikka,\u00a0joten suosittelemme rakentamaan suuremman aitauksen.<\/p>\n<p>&nbsp;<\/p>\n<p><strong>Lis\u00e4tiedot:<\/strong><\/p>\n<p>\u25cf ter\u00e4sputket: 32 \u00d7 1,0 mm<br \/>\n\u25cf ter\u00e4sverkon silm\u00e4koko: 55 x 55 mm<br \/>\n\u25cf galvanoidun metallilangan halkaisija: 2,5 mm<\/p>\n<p>&nbsp;<\/p>\n<p><strong>Mitat ja hinnat:<\/strong><\/p>\n<p>\u25cf 180 x 180 x 120 cm \u2013 278.6 \u20ac (ei sis. ALV)<br \/>\n\u25cf 240 x 240 x 180 cm -390.6 \u20ac (ei sis. ALV)<br \/>\n\u25cf 305 x 305 x 180 cm \u2013 428.4 \u20ac (ei sis. ALV)<br \/>\n\u25cf 400 x 400 x 180 cm \u2013 539 \u20ac (ei sis. ALV)<br \/>\n\u25cf 400 x 600 x 180 cm \u2013 684.6 \u20ac (ei sis. ALV)<\/p>\n<p>&nbsp;<\/p>\n<p>&nbsp;<\/p>\n<p><em>HUOM! Koiran aitaukset tulee koota itse, ne toimitetaan pakkauksissa.<\/em><\/p>\n","protected":false},"excerpt":{"rendered":"<p>Koira-aitaus on valmistettu kuumasinkityst\u00e4 metallista ja on siksi kest\u00e4v\u00e4.<\/p>\n","protected":false},"featured_media":12410,"comment_status":"open","ping_status":"closed","template":"","meta":{"_acf_changed":false},"factory":[],"free-shipment":[],"product_brand":[],"product_cat":[997],"product_tag":[],"class_list":{"0":"post-16723","1":"product","2":"type-product","3":"status-publish","4":"has-post-thumbnail","6":"product_cat-piha-puutarha-fi","8":"first","9":"instock","10":"sale","11":"taxable","12":"shipping-taxable","13":"purchasable","14":"product-type-simple"},"acf":[],"_links":{"self":[{"href":"https:\/\/factory.sale\/fi\/wp-json\/wp\/v2\/product\/16723","targetHints":{"allow":["GET"]}}],"collection":[{"href":"https:\/\/factory.sale\/fi\/wp-json\/wp\/v2\/product"}],"about":[{"href":"https:\/\/factory.sale\/fi\/wp-json\/wp\/v2\/types\/product"}],"replies":[{"embeddable":true,"href":"https:\/\/factory.sale\/fi\/wp-json\/wp\/v2\/comments?post=16723"}],"wp:featuredmedia":[{"embeddable":true,"href":"https:\/\/factory.sale\/fi\/wp-json\/wp\/v2\/media\/12410"}],"wp:attachment":[{"href":"https:\/\/factory.sale\/fi\/wp-json\/wp\/v2\/media?parent=16723"}],"wp:term":[{"taxonomy":"factory","embeddable":true,"href":"https:\/\/factory.sale\/fi\/wp-json\/wp\/v2\/factory?post=16723"},{"taxonomy":"free-shipment","embeddable":true,"href":"https:\/\/factory.sale\/fi\/wp-json\/wp\/v2\/free-shipment?post=16723"},{"taxonomy":"product_brand","embeddable":true,"href":"https:\/\/factory.sale\/fi\/wp-json\/wp\/v2\/product_brand?post=16723"},{"taxonomy":"product_cat","embeddable":true,"href":"https:\/\/factory.sale\/fi\/wp-json\/wp\/v2\/product_cat?post=16723"},{"taxonomy":"product_tag","embeddable":true,"href":"https:\/\/factory.sale\/fi\/wp-json\/wp\/v2\/product_tag?post=16723"}],"curies":[{"name":"wp","href":"https:\/\/api.w.org\/{rel}","templated":true}]}}