{"id":16721,"date":"2022-09-01T19:34:43","date_gmt":"2022-12-08T19:54:49","guid":{"rendered":"https:\/\/factory.sale\/?post_type=product&#038;p=16721"},"modified":"2024-06-26T01:54:23","modified_gmt":"2024-06-26T01:54:23","slug":"alumiininen-koiran-hakki-xl","status":"publish","type":"product","link":"https:\/\/factory.sale\/fi\/tuote\/alumiininen-koiran-hakki-xl\/","title":{"rendered":"ALUMIININEN KOIRAN H\u00c4KKI XL"},"content":{"rendered":"<p>Suojaa lemmikkisi automatkoilla!<br \/>\nAlumiinista valmistettu koiranh\u00e4kki on kest\u00e4v\u00e4 ja kevyt, kalterit varmistavat hapen saannin.<\/p>\n<p>&nbsp;<\/p>\n<p><strong>Lis\u00e4tiedot:<\/strong><\/p>\n<ul>\n<li>\u00a0Mitat: 97 x 91 x 69.5 cm (P x L x K)<\/li>\n<li>Materiaali: alumiini + MDF<\/li>\n<li>Paino: 22 kg<\/li>\n<li>Kaltevuus: 75\u00b0\/75\u00b0<\/li>\n<\/ul>\n","protected":false},"excerpt":{"rendered":"<p>Suojaa lemmikkisi automatkoilla!<\/p>\n","protected":false},"featured_media":12390,"comment_status":"open","ping_status":"closed","template":"","meta":{"_acf_changed":false},"factory":[],"free-shipment":[],"product_brand":[],"product_cat":[997],"product_tag":[],"class_list":{"0":"post-16721","1":"product","2":"type-product","3":"status-publish","4":"has-post-thumbnail","6":"product_cat-piha-puutarha-fi","8":"first","9":"instock","10":"sale","11":"taxable","12":"shipping-taxable","13":"purchasable","14":"product-type-simple"},"acf":[],"_links":{"self":[{"href":"https:\/\/factory.sale\/fi\/wp-json\/wp\/v2\/product\/16721","targetHints":{"allow":["GET"]}}],"collection":[{"href":"https:\/\/factory.sale\/fi\/wp-json\/wp\/v2\/product"}],"about":[{"href":"https:\/\/factory.sale\/fi\/wp-json\/wp\/v2\/types\/product"}],"replies":[{"embeddable":true,"href":"https:\/\/factory.sale\/fi\/wp-json\/wp\/v2\/comments?post=16721"}],"wp:featuredmedia":[{"embeddable":true,"href":"https:\/\/factory.sale\/fi\/wp-json\/wp\/v2\/media\/12390"}],"wp:attachment":[{"href":"https:\/\/factory.sale\/fi\/wp-json\/wp\/v2\/media?parent=16721"}],"wp:term":[{"taxonomy":"factory","embeddable":true,"href":"https:\/\/factory.sale\/fi\/wp-json\/wp\/v2\/factory?post=16721"},{"taxonomy":"free-shipment","embeddable":true,"href":"https:\/\/factory.sale\/fi\/wp-json\/wp\/v2\/free-shipment?post=16721"},{"taxonomy":"product_brand","embeddable":true,"href":"https:\/\/factory.sale\/fi\/wp-json\/wp\/v2\/product_brand?post=16721"},{"taxonomy":"product_cat","embeddable":true,"href":"https:\/\/factory.sale\/fi\/wp-json\/wp\/v2\/product_cat?post=16721"},{"taxonomy":"product_tag","embeddable":true,"href":"https:\/\/factory.sale\/fi\/wp-json\/wp\/v2\/product_tag?post=16721"}],"curies":[{"name":"wp","href":"https:\/\/api.w.org\/{rel}","templated":true}]}}