{"id":16719,"date":"2022-09-01T19:33:54","date_gmt":"2022-12-08T19:50:45","guid":{"rendered":"https:\/\/factory.sale\/?post_type=product&#038;p=16719"},"modified":"2024-06-25T14:50:08","modified_gmt":"2024-06-25T14:50:08","slug":"alumiininen-koiran-hakki-m","status":"publish","type":"product","link":"https:\/\/factory.sale\/fi\/tuote\/alumiininen-koiran-hakki-m\/","title":{"rendered":"ALUMIININEN KOIRAN H\u00c4KKI M"},"content":{"rendered":"<p>Suojaa lemmikkisi automatkoilla!<br \/>\nAlumiinista valmistettu koiranh\u00e4kki on kest\u00e4v\u00e4 ja kevyt, kalterit varmistavat hapen saannin.<\/p>\n<p>&nbsp;<\/p>\n<p><strong>Lis\u00e4tiedot:<\/strong><\/p>\n<p>\u25cf Mitat: 54 x 69 x 60 cm (P x L x K)<br \/>\n\u25cf Materiaali: alumiini + MDF<br \/>\n\u25cf Paino: 10 kg<br \/>\n\u25cf Kaltevuus: 75\u00b0\/75\u00b0<\/p>\n","protected":false},"excerpt":{"rendered":"<p>Suojaa lemmikkisi automatkoilla!<\/p>\n","protected":false},"featured_media":12364,"comment_status":"open","ping_status":"closed","template":"","meta":{"_acf_changed":false},"factory":[],"free-shipment":[],"product_brand":[],"product_cat":[997],"product_tag":[],"class_list":{"0":"post-16719","1":"product","2":"type-product","3":"status-publish","4":"has-post-thumbnail","6":"product_cat-piha-puutarha-fi","8":"first","9":"instock","10":"sale","11":"taxable","12":"shipping-taxable","13":"purchasable","14":"product-type-simple"},"acf":[],"_links":{"self":[{"href":"https:\/\/factory.sale\/fi\/wp-json\/wp\/v2\/product\/16719","targetHints":{"allow":["GET"]}}],"collection":[{"href":"https:\/\/factory.sale\/fi\/wp-json\/wp\/v2\/product"}],"about":[{"href":"https:\/\/factory.sale\/fi\/wp-json\/wp\/v2\/types\/product"}],"replies":[{"embeddable":true,"href":"https:\/\/factory.sale\/fi\/wp-json\/wp\/v2\/comments?post=16719"}],"wp:featuredmedia":[{"embeddable":true,"href":"https:\/\/factory.sale\/fi\/wp-json\/wp\/v2\/media\/12364"}],"wp:attachment":[{"href":"https:\/\/factory.sale\/fi\/wp-json\/wp\/v2\/media?parent=16719"}],"wp:term":[{"taxonomy":"factory","embeddable":true,"href":"https:\/\/factory.sale\/fi\/wp-json\/wp\/v2\/factory?post=16719"},{"taxonomy":"free-shipment","embeddable":true,"href":"https:\/\/factory.sale\/fi\/wp-json\/wp\/v2\/free-shipment?post=16719"},{"taxonomy":"product_brand","embeddable":true,"href":"https:\/\/factory.sale\/fi\/wp-json\/wp\/v2\/product_brand?post=16719"},{"taxonomy":"product_cat","embeddable":true,"href":"https:\/\/factory.sale\/fi\/wp-json\/wp\/v2\/product_cat?post=16719"},{"taxonomy":"product_tag","embeddable":true,"href":"https:\/\/factory.sale\/fi\/wp-json\/wp\/v2\/product_tag?post=16719"}],"curies":[{"name":"wp","href":"https:\/\/api.w.org\/{rel}","templated":true}]}}