{"id":16715,"date":"2022-09-01T19:36:23","date_gmt":"2022-12-08T19:46:44","guid":{"rendered":"https:\/\/factory.sale\/?post_type=product&#038;p=16715"},"modified":"2024-06-27T19:58:47","modified_gmt":"2024-06-27T19:58:47","slug":"alumiininen-koiran-hakki-l","status":"publish","type":"product","link":"https:\/\/factory.sale\/fi\/tuote\/alumiininen-koiran-hakki-l\/","title":{"rendered":"ALUMIININEN KOIRAN H\u00c4KKI L"},"content":{"rendered":"<p>Suojaa lemmikkisi automatkoilla!<\/p>\n<p>Alumiinista valmistettu koiranh\u00e4kki on kest\u00e4v\u00e4 ja kevyt, kalterit varmistavat hapen saannin.<\/p>\n<p><strong>Lis\u00e4tiedot:<\/strong><\/p>\n<p>\u25cf Mitat: 65 x 90 x 66 cm (P x L x K)<br \/>\n\u25cf Materiaali: alumiini + MDF<br \/>\n\u25cf Paino: 13 kg<br \/>\n\u25cf Kaltevuus: 75\u00b0\/75\u00b0<\/p>\n","protected":false},"excerpt":{"rendered":"<p>Suojaa lemmikkisi automatkoilla!<\/p>\n<p>&nbsp;<\/p>\n","protected":false},"featured_media":12364,"comment_status":"open","ping_status":"closed","template":"","meta":{"_acf_changed":false},"factory":[],"free-shipment":[],"product_brand":[],"product_cat":[997],"product_tag":[],"class_list":{"0":"post-16715","1":"product","2":"type-product","3":"status-publish","4":"has-post-thumbnail","6":"product_cat-piha-puutarha-fi","8":"first","9":"instock","10":"sale","11":"taxable","12":"shipping-taxable","13":"purchasable","14":"product-type-simple"},"acf":[],"_links":{"self":[{"href":"https:\/\/factory.sale\/fi\/wp-json\/wp\/v2\/product\/16715","targetHints":{"allow":["GET"]}}],"collection":[{"href":"https:\/\/factory.sale\/fi\/wp-json\/wp\/v2\/product"}],"about":[{"href":"https:\/\/factory.sale\/fi\/wp-json\/wp\/v2\/types\/product"}],"replies":[{"embeddable":true,"href":"https:\/\/factory.sale\/fi\/wp-json\/wp\/v2\/comments?post=16715"}],"wp:featuredmedia":[{"embeddable":true,"href":"https:\/\/factory.sale\/fi\/wp-json\/wp\/v2\/media\/12364"}],"wp:attachment":[{"href":"https:\/\/factory.sale\/fi\/wp-json\/wp\/v2\/media?parent=16715"}],"wp:term":[{"taxonomy":"factory","embeddable":true,"href":"https:\/\/factory.sale\/fi\/wp-json\/wp\/v2\/factory?post=16715"},{"taxonomy":"free-shipment","embeddable":true,"href":"https:\/\/factory.sale\/fi\/wp-json\/wp\/v2\/free-shipment?post=16715"},{"taxonomy":"product_brand","embeddable":true,"href":"https:\/\/factory.sale\/fi\/wp-json\/wp\/v2\/product_brand?post=16715"},{"taxonomy":"product_cat","embeddable":true,"href":"https:\/\/factory.sale\/fi\/wp-json\/wp\/v2\/product_cat?post=16715"},{"taxonomy":"product_tag","embeddable":true,"href":"https:\/\/factory.sale\/fi\/wp-json\/wp\/v2\/product_tag?post=16715"}],"curies":[{"name":"wp","href":"https:\/\/api.w.org\/{rel}","templated":true}]}}