{"id":16713,"date":"2022-08-24T12:33:28","date_gmt":"2022-12-08T17:42:30","guid":{"rendered":"https:\/\/factory.sale\/?post_type=product&#038;p=16713"},"modified":"2024-06-25T17:12:15","modified_gmt":"2024-06-25T17:12:15","slug":"kopmpostori-compothermo-kaksinkertaisilla-seinilla","status":"publish","type":"product","link":"https:\/\/factory.sale\/fi\/tuote\/kopmpostori-compothermo-kaksinkertaisilla-seinilla\/","title":{"rendered":"Kopmpostori Compothermo kaksinkertaisilla seinill\u00e4"},"content":{"rendered":"<p>CompoThermo kest\u00e4\u00e4 erinomaisesti eri s\u00e4\u00e4olosuhteita. Kaksinkertaiset sein\u00e4t ja kansi erist\u00e4v\u00e4t tehokkaasti\u00a0ja varmistavat optimaalisen l\u00e4mp\u00f6tilan.<br \/>\nN\u00e4iden toimintojen ansiosta CompoThermo-kompostori on eritt\u00e4in tehokas.<br \/>\nCompoThermo kest\u00e4\u00e4 erinomaisesti eri s\u00e4\u00e4olosuhteita.<br \/>\nMukavan kahvan ansiosta kansi on helppo avata ja sulkea sek\u00e4 kompostoria on helppo siirt\u00e4\u00e4.<br \/>\nValmiin mullan poisto on k\u00e4tev\u00e4\u00e4 alaosan luukkujen kautta. Kompostori toimii kaikkina vuodenaikoina ja\u00a0kompostoi talousj\u00e4tteet.<br \/>\nOikein hoidettuna kompostointi on mahdollista -20\u00b0C asti, jonka j\u00e4lkeen kompostointi pys\u00e4htyy ja jatkuu\u00a0l\u00e4mp\u00f6tilan noustessa. Kompostorissa ei ole pohjaa.<\/p>\n<p>&nbsp;<\/p>\n<p><strong>Saatavana eri kokoisina:<\/strong><\/p>\n<ul>\n<li>680 x 680 mm, korkeus 830 mm, 340 litraa, kaksinkertaiset sein\u00e4t \u2013 95.9 EUR (ei sis. ALV)<\/li>\n<li>880 x 880 mm, korkeus 1290 mm, 900 litraa, kaksinkertaiset sein\u00e4t \u2013 186.2 EUR (ei sis. ALV)<\/li>\n<\/ul>\n","protected":false},"excerpt":{"rendered":"<p>CompoThermo kest\u00e4\u00e4 erinomaisesti eri s\u00e4\u00e4olosuhteita. Kaksinkertaiset sein\u00e4t ja kansi erist\u00e4v\u00e4t tehokkaasti<br \/>\nja varmistavat optimaalisen l\u00e4mp\u00f6tilan.<\/p>\n<p>&nbsp;<\/p>\n","protected":false},"featured_media":12034,"comment_status":"open","ping_status":"closed","template":"","meta":{"_acf_changed":false},"factory":[],"free-shipment":[],"product_brand":[],"product_cat":[2734,997],"product_tag":[1488,1489],"class_list":{"0":"post-16713","1":"product","2":"type-product","3":"status-publish","4":"has-post-thumbnail","6":"product_cat-kompostorit","7":"product_cat-piha-puutarha-fi","8":"product_tag-garden-fi","9":"product_tag-yard-fi","11":"first","12":"instock","13":"sale","14":"taxable","15":"shipping-taxable","16":"purchasable","17":"product-type-simple"},"acf":[],"_links":{"self":[{"href":"https:\/\/factory.sale\/fi\/wp-json\/wp\/v2\/product\/16713","targetHints":{"allow":["GET"]}}],"collection":[{"href":"https:\/\/factory.sale\/fi\/wp-json\/wp\/v2\/product"}],"about":[{"href":"https:\/\/factory.sale\/fi\/wp-json\/wp\/v2\/types\/product"}],"replies":[{"embeddable":true,"href":"https:\/\/factory.sale\/fi\/wp-json\/wp\/v2\/comments?post=16713"}],"wp:featuredmedia":[{"embeddable":true,"href":"https:\/\/factory.sale\/fi\/wp-json\/wp\/v2\/media\/12034"}],"wp:attachment":[{"href":"https:\/\/factory.sale\/fi\/wp-json\/wp\/v2\/media?parent=16713"}],"wp:term":[{"taxonomy":"factory","embeddable":true,"href":"https:\/\/factory.sale\/fi\/wp-json\/wp\/v2\/factory?post=16713"},{"taxonomy":"free-shipment","embeddable":true,"href":"https:\/\/factory.sale\/fi\/wp-json\/wp\/v2\/free-shipment?post=16713"},{"taxonomy":"product_brand","embeddable":true,"href":"https:\/\/factory.sale\/fi\/wp-json\/wp\/v2\/product_brand?post=16713"},{"taxonomy":"product_cat","embeddable":true,"href":"https:\/\/factory.sale\/fi\/wp-json\/wp\/v2\/product_cat?post=16713"},{"taxonomy":"product_tag","embeddable":true,"href":"https:\/\/factory.sale\/fi\/wp-json\/wp\/v2\/product_tag?post=16713"}],"curies":[{"name":"wp","href":"https:\/\/api.w.org\/{rel}","templated":true}]}}