{"id":16711,"date":"2022-08-24T12:37:04","date_gmt":"2022-12-08T17:37:54","guid":{"rendered":"https:\/\/factory.sale\/?post_type=product&#038;p=16711"},"modified":"2024-06-26T19:07:04","modified_gmt":"2024-06-26T19:07:04","slug":"kompostori-compo-kaksiosainen","status":"publish","type":"product","link":"https:\/\/factory.sale\/fi\/tuote\/kompostori-compo-kaksiosainen\/","title":{"rendered":"KOMPOSTORI COMPO KAKSIOSAINEN"},"content":{"rendered":"<p>Kaksiosainen, 800 litran kompostori, joka on suunniteltu erilaisten biohajoavien j\u00e4tteiden kompostointiin ja\u00a0luonnonlannoitteiden tuottamiseen.<\/p>\n<p><strong>Kompostorin toimintaperiaate on yksinkertainen.<\/strong> Yl\u00e4osaan heitet\u00e4\u00e4n pois kaikki ruokaj\u00e4tteet, ruohoj\u00e4tteet\u00a0ja kaikki muu orgaanista alkuper\u00e4\u00e4 oleva, luita lukuun ottamatta.<br \/>\nPian kompostorin pohjalle muodostuu orgaaninen lannoite, jota voidaan k\u00e4ytt\u00e4\u00e4 kasvien ruokkimiseen.<br \/>\nPeitetty kaikilta puolilta, mutta ilman pohjaa.<\/p>\n<p>&nbsp;<\/p>\n<p><strong>Mitat:<\/strong><\/p>\n<ul>\n<li>1350 x 719 mm, korkeus 826 mm, 800 litraa<\/li>\n<\/ul>\n","protected":false},"excerpt":{"rendered":"<p>Kaksiosainen, 800 litran kompostori, joka on suunniteltu erilaisten biohajoavien j\u00e4tteiden kompostointiin ja<br \/>\nluonnonlannoitteiden tuottamiseen.<\/p>\n","protected":false},"featured_media":12057,"comment_status":"open","ping_status":"closed","template":"","meta":{"_acf_changed":false},"factory":[],"free-shipment":[],"product_brand":[],"product_cat":[2734,997],"product_tag":[1488,1489],"class_list":{"0":"post-16711","1":"product","2":"type-product","3":"status-publish","4":"has-post-thumbnail","6":"product_cat-kompostorit","7":"product_cat-piha-puutarha-fi","8":"product_tag-garden-fi","9":"product_tag-yard-fi","11":"first","12":"instock","13":"sale","14":"taxable","15":"shipping-taxable","16":"purchasable","17":"product-type-simple"},"acf":[],"_links":{"self":[{"href":"https:\/\/factory.sale\/fi\/wp-json\/wp\/v2\/product\/16711","targetHints":{"allow":["GET"]}}],"collection":[{"href":"https:\/\/factory.sale\/fi\/wp-json\/wp\/v2\/product"}],"about":[{"href":"https:\/\/factory.sale\/fi\/wp-json\/wp\/v2\/types\/product"}],"replies":[{"embeddable":true,"href":"https:\/\/factory.sale\/fi\/wp-json\/wp\/v2\/comments?post=16711"}],"wp:featuredmedia":[{"embeddable":true,"href":"https:\/\/factory.sale\/fi\/wp-json\/wp\/v2\/media\/12057"}],"wp:attachment":[{"href":"https:\/\/factory.sale\/fi\/wp-json\/wp\/v2\/media?parent=16711"}],"wp:term":[{"taxonomy":"factory","embeddable":true,"href":"https:\/\/factory.sale\/fi\/wp-json\/wp\/v2\/factory?post=16711"},{"taxonomy":"free-shipment","embeddable":true,"href":"https:\/\/factory.sale\/fi\/wp-json\/wp\/v2\/free-shipment?post=16711"},{"taxonomy":"product_brand","embeddable":true,"href":"https:\/\/factory.sale\/fi\/wp-json\/wp\/v2\/product_brand?post=16711"},{"taxonomy":"product_cat","embeddable":true,"href":"https:\/\/factory.sale\/fi\/wp-json\/wp\/v2\/product_cat?post=16711"},{"taxonomy":"product_tag","embeddable":true,"href":"https:\/\/factory.sale\/fi\/wp-json\/wp\/v2\/product_tag?post=16711"}],"curies":[{"name":"wp","href":"https:\/\/api.w.org\/{rel}","templated":true}]}}