{"id":16689,"date":"2022-07-04T10:54:31","date_gmt":"2022-12-07T19:41:57","guid":{"rendered":"https:\/\/factory.sale\/?post_type=product&#038;p=16689"},"modified":"2024-06-25T18:08:58","modified_gmt":"2024-06-25T18:08:58","slug":"kaarikasvihuone-kerttu","status":"publish","type":"product","link":"https:\/\/factory.sale\/fi\/tuote\/kaarikasvihuone-kerttu\/","title":{"rendered":"KAARIKASVIHUONE \u201cKERTTU\u201d 3x4m"},"content":{"rendered":"<p>KERTTU kaarikasvihuone on tarkoitettu erilaisten puutarhakasvien viljelyyn.<\/p>\n<p>VALMIIKSI LEIKATUT PALAT TEKEV\u00c4T KOKOAMISESTA HELPPOA JA NOPEAA!<\/p>\n<p>Tehokkaampaa ilmanvaihtoa varten kasvihuoneen molemmissa p\u00e4iss\u00e4 on yksi tuuletusikkuna ja yksi ovi.<br \/>\nKasvihuoneen runko on valmistettu 60 x 20; 44 x 15 mm kokoisista galvanoiduista ter\u00e4slistoista.<br \/>\nP\u00e4\u00e4llysmateriaali on leikattu valmiiksi 4 mm polykarbonaattilevyist\u00e4, jotta kokoaminen olisi\u00a0mahdollisimman helppoa ja nopeaa. Pakkaus sis\u00e4lt\u00e4\u00e4 kaiken tarvittavan p\u00e4\u00e4llysmateriaalin kiinnitt\u00e4miseen.<br \/>\nKasvihuone suositellaan asennettavaksi puiseen kehykseen tai suoraan maahan tuulelta suojattuun paikkaan.<\/p>\n<p>Lumikuorman kantavuus 60 kg\/m2, muovin takuu 10 vuotta.<\/p>\n<p>&nbsp;<\/p>\n<p><strong>LIS\u00c4OSAT:<\/strong><\/p>\n<p>\u25cf Katon lis\u00e4tuuletusikkuna Kerttu kaarikasvihuoneeseen (pakkaus: 60 x 430 x 940 mm, paino 5 kg)<\/p>\n<p>&nbsp;<\/p>\n<p>&nbsp;<\/p>\n<p><a href=\"https:\/\/factory.sale\/wp-content\/uploads\/2022\/07\/Kaarikasvihuone-KERTTU-ohje_FI.pdf\" target=\"_blank\" rel=\"noopener\">Ohjeet<\/a><\/p>\n","protected":false},"excerpt":{"rendered":"<p>KERTTU kaarikasvihuone on tarkoitettu erilaisten puutarhakasvien viljelyyn.<\/p>\n<p>VALMIIKSI LEIKATUT PALAT TEKEV\u00c4T KOKOAMISESTA HELPPOA JA NOPEAA!<\/p>\n","protected":false},"featured_media":7392,"comment_status":"open","ping_status":"closed","template":"","meta":{"_acf_changed":false},"factory":[],"free-shipment":[],"product_brand":[],"product_cat":[452],"product_tag":[506],"class_list":{"0":"post-16689","1":"product","2":"type-product","3":"status-publish","4":"has-post-thumbnail","6":"product_cat-kasvihuoneet","7":"product_tag-greenhouse-fi","9":"first","10":"instock","11":"sale","12":"taxable","13":"shipping-taxable","14":"purchasable","15":"product-type-simple"},"acf":[],"_links":{"self":[{"href":"https:\/\/factory.sale\/fi\/wp-json\/wp\/v2\/product\/16689","targetHints":{"allow":["GET"]}}],"collection":[{"href":"https:\/\/factory.sale\/fi\/wp-json\/wp\/v2\/product"}],"about":[{"href":"https:\/\/factory.sale\/fi\/wp-json\/wp\/v2\/types\/product"}],"replies":[{"embeddable":true,"href":"https:\/\/factory.sale\/fi\/wp-json\/wp\/v2\/comments?post=16689"}],"wp:featuredmedia":[{"embeddable":true,"href":"https:\/\/factory.sale\/fi\/wp-json\/wp\/v2\/media\/7392"}],"wp:attachment":[{"href":"https:\/\/factory.sale\/fi\/wp-json\/wp\/v2\/media?parent=16689"}],"wp:term":[{"taxonomy":"factory","embeddable":true,"href":"https:\/\/factory.sale\/fi\/wp-json\/wp\/v2\/factory?post=16689"},{"taxonomy":"free-shipment","embeddable":true,"href":"https:\/\/factory.sale\/fi\/wp-json\/wp\/v2\/free-shipment?post=16689"},{"taxonomy":"product_brand","embeddable":true,"href":"https:\/\/factory.sale\/fi\/wp-json\/wp\/v2\/product_brand?post=16689"},{"taxonomy":"product_cat","embeddable":true,"href":"https:\/\/factory.sale\/fi\/wp-json\/wp\/v2\/product_cat?post=16689"},{"taxonomy":"product_tag","embeddable":true,"href":"https:\/\/factory.sale\/fi\/wp-json\/wp\/v2\/product_tag?post=16689"}],"curies":[{"name":"wp","href":"https:\/\/api.w.org\/{rel}","templated":true}]}}